{"id":5770,"date":"2024-05-21T08:38:42","date_gmt":"2024-05-21T08:38:42","guid":{"rendered":"https:\/\/pfanstiehl.com\/quem-somos\/"},"modified":"2024-07-02T06:44:44","modified_gmt":"2024-07-02T06:44:44","slug":"quem-somos","status":"publish","type":"page","link":"https:\/\/pfanstiehl.com\/pt-pt\/quem-somos\/","title":{"rendered":"Quem Somos"},"content":{"rendered":"\t\t<div data-elementor-type=\"wp-page\" data-elementor-id=\"5770\" class=\"elementor elementor-5770 elementor-139\" data-elementor-post-type=\"page\">\n\t\t\t\t<div class=\"elementor-element elementor-element-116ecbc e-flex e-con-boxed e-con e-parent\" data-id=\"116ecbc\" data-element_type=\"container\">\n\t\t\t\t\t<div class=\"e-con-inner\">\n\t\t<div class=\"elementor-element elementor-element-46c128e e-flex e-con-boxed e-con e-child\" data-id=\"46c128e\" data-element_type=\"container\">\n\t\t\t\t\t<div class=\"e-con-inner\">\n\t\t\t\t<div class=\"elementor-element elementor-element-2042534 elementor-widget elementor-widget-heading\" data-id=\"2042534\" data-element_type=\"widget\" data-widget_type=\"heading.default\">\n\t\t\t\t<div class=\"elementor-widget-container\">\n\t\t\t<style>\/*! elementor - v3.23.0 - 05-08-2024 *\/\n.elementor-heading-title{padding:0;margin:0;line-height:1}.elementor-widget-heading .elementor-heading-title[class*=elementor-size-]>a{color:inherit;font-size:inherit;line-height:inherit}.elementor-widget-heading .elementor-heading-title.elementor-size-small{font-size:15px}.elementor-widget-heading .elementor-heading-title.elementor-size-medium{font-size:19px}.elementor-widget-heading .elementor-heading-title.elementor-size-large{font-size:29px}.elementor-widget-heading .elementor-heading-title.elementor-size-xl{font-size:39px}.elementor-widget-heading .elementor-heading-title.elementor-size-xxl{font-size:59px}<\/style><h1 class=\"elementor-heading-title elementor-size-default\">N\u00f3s somos Pfanstiehl<\/h1>\t\t<\/div>\n\t\t\t\t<\/div>\n\t\t\t\t<div class=\"elementor-element elementor-element-d69e3cc elementor-widget elementor-widget-text-editor\" data-id=\"d69e3cc\" data-element_type=\"widget\" data-widget_type=\"text-editor.default\">\n\t\t\t\t<div class=\"elementor-widget-container\">\n\t\t\t<style>\/*! elementor - v3.23.0 - 05-08-2024 *\/\n.elementor-widget-text-editor.elementor-drop-cap-view-stacked .elementor-drop-cap{background-color:#69727d;color:#fff}.elementor-widget-text-editor.elementor-drop-cap-view-framed .elementor-drop-cap{color:#69727d;border:3px solid;background-color:transparent}.elementor-widget-text-editor:not(.elementor-drop-cap-view-default) .elementor-drop-cap{margin-top:8px}.elementor-widget-text-editor:not(.elementor-drop-cap-view-default) .elementor-drop-cap-letter{width:1em;height:1em}.elementor-widget-text-editor .elementor-drop-cap{float:left;text-align:center;line-height:1;font-size:50px}.elementor-widget-text-editor .elementor-drop-cap-letter{display:inline-block}<\/style>\t\t\t\t<p>A Pfanstiehl \u00e9 reconhecida mundialmente como l\u00edder na fabrica\u00e7\u00e3o de excipientes de alta pureza cGMP, baixa endotoxina, baixo grau injet\u00e1vel de metal e componentes biofarmac\u00eauticos para v\u00e1rias aplica\u00e7\u00f5es em bioprocessamento, formula\u00e7\u00e3o e \u00e1reas especializadas. Al\u00e9m disso, a Pfanstiehl opera como uma organiza\u00e7\u00e3o proeminente de desenvolvimento de contrato e fabrica\u00e7\u00e3o (CDMO), especializada no isolamento, purifica\u00e7\u00e3o, s\u00edntese personalizada e desenvolvimento em escala de pequenas mol\u00e9culas de ingredientes farmac\u00eauticos ativos (APIs) que variam de gramas a quantidades comerciais de v\u00e1rias toneladas. Enquanto muitos fabricantes ou revendedores de ingredientes atendem a v\u00e1rias ind\u00fastrias, como alimentos, cosm\u00e9ticos, agricultura e suplementos nutricionais, fornecendo apenas uma gama limitada de ingredientes de &#8220;grau farmac\u00eautico&#8221;, o foco exclusivo da Pfanstiehl est\u00e1 nas aplica\u00e7\u00f5es biofarmac\u00eauticas, demonstrando um compromisso dedicado a este setor espec\u00edfico.<\/p>\n\t\t\t\t\t\t<\/div>\n\t\t\t\t<\/div>\n\t\t\t\t\t<\/div>\n\t\t\t\t<\/div>\n\t\t<div class=\"elementor-element elementor-element-38042dd e-flex e-con-boxed e-con e-child\" data-id=\"38042dd\" data-element_type=\"container\">\n\t\t\t\t\t<div class=\"e-con-inner\">\n\t\t\t\t<div class=\"elementor-element elementor-element-006a2c7 elementor-widget elementor-widget-image\" data-id=\"006a2c7\" data-element_type=\"widget\" data-widget_type=\"image.default\">\n\t\t\t\t<div class=\"elementor-widget-container\">\n\t\t\t<style>\/*! elementor - v3.23.0 - 05-08-2024 *\/\n.elementor-widget-image{text-align:center}.elementor-widget-image a{display:inline-block}.elementor-widget-image a img[src$=\".svg\"]{width:48px}.elementor-widget-image img{vertical-align:middle;display:inline-block}<\/style>\t\t\t\t\t\t\t\t\t\t<img fetchpriority=\"high\" decoding=\"async\" width=\"800\" height=\"420\" src=\"https:\/\/pfanstiehl.com\/wp-content\/uploads\/2024\/06\/who-we-are-1024x537.png\" class=\"attachment-large size-large wp-image-2191\" alt=\"\" srcset=\"https:\/\/pfanstiehl.com\/wp-content\/uploads\/2024\/06\/who-we-are-1024x537.png 1024w, https:\/\/pfanstiehl.com\/wp-content\/uploads\/2024\/06\/who-we-are-300x157.png 300w, https:\/\/pfanstiehl.com\/wp-content\/uploads\/2024\/06\/who-we-are-768x403.png 768w, https:\/\/pfanstiehl.com\/wp-content\/uploads\/2024\/06\/who-we-are-600x315.png 600w, https:\/\/pfanstiehl.com\/wp-content\/uploads\/2024\/06\/who-we-are.png 1140w\" sizes=\"(max-width: 800px) 100vw, 800px\" \/>\t\t\t\t\t\t\t\t\t\t\t\t\t<\/div>\n\t\t\t\t<\/div>\n\t\t\t\t\t<\/div>\n\t\t\t\t<\/div>\n\t\t\t\t\t<\/div>\n\t\t\t\t<\/div>\n\t\t<div class=\"elementor-element elementor-element-14859f3 e-flex e-con-boxed e-con e-parent\" data-id=\"14859f3\" data-element_type=\"container\">\n\t\t\t\t\t<div class=\"e-con-inner\">\n\t\t\t\t<div class=\"elementor-element elementor-element-ca991a7 elementor-widget elementor-widget-text-editor\" data-id=\"ca991a7\" data-element_type=\"widget\" data-widget_type=\"text-editor.default\">\n\t\t\t\t<div class=\"elementor-widget-container\">\n\t\t\t\t\t\t\t<h3>Fabricado nos Estados Unidos da Am\u00e9rica<\/h3>\n<p>Todos os produtos da Pfanstiehl s\u00e3o fabricados nos EUA em suas instala\u00e7\u00f5es em Waukegan, Illinois, que adere aos padr\u00f5es ICH Q7 e \u00e9 inspecionado e aprovado pela FDA dos EUA. A instala\u00e7\u00e3o est\u00e1 convenientemente localizada a 35 minutos ao norte do aeroporto O&#8217;Hare e da cidade de Chicago.<\/p>\n\t\t\t\t\t\t<\/div>\n\t\t\t\t<\/div>\n\t\t\t\t<div class=\"elementor-element elementor-element-a2de307 elementor-widget elementor-widget-text-editor\" data-id=\"a2de307\" data-element_type=\"widget\" data-widget_type=\"text-editor.default\">\n\t\t\t\t<div class=\"elementor-widget-container\">\n\t\t\t\t\t\t\t<h3>100+ Anos de Inova\u00e7\u00e3o<\/h3>\n<p>Fundada em 1919, a Pfanstiehl celebra seu legado de 104 anos como l\u00edder em carboidratos e qu\u00edmica de processos. Nossa clientela \u00e9 composta pelas principais empresas biofarmac\u00eauticas, de vacinas e farmac\u00eauticas do mundo. Nossos produtos desempenham pap\u00e9is integrais em medicamentos l\u00edderes de mercado que abordam doen\u00e7as debilitantes e potencialmente fatais, como c\u00e2ncer, artrite reumatoide, DSTs e diabetes, bem como em plataformas de vacinas de ponta, incluindo mRNA, vacinas baseadas em vetores virais ou vacinas tradicionais baseadas em prote\u00ednas.<\/p>\n\t\t\t\t\t\t<\/div>\n\t\t\t\t<\/div>\n\t\t\t\t<div class=\"elementor-element elementor-element-14fba23 elementor-widget elementor-widget-text-editor\" data-id=\"14fba23\" data-element_type=\"widget\" data-widget_type=\"text-editor.default\">\n\t\t\t\t<div class=\"elementor-widget-container\">\n\t\t\t\t\t\t\t<h3>Qualidade, Pureza, Seguran\u00e7a<\/h3>\n<p>As crescentes exig\u00eancias regulat\u00f3rias e de qualidade favorecem fabricantes biofarmac\u00eauticos e farmac\u00eauticos de alta integridade, como a Pfanstiehl, conhecida por seus produtos de alta pureza, controles robustos de cGMP e reputa\u00e7\u00e3o confi\u00e1vel com ag\u00eancias reguladoras como a FDA. Na Pfanstiehl, nosso trabalho \u00e9 impulsionado por um compromisso com a qualidade do produto e a seguran\u00e7a ambiental\/do trabalhador. Projetamos e equipamos meticulosamente nossas instala\u00e7\u00f5es, elaboramos procedimentos e treinamos nossa for\u00e7a de trabalho para n\u00e3o apenas atender, mas exceder os padr\u00f5es regulat\u00f3rios e multicomp\u00eandios dos EUA, cGMP, OSHA e internacionais. Qualidade, pureza e seguran\u00e7a dos pacientes, juntamente com a garantia da seguran\u00e7a de Excipientes Biofarmac\u00eauticos cr\u00edticos, constituem os valores fundamentais da Pfanstiehl, com os quais estamos profundamente comprometidos.<\/p>\n\t\t\t\t\t\t<\/div>\n\t\t\t\t<\/div>\n\t\t\t\t\t<\/div>\n\t\t\t\t<\/div>\n\t\t\t\t<\/div>\n\t\t","protected":false},"excerpt":{"rendered":"<p>N\u00f3s somos Pfanstiehl A Pfanstiehl \u00e9 reconhecida mundialmente como l\u00edder na fabrica\u00e7\u00e3o de excipientes de alta pureza cGMP, baixa endotoxina, baixo grau injet\u00e1vel de metal e componentes biofarmac\u00eauticos para v\u00e1rias aplica\u00e7\u00f5es em bioprocessamento, formula\u00e7\u00e3o e \u00e1reas especializadas. Al\u00e9m disso, a Pfanstiehl opera como uma organiza\u00e7\u00e3o proeminente de desenvolvimento de contrato e fabrica\u00e7\u00e3o (CDMO), especializada no [&hellip;]<\/p>\n","protected":false},"author":1,"featured_media":0,"parent":0,"menu_order":0,"comment_status":"closed","ping_status":"closed","template":"elementor_header_footer","meta":{"om_disable_all_campaigns":false,"_monsterinsights_skip_tracking":false,"_monsterinsights_sitenote_active":false,"_monsterinsights_sitenote_note":"","_monsterinsights_sitenote_category":0,"_uf_show_specific_survey":0,"_uf_disable_surveys":false,"footnotes":""},"class_list":["post-5770","page","type-page","status-publish","hentry"],"yoast_head":"<!-- This site is optimized with the Yoast SEO plugin v27.3 - https:\/\/yoast.com\/product\/yoast-seo-wordpress\/ -->\n<title>Quem Somos - Pfanstiehl<\/title>\n<meta name=\"robots\" content=\"index, follow, max-snippet:-1, max-image-preview:large, max-video-preview:-1\" \/>\n<link rel=\"canonical\" href=\"https:\/\/pfanstiehl.com\/pt-pt\/quem-somos\/\" \/>\n<meta property=\"og:locale\" content=\"pt_PT\" \/>\n<meta property=\"og:type\" content=\"article\" \/>\n<meta property=\"og:title\" content=\"Quem Somos - Pfanstiehl\" \/>\n<meta property=\"og:description\" content=\"N\u00f3s somos Pfanstiehl A Pfanstiehl \u00e9 reconhecida mundialmente como l\u00edder na fabrica\u00e7\u00e3o de excipientes de alta pureza cGMP, baixa endotoxina, baixo grau injet\u00e1vel de metal e componentes biofarmac\u00eauticos para v\u00e1rias aplica\u00e7\u00f5es em bioprocessamento, formula\u00e7\u00e3o e \u00e1reas especializadas. Al\u00e9m disso, a Pfanstiehl opera como uma organiza\u00e7\u00e3o proeminente de desenvolvimento de contrato e fabrica\u00e7\u00e3o (CDMO), especializada no [&hellip;]\" \/>\n<meta property=\"og:url\" content=\"https:\/\/pfanstiehl.com\/pt-pt\/quem-somos\/\" \/>\n<meta property=\"og:site_name\" content=\"Pfanstiehl\" \/>\n<meta property=\"article:modified_time\" content=\"2024-07-02T06:44:44+00:00\" \/>\n<meta property=\"og:image\" content=\"https:\/\/pfanstiehl.com\/wp-content\/uploads\/2024\/06\/who-we-are-1024x537.png\" \/>\n<meta name=\"twitter:card\" content=\"summary_large_image\" \/>\n<meta name=\"twitter:label1\" content=\"Tempo estimado de leitura\" \/>\n\t<meta name=\"twitter:data1\" content=\"2 minutos\" \/>\n<script type=\"application\/ld+json\" class=\"yoast-schema-graph\">{\"@context\":\"https:\\\/\\\/schema.org\",\"@graph\":[{\"@type\":\"WebPage\",\"@id\":\"https:\\\/\\\/pfanstiehl.com\\\/pt-pt\\\/quem-somos\\\/\",\"url\":\"https:\\\/\\\/pfanstiehl.com\\\/pt-pt\\\/quem-somos\\\/\",\"name\":\"Quem Somos - Pfanstiehl\",\"isPartOf\":{\"@id\":\"https:\\\/\\\/pfanstiehl.com\\\/pt-pt\\\/#website\"},\"primaryImageOfPage\":{\"@id\":\"https:\\\/\\\/pfanstiehl.com\\\/pt-pt\\\/quem-somos\\\/#primaryimage\"},\"image\":{\"@id\":\"https:\\\/\\\/pfanstiehl.com\\\/pt-pt\\\/quem-somos\\\/#primaryimage\"},\"thumbnailUrl\":\"https:\\\/\\\/pfanstiehl.com\\\/wp-content\\\/uploads\\\/2024\\\/06\\\/who-we-are-1024x537.png\",\"datePublished\":\"2024-05-21T08:38:42+00:00\",\"dateModified\":\"2024-07-02T06:44:44+00:00\",\"breadcrumb\":{\"@id\":\"https:\\\/\\\/pfanstiehl.com\\\/pt-pt\\\/quem-somos\\\/#breadcrumb\"},\"inLanguage\":\"pt-PT\",\"potentialAction\":[{\"@type\":\"ReadAction\",\"target\":[\"https:\\\/\\\/pfanstiehl.com\\\/pt-pt\\\/quem-somos\\\/\"]}]},{\"@type\":\"ImageObject\",\"inLanguage\":\"pt-PT\",\"@id\":\"https:\\\/\\\/pfanstiehl.com\\\/pt-pt\\\/quem-somos\\\/#primaryimage\",\"url\":\"https:\\\/\\\/pfanstiehl.com\\\/wp-content\\\/uploads\\\/2024\\\/06\\\/who-we-are-1024x537.png\",\"contentUrl\":\"https:\\\/\\\/pfanstiehl.com\\\/wp-content\\\/uploads\\\/2024\\\/06\\\/who-we-are-1024x537.png\"},{\"@type\":\"BreadcrumbList\",\"@id\":\"https:\\\/\\\/pfanstiehl.com\\\/pt-pt\\\/quem-somos\\\/#breadcrumb\",\"itemListElement\":[{\"@type\":\"ListItem\",\"position\":1,\"name\":\"Home\",\"item\":\"https:\\\/\\\/pfanstiehl.com\\\/pt-pt\\\/\"},{\"@type\":\"ListItem\",\"position\":2,\"name\":\"Quem Somos\"}]},{\"@type\":\"WebSite\",\"@id\":\"https:\\\/\\\/pfanstiehl.com\\\/pt-pt\\\/#website\",\"url\":\"https:\\\/\\\/pfanstiehl.com\\\/pt-pt\\\/\",\"name\":\"Pfanstiehl\",\"description\":\"\",\"publisher\":{\"@id\":\"https:\\\/\\\/pfanstiehl.com\\\/pt-pt\\\/#organization\"},\"potentialAction\":[{\"@type\":\"SearchAction\",\"target\":{\"@type\":\"EntryPoint\",\"urlTemplate\":\"https:\\\/\\\/pfanstiehl.com\\\/pt-pt\\\/?s={search_term_string}\"},\"query-input\":{\"@type\":\"PropertyValueSpecification\",\"valueRequired\":true,\"valueName\":\"search_term_string\"}}],\"inLanguage\":\"pt-PT\"},{\"@type\":\"Organization\",\"@id\":\"https:\\\/\\\/pfanstiehl.com\\\/pt-pt\\\/#organization\",\"name\":\"Pfanstiehl\",\"url\":\"https:\\\/\\\/pfanstiehl.com\\\/pt-pt\\\/\",\"logo\":{\"@type\":\"ImageObject\",\"inLanguage\":\"pt-PT\",\"@id\":\"https:\\\/\\\/pfanstiehl.com\\\/pt-pt\\\/#\\\/schema\\\/logo\\\/image\\\/\",\"url\":\"https:\\\/\\\/pfanstiehl.com\\\/wp-content\\\/uploads\\\/2024\\\/06\\\/logo.png\",\"contentUrl\":\"https:\\\/\\\/pfanstiehl.com\\\/wp-content\\\/uploads\\\/2024\\\/06\\\/logo.png\",\"width\":600,\"height\":85,\"caption\":\"Pfanstiehl\"},\"image\":{\"@id\":\"https:\\\/\\\/pfanstiehl.com\\\/pt-pt\\\/#\\\/schema\\\/logo\\\/image\\\/\"}}]}<\/script>\n<!-- \/ Yoast SEO plugin. -->","yoast_head_json":{"title":"Quem Somos - Pfanstiehl","robots":{"index":"index","follow":"follow","max-snippet":"max-snippet:-1","max-image-preview":"max-image-preview:large","max-video-preview":"max-video-preview:-1"},"canonical":"https:\/\/pfanstiehl.com\/pt-pt\/quem-somos\/","og_locale":"pt_PT","og_type":"article","og_title":"Quem Somos - Pfanstiehl","og_description":"N\u00f3s somos Pfanstiehl A Pfanstiehl \u00e9 reconhecida mundialmente como l\u00edder na fabrica\u00e7\u00e3o de excipientes de alta pureza cGMP, baixa endotoxina, baixo grau injet\u00e1vel de metal e componentes biofarmac\u00eauticos para v\u00e1rias aplica\u00e7\u00f5es em bioprocessamento, formula\u00e7\u00e3o e \u00e1reas especializadas. Al\u00e9m disso, a Pfanstiehl opera como uma organiza\u00e7\u00e3o proeminente de desenvolvimento de contrato e fabrica\u00e7\u00e3o (CDMO), especializada no [&hellip;]","og_url":"https:\/\/pfanstiehl.com\/pt-pt\/quem-somos\/","og_site_name":"Pfanstiehl","article_modified_time":"2024-07-02T06:44:44+00:00","og_image":[{"url":"https:\/\/pfanstiehl.com\/wp-content\/uploads\/2024\/06\/who-we-are-1024x537.png","type":"","width":"","height":""}],"twitter_card":"summary_large_image","twitter_misc":{"Tempo estimado de leitura":"2 minutos"},"schema":{"@context":"https:\/\/schema.org","@graph":[{"@type":"WebPage","@id":"https:\/\/pfanstiehl.com\/pt-pt\/quem-somos\/","url":"https:\/\/pfanstiehl.com\/pt-pt\/quem-somos\/","name":"Quem Somos - Pfanstiehl","isPartOf":{"@id":"https:\/\/pfanstiehl.com\/pt-pt\/#website"},"primaryImageOfPage":{"@id":"https:\/\/pfanstiehl.com\/pt-pt\/quem-somos\/#primaryimage"},"image":{"@id":"https:\/\/pfanstiehl.com\/pt-pt\/quem-somos\/#primaryimage"},"thumbnailUrl":"https:\/\/pfanstiehl.com\/wp-content\/uploads\/2024\/06\/who-we-are-1024x537.png","datePublished":"2024-05-21T08:38:42+00:00","dateModified":"2024-07-02T06:44:44+00:00","breadcrumb":{"@id":"https:\/\/pfanstiehl.com\/pt-pt\/quem-somos\/#breadcrumb"},"inLanguage":"pt-PT","potentialAction":[{"@type":"ReadAction","target":["https:\/\/pfanstiehl.com\/pt-pt\/quem-somos\/"]}]},{"@type":"ImageObject","inLanguage":"pt-PT","@id":"https:\/\/pfanstiehl.com\/pt-pt\/quem-somos\/#primaryimage","url":"https:\/\/pfanstiehl.com\/wp-content\/uploads\/2024\/06\/who-we-are-1024x537.png","contentUrl":"https:\/\/pfanstiehl.com\/wp-content\/uploads\/2024\/06\/who-we-are-1024x537.png"},{"@type":"BreadcrumbList","@id":"https:\/\/pfanstiehl.com\/pt-pt\/quem-somos\/#breadcrumb","itemListElement":[{"@type":"ListItem","position":1,"name":"Home","item":"https:\/\/pfanstiehl.com\/pt-pt\/"},{"@type":"ListItem","position":2,"name":"Quem Somos"}]},{"@type":"WebSite","@id":"https:\/\/pfanstiehl.com\/pt-pt\/#website","url":"https:\/\/pfanstiehl.com\/pt-pt\/","name":"Pfanstiehl","description":"","publisher":{"@id":"https:\/\/pfanstiehl.com\/pt-pt\/#organization"},"potentialAction":[{"@type":"SearchAction","target":{"@type":"EntryPoint","urlTemplate":"https:\/\/pfanstiehl.com\/pt-pt\/?s={search_term_string}"},"query-input":{"@type":"PropertyValueSpecification","valueRequired":true,"valueName":"search_term_string"}}],"inLanguage":"pt-PT"},{"@type":"Organization","@id":"https:\/\/pfanstiehl.com\/pt-pt\/#organization","name":"Pfanstiehl","url":"https:\/\/pfanstiehl.com\/pt-pt\/","logo":{"@type":"ImageObject","inLanguage":"pt-PT","@id":"https:\/\/pfanstiehl.com\/pt-pt\/#\/schema\/logo\/image\/","url":"https:\/\/pfanstiehl.com\/wp-content\/uploads\/2024\/06\/logo.png","contentUrl":"https:\/\/pfanstiehl.com\/wp-content\/uploads\/2024\/06\/logo.png","width":600,"height":85,"caption":"Pfanstiehl"},"image":{"@id":"https:\/\/pfanstiehl.com\/pt-pt\/#\/schema\/logo\/image\/"}}]}},"_links":{"self":[{"href":"https:\/\/pfanstiehl.com\/pt-pt\/wp-json\/wp\/v2\/pages\/5770","targetHints":{"allow":["GET"]}}],"collection":[{"href":"https:\/\/pfanstiehl.com\/pt-pt\/wp-json\/wp\/v2\/pages"}],"about":[{"href":"https:\/\/pfanstiehl.com\/pt-pt\/wp-json\/wp\/v2\/types\/page"}],"author":[{"embeddable":true,"href":"https:\/\/pfanstiehl.com\/pt-pt\/wp-json\/wp\/v2\/users\/1"}],"replies":[{"embeddable":true,"href":"https:\/\/pfanstiehl.com\/pt-pt\/wp-json\/wp\/v2\/comments?post=5770"}],"version-history":[{"count":1,"href":"https:\/\/pfanstiehl.com\/pt-pt\/wp-json\/wp\/v2\/pages\/5770\/revisions"}],"predecessor-version":[{"id":5773,"href":"https:\/\/pfanstiehl.com\/pt-pt\/wp-json\/wp\/v2\/pages\/5770\/revisions\/5773"}],"wp:attachment":[{"href":"https:\/\/pfanstiehl.com\/pt-pt\/wp-json\/wp\/v2\/media?parent=5770"}],"curies":[{"name":"wp","href":"https:\/\/api.w.org\/{rel}","templated":true}]}}