{"id":5100,"date":"2024-05-21T08:52:34","date_gmt":"2024-05-21T08:52:34","guid":{"rendered":"https:\/\/pfanstiehl.com\/historia\/"},"modified":"2024-07-03T05:49:46","modified_gmt":"2024-07-03T05:49:46","slug":"historia","status":"publish","type":"page","link":"https:\/\/pfanstiehl.com\/pt-pt\/historia\/","title":{"rendered":"Hist\u00f3ria"},"content":{"rendered":"\t\t<div data-elementor-type=\"wp-page\" data-elementor-id=\"5100\" class=\"elementor elementor-5100 elementor-179\" data-elementor-post-type=\"page\">\n\t\t\t\t<div class=\"elementor-element elementor-element-987f35b e-flex e-con-boxed e-con e-parent\" data-id=\"987f35b\" data-element_type=\"container\">\n\t\t\t\t\t<div class=\"e-con-inner\">\n\t\t<div class=\"elementor-element elementor-element-51e1d95 e-flex e-con-boxed e-con e-child\" data-id=\"51e1d95\" data-element_type=\"container\">\n\t\t\t\t\t<div class=\"e-con-inner\">\n\t\t\t\t<div class=\"elementor-element elementor-element-175241b elementor-widget elementor-widget-heading\" data-id=\"175241b\" data-element_type=\"widget\" data-widget_type=\"heading.default\">\n\t\t\t\t<div class=\"elementor-widget-container\">\n\t\t\t<style>\/*! elementor - v3.23.0 - 05-08-2024 *\/\n.elementor-heading-title{padding:0;margin:0;line-height:1}.elementor-widget-heading .elementor-heading-title[class*=elementor-size-]>a{color:inherit;font-size:inherit;line-height:inherit}.elementor-widget-heading .elementor-heading-title.elementor-size-small{font-size:15px}.elementor-widget-heading .elementor-heading-title.elementor-size-medium{font-size:19px}.elementor-widget-heading .elementor-heading-title.elementor-size-large{font-size:29px}.elementor-widget-heading .elementor-heading-title.elementor-size-xl{font-size:39px}.elementor-widget-heading .elementor-heading-title.elementor-size-xxl{font-size:59px}<\/style><h1 class=\"elementor-heading-title elementor-size-default\">Uma hist\u00f3ria de inova\u00e7\u00e3o<\/h1>\t\t<\/div>\n\t\t\t\t<\/div>\n\t\t\t\t<div class=\"elementor-element elementor-element-fc4349b elementor-widget elementor-widget-text-editor\" data-id=\"fc4349b\" data-element_type=\"widget\" data-widget_type=\"text-editor.default\">\n\t\t\t\t<div class=\"elementor-widget-container\">\n\t\t\t<style>\/*! elementor - v3.23.0 - 05-08-2024 *\/\n.elementor-widget-text-editor.elementor-drop-cap-view-stacked .elementor-drop-cap{background-color:#69727d;color:#fff}.elementor-widget-text-editor.elementor-drop-cap-view-framed .elementor-drop-cap{color:#69727d;border:3px solid;background-color:transparent}.elementor-widget-text-editor:not(.elementor-drop-cap-view-default) .elementor-drop-cap{margin-top:8px}.elementor-widget-text-editor:not(.elementor-drop-cap-view-default) .elementor-drop-cap-letter{width:1em;height:1em}.elementor-widget-text-editor .elementor-drop-cap{float:left;text-align:center;line-height:1;font-size:50px}.elementor-widget-text-editor .elementor-drop-cap-letter{display:inline-block}<\/style>\t\t\t\t<p><strong>2022<\/strong><br \/>A Pfanstiehl completa uma expans\u00e3o significativa da capacidade de fabrica\u00e7\u00e3o para atender \u00e0 demanda do mercado por excipientes de alta qualidade.<\/p>\n<\/p>\n<p><strong>2020<\/strong><br \/>Como parte integrante do Projeto Warp Speed, Pfanstiehl institui medidas de controle de infe\u00e7\u00e3o para continuar fabricando excipientes de carboidratos cr\u00edticos necess\u00e1rios para produzir a vacina COVID. Durante toda a pandemia, os funcion\u00e1rios da Pfanstiehl trabalharam diligentemente sem interrup\u00e7\u00e3o para atender \u00e0 demanda sem precedentes por componentes de vacinas.<\/p>\n\t\t\t\t\t\t<\/div>\n\t\t\t\t<\/div>\n\t\t\t\t\t<\/div>\n\t\t\t\t<\/div>\n\t\t<div class=\"elementor-element elementor-element-c80a74e e-flex e-con-boxed e-con e-child\" data-id=\"c80a74e\" data-element_type=\"container\">\n\t\t\t\t\t<div class=\"e-con-inner\">\n\t\t\t\t<div class=\"elementor-element elementor-element-6ef0661 elementor-widget elementor-widget-image\" data-id=\"6ef0661\" data-element_type=\"widget\" data-widget_type=\"image.default\">\n\t\t\t\t<div class=\"elementor-widget-container\">\n\t\t\t<style>\/*! elementor - v3.23.0 - 05-08-2024 *\/\n.elementor-widget-image{text-align:center}.elementor-widget-image a{display:inline-block}.elementor-widget-image a img[src$=\".svg\"]{width:48px}.elementor-widget-image img{vertical-align:middle;display:inline-block}<\/style>\t\t\t\t\t\t\t\t\t\t<img fetchpriority=\"high\" decoding=\"async\" width=\"800\" height=\"569\" src=\"https:\/\/pfanstiehl.com\/wp-content\/uploads\/2024\/06\/history.png\" class=\"attachment-large size-large wp-image-2189\" alt=\"\" srcset=\"https:\/\/pfanstiehl.com\/wp-content\/uploads\/2024\/06\/history.png 985w, https:\/\/pfanstiehl.com\/wp-content\/uploads\/2024\/06\/history-300x213.png 300w, https:\/\/pfanstiehl.com\/wp-content\/uploads\/2024\/06\/history-768x546.png 768w, https:\/\/pfanstiehl.com\/wp-content\/uploads\/2024\/06\/history-600x426.png 600w\" sizes=\"(max-width: 800px) 100vw, 800px\" \/>\t\t\t\t\t\t\t\t\t\t\t\t\t<\/div>\n\t\t\t\t<\/div>\n\t\t\t\t\t<\/div>\n\t\t\t\t<\/div>\n\t\t\t\t\t<\/div>\n\t\t\t\t<\/div>\n\t\t<div class=\"elementor-element elementor-element-54dc1f8 e-flex e-con-boxed e-con e-child\" data-id=\"54dc1f8\" data-element_type=\"container\">\n\t\t\t\t\t<div class=\"e-con-inner\">\n\t\t\t\t<div class=\"elementor-element elementor-element-4fa9182 elementor-widget elementor-widget-text-editor\" data-id=\"4fa9182\" data-element_type=\"widget\" data-widget_type=\"text-editor.default\">\n\t\t\t\t<div class=\"elementor-widget-container\">\n\t\t\t\t\t\t\t<p><strong>2015<\/strong><br \/>A Pfanstiehl expande-se com a abertura de escrit\u00f3rios na Su\u00ed\u00e7a e Singapura.<\/p>\n<\/p>\n<p><strong>2006<\/strong><br \/>Constru\u00e7\u00e3o de novos e ampliados Laborat\u00f3rios de Testes Anal\u00edticos e Laborat\u00f3rios de Desenvolvimento e Valida\u00e7\u00e3o de M\u00e9todos Novas instala\u00e7\u00f5es de Kilo Lab e Planta Piloto come\u00e7am a apoiar Servi\u00e7os de S\u00edntese Personalizada e Fabrica\u00e7\u00e3o HPS (Fase I)<\/p>\n<\/p>\n<p><strong>2003<\/strong><br \/>O Isolador de S\u00edntese foi adicionado \u00e0 instala\u00e7\u00e3o de fabrica\u00e7\u00e3o de Subst\u00e2ncias de Alta Pot\u00eancia (HPS) para acomodar programas adicionais de desenvolvimento de candidatos a medicamentos oncol\u00f3gicos em fase inicial.<\/p>\n<\/p>\n<p><strong>2001<\/strong><br \/>Instala\u00e7\u00e3o e pr\u00e1ticas de fabrica\u00e7\u00e3o de subst\u00e2ncias de alta pot\u00eancia (HPS) certificadas pela SafeBridge Consultants, Inc.<\/p>\n<\/p>\n<p><strong>2000<\/strong><br \/>Pfanstiehl torna-se uma subsidi\u00e1ria integral da Ferro Corporation, um grande produtor internacional de materiais de desempenho para a ind\u00fastria, incluindo revestimentos, qu\u00edmica fina e aditivos de pol\u00edmeros. Aquisi\u00e7\u00e3o pela Ferro intensifica expans\u00e3o da infraestrutura t\u00e9cnica e de capital.<\/p>\n<\/p>\n<p><strong>1999<\/strong><br \/>Nova instala\u00e7\u00e3o de fabrica\u00e7\u00e3o de subst\u00e2ncias de alta pot\u00eancia (HPS) em escala comercial multiuso constru\u00edda. Otimizada para isolamento\/conten\u00e7\u00e3o de produtos e controle centralizado de processos, a instala\u00e7\u00e3o expande as capacidades da Pfanstiehl para processar APIs e intermedi\u00e1rios t\u00f3xicos e citot\u00f3xicos.<\/p>\n<\/p>\n<p><strong>1977<\/strong><br \/>A Pfanstiehl faz parceria com a Abbott Laboratories para desenvolver um processo de produ\u00e7\u00e3o de fosfolip\u00eddio de gema de ovo (lecitina de ovo) para uso em uma formula\u00e7\u00e3o de nutri\u00e7\u00e3o parenteral.<\/p>\n<\/p>\n<p><strong>1973<\/strong><br \/>Pfanstiehl estabelece seu primeiro Arquivo Mestre de Medicamentos Tipo II com a Administra\u00e7\u00e3o de Alimentos e Medicamentos dos EUA para um cliente farmac\u00eautico<\/p>\n<\/p>\n<p><strong>1962<\/strong><br \/>Pfanstiehl come\u00e7a a produzir solu\u00e7\u00f5es de lactato de s\u00f3dio e cloridrato de glucosamina, marcando a entrada na produ\u00e7\u00e3o de compostos farmac\u00eauticos e intermedi\u00e1rios.<\/p>\n<\/p>\n<p><strong>1959<\/strong><br \/>A Pfanstiel expande significativamente a capacidade e as capacidades, mudando-se para o seu endere\u00e7o atual em Waukegan, IL. O edif\u00edcio original ocupado na Glen Rock Avenue continua a abrigar a produ\u00e7\u00e3o qu\u00edmica fina Pfanstiehl.<\/p>\n<\/p>\n<p><strong>1954<\/strong><br \/>Babson vende a divis\u00e3o de qu\u00edmica fina para Arthur Holstein e o qu\u00edmico de carboidratos Dr. Waldersee Hendrey, que ent\u00e3o batizam sua empresa de Pfanstiehl Laboratories, Inc. Pfanstiehl come\u00e7a a produzir produtos qu\u00edmicos finos em grandes volumes e come\u00e7a a fornecer bioqu\u00edmicos a granel para revendedores de cat\u00e1logo. O foco do produto muda para carboidratos e produtos qu\u00edmicos org\u00e2nicos relacionados.<\/p>\n<\/p>\n<p><strong>1947<\/strong><br \/>Arthur G. Holstein, qu\u00edmico e detentor de cinco patentes de processamento bioqu\u00edmico, junta-se \u00e0 Pfanstiehl, gerindo a divis\u00e3o de qu\u00edmica fina.<\/p>\n<\/p>\n<p><strong>1942<\/strong><br \/>A Pfanstiehl Chemical torna-se uma subsidi\u00e1ria da Babson, operando tr\u00eas divis\u00f5es separadas: qu\u00edmica fina, produtos metal\u00fargicos e produtos de saneamento l\u00e1cteo.<\/p>\n<\/p>\n<p><strong>1930<\/strong><br \/>Babson Brothers, Inc., um fabricante e distribuidor de suprimentos para a ind\u00fastria de latic\u00ednios da \u00e1rea de Chicago, junta-se \u00e0 Pfanstiehl, ajudando com suporte financeiro e de gest\u00e3o. A Special Chemicals Company \u00e9 renomeada Pfanstiehl Chemical Corporation e se muda para Waukegan, Illinois.<\/p>\n<\/p>\n<p><strong>1919<\/strong><br \/>Com a ajuda do dinheiro inicial do governo dos EUA, a Special Chemicals Corporation \u00e9 fundada por Carl Pfanstiehl no est\u00e1bulo atr\u00e1s de sua casa. Ele come\u00e7a a fornecer carboidratos de alta pureza, amino\u00e1cidos e enzimas para laborat\u00f3rios anal\u00edticos e hospitais.<\/p>\n\t\t\t\t\t\t<\/div>\n\t\t\t\t<\/div>\n\t\t\t\t\t<\/div>\n\t\t\t\t<\/div>\n\t\t\t\t<\/div>\n\t\t","protected":false},"excerpt":{"rendered":"<p>Uma hist\u00f3ria de inova\u00e7\u00e3o 2022A Pfanstiehl completa uma expans\u00e3o significativa da capacidade de fabrica\u00e7\u00e3o para atender \u00e0 demanda do mercado por excipientes de alta qualidade. 2020Como parte integrante do Projeto Warp Speed, Pfanstiehl institui medidas de controle de infe\u00e7\u00e3o para continuar fabricando excipientes de carboidratos cr\u00edticos necess\u00e1rios para produzir a vacina COVID. Durante toda a [&hellip;]<\/p>\n","protected":false},"author":1,"featured_media":0,"parent":0,"menu_order":0,"comment_status":"closed","ping_status":"closed","template":"elementor_header_footer","meta":{"om_disable_all_campaigns":false,"_monsterinsights_skip_tracking":false,"_monsterinsights_sitenote_active":false,"_monsterinsights_sitenote_note":"","_monsterinsights_sitenote_category":0,"_uf_show_specific_survey":0,"_uf_disable_surveys":false,"footnotes":""},"class_list":["post-5100","page","type-page","status-publish","hentry"],"yoast_head":"<!-- This site is optimized with the Yoast SEO plugin v27.3 - https:\/\/yoast.com\/product\/yoast-seo-wordpress\/ -->\n<title>Hist\u00f3ria - Pfanstiehl<\/title>\n<meta name=\"robots\" content=\"index, follow, max-snippet:-1, max-image-preview:large, max-video-preview:-1\" \/>\n<link rel=\"canonical\" href=\"https:\/\/pfanstiehl.com\/pt-pt\/historia\/\" \/>\n<meta property=\"og:locale\" content=\"pt_PT\" \/>\n<meta property=\"og:type\" content=\"article\" \/>\n<meta property=\"og:title\" content=\"Hist\u00f3ria - Pfanstiehl\" \/>\n<meta property=\"og:description\" content=\"Uma hist\u00f3ria de inova\u00e7\u00e3o 2022A Pfanstiehl completa uma expans\u00e3o significativa da capacidade de fabrica\u00e7\u00e3o para atender \u00e0 demanda do mercado por excipientes de alta qualidade. 2020Como parte integrante do Projeto Warp Speed, Pfanstiehl institui medidas de controle de infe\u00e7\u00e3o para continuar fabricando excipientes de carboidratos cr\u00edticos necess\u00e1rios para produzir a vacina COVID. Durante toda a [&hellip;]\" \/>\n<meta property=\"og:url\" content=\"https:\/\/pfanstiehl.com\/pt-pt\/historia\/\" \/>\n<meta property=\"og:site_name\" content=\"Pfanstiehl\" \/>\n<meta property=\"article:modified_time\" content=\"2024-07-03T05:49:46+00:00\" \/>\n<meta property=\"og:image\" content=\"https:\/\/pfanstiehl.com\/wp-content\/uploads\/2024\/06\/history.png\" \/>\n<meta name=\"twitter:card\" content=\"summary_large_image\" \/>\n<meta name=\"twitter:label1\" content=\"Tempo estimado de leitura\" \/>\n\t<meta name=\"twitter:data1\" content=\"3 minutos\" \/>\n<script type=\"application\/ld+json\" class=\"yoast-schema-graph\">{\"@context\":\"https:\\\/\\\/schema.org\",\"@graph\":[{\"@type\":\"WebPage\",\"@id\":\"https:\\\/\\\/pfanstiehl.com\\\/pt-pt\\\/historia\\\/\",\"url\":\"https:\\\/\\\/pfanstiehl.com\\\/pt-pt\\\/historia\\\/\",\"name\":\"Hist\u00f3ria - Pfanstiehl\",\"isPartOf\":{\"@id\":\"https:\\\/\\\/pfanstiehl.com\\\/pt-pt\\\/#website\"},\"primaryImageOfPage\":{\"@id\":\"https:\\\/\\\/pfanstiehl.com\\\/pt-pt\\\/historia\\\/#primaryimage\"},\"image\":{\"@id\":\"https:\\\/\\\/pfanstiehl.com\\\/pt-pt\\\/historia\\\/#primaryimage\"},\"thumbnailUrl\":\"https:\\\/\\\/pfanstiehl.com\\\/wp-content\\\/uploads\\\/2024\\\/06\\\/history.png\",\"datePublished\":\"2024-05-21T08:52:34+00:00\",\"dateModified\":\"2024-07-03T05:49:46+00:00\",\"breadcrumb\":{\"@id\":\"https:\\\/\\\/pfanstiehl.com\\\/pt-pt\\\/historia\\\/#breadcrumb\"},\"inLanguage\":\"pt-PT\",\"potentialAction\":[{\"@type\":\"ReadAction\",\"target\":[\"https:\\\/\\\/pfanstiehl.com\\\/pt-pt\\\/historia\\\/\"]}]},{\"@type\":\"ImageObject\",\"inLanguage\":\"pt-PT\",\"@id\":\"https:\\\/\\\/pfanstiehl.com\\\/pt-pt\\\/historia\\\/#primaryimage\",\"url\":\"https:\\\/\\\/pfanstiehl.com\\\/wp-content\\\/uploads\\\/2024\\\/06\\\/history.png\",\"contentUrl\":\"https:\\\/\\\/pfanstiehl.com\\\/wp-content\\\/uploads\\\/2024\\\/06\\\/history.png\"},{\"@type\":\"BreadcrumbList\",\"@id\":\"https:\\\/\\\/pfanstiehl.com\\\/pt-pt\\\/historia\\\/#breadcrumb\",\"itemListElement\":[{\"@type\":\"ListItem\",\"position\":1,\"name\":\"Home\",\"item\":\"https:\\\/\\\/pfanstiehl.com\\\/pt-pt\\\/\"},{\"@type\":\"ListItem\",\"position\":2,\"name\":\"Hist\u00f3ria\"}]},{\"@type\":\"WebSite\",\"@id\":\"https:\\\/\\\/pfanstiehl.com\\\/pt-pt\\\/#website\",\"url\":\"https:\\\/\\\/pfanstiehl.com\\\/pt-pt\\\/\",\"name\":\"Pfanstiehl\",\"description\":\"\",\"publisher\":{\"@id\":\"https:\\\/\\\/pfanstiehl.com\\\/pt-pt\\\/#organization\"},\"potentialAction\":[{\"@type\":\"SearchAction\",\"target\":{\"@type\":\"EntryPoint\",\"urlTemplate\":\"https:\\\/\\\/pfanstiehl.com\\\/pt-pt\\\/?s={search_term_string}\"},\"query-input\":{\"@type\":\"PropertyValueSpecification\",\"valueRequired\":true,\"valueName\":\"search_term_string\"}}],\"inLanguage\":\"pt-PT\"},{\"@type\":\"Organization\",\"@id\":\"https:\\\/\\\/pfanstiehl.com\\\/pt-pt\\\/#organization\",\"name\":\"Pfanstiehl\",\"url\":\"https:\\\/\\\/pfanstiehl.com\\\/pt-pt\\\/\",\"logo\":{\"@type\":\"ImageObject\",\"inLanguage\":\"pt-PT\",\"@id\":\"https:\\\/\\\/pfanstiehl.com\\\/pt-pt\\\/#\\\/schema\\\/logo\\\/image\\\/\",\"url\":\"https:\\\/\\\/pfanstiehl.com\\\/wp-content\\\/uploads\\\/2024\\\/06\\\/logo.png\",\"contentUrl\":\"https:\\\/\\\/pfanstiehl.com\\\/wp-content\\\/uploads\\\/2024\\\/06\\\/logo.png\",\"width\":600,\"height\":85,\"caption\":\"Pfanstiehl\"},\"image\":{\"@id\":\"https:\\\/\\\/pfanstiehl.com\\\/pt-pt\\\/#\\\/schema\\\/logo\\\/image\\\/\"}}]}<\/script>\n<!-- \/ Yoast SEO plugin. -->","yoast_head_json":{"title":"Hist\u00f3ria - Pfanstiehl","robots":{"index":"index","follow":"follow","max-snippet":"max-snippet:-1","max-image-preview":"max-image-preview:large","max-video-preview":"max-video-preview:-1"},"canonical":"https:\/\/pfanstiehl.com\/pt-pt\/historia\/","og_locale":"pt_PT","og_type":"article","og_title":"Hist\u00f3ria - Pfanstiehl","og_description":"Uma hist\u00f3ria de inova\u00e7\u00e3o 2022A Pfanstiehl completa uma expans\u00e3o significativa da capacidade de fabrica\u00e7\u00e3o para atender \u00e0 demanda do mercado por excipientes de alta qualidade. 2020Como parte integrante do Projeto Warp Speed, Pfanstiehl institui medidas de controle de infe\u00e7\u00e3o para continuar fabricando excipientes de carboidratos cr\u00edticos necess\u00e1rios para produzir a vacina COVID. Durante toda a [&hellip;]","og_url":"https:\/\/pfanstiehl.com\/pt-pt\/historia\/","og_site_name":"Pfanstiehl","article_modified_time":"2024-07-03T05:49:46+00:00","og_image":[{"url":"https:\/\/pfanstiehl.com\/wp-content\/uploads\/2024\/06\/history.png","type":"","width":"","height":""}],"twitter_card":"summary_large_image","twitter_misc":{"Tempo estimado de leitura":"3 minutos"},"schema":{"@context":"https:\/\/schema.org","@graph":[{"@type":"WebPage","@id":"https:\/\/pfanstiehl.com\/pt-pt\/historia\/","url":"https:\/\/pfanstiehl.com\/pt-pt\/historia\/","name":"Hist\u00f3ria - Pfanstiehl","isPartOf":{"@id":"https:\/\/pfanstiehl.com\/pt-pt\/#website"},"primaryImageOfPage":{"@id":"https:\/\/pfanstiehl.com\/pt-pt\/historia\/#primaryimage"},"image":{"@id":"https:\/\/pfanstiehl.com\/pt-pt\/historia\/#primaryimage"},"thumbnailUrl":"https:\/\/pfanstiehl.com\/wp-content\/uploads\/2024\/06\/history.png","datePublished":"2024-05-21T08:52:34+00:00","dateModified":"2024-07-03T05:49:46+00:00","breadcrumb":{"@id":"https:\/\/pfanstiehl.com\/pt-pt\/historia\/#breadcrumb"},"inLanguage":"pt-PT","potentialAction":[{"@type":"ReadAction","target":["https:\/\/pfanstiehl.com\/pt-pt\/historia\/"]}]},{"@type":"ImageObject","inLanguage":"pt-PT","@id":"https:\/\/pfanstiehl.com\/pt-pt\/historia\/#primaryimage","url":"https:\/\/pfanstiehl.com\/wp-content\/uploads\/2024\/06\/history.png","contentUrl":"https:\/\/pfanstiehl.com\/wp-content\/uploads\/2024\/06\/history.png"},{"@type":"BreadcrumbList","@id":"https:\/\/pfanstiehl.com\/pt-pt\/historia\/#breadcrumb","itemListElement":[{"@type":"ListItem","position":1,"name":"Home","item":"https:\/\/pfanstiehl.com\/pt-pt\/"},{"@type":"ListItem","position":2,"name":"Hist\u00f3ria"}]},{"@type":"WebSite","@id":"https:\/\/pfanstiehl.com\/pt-pt\/#website","url":"https:\/\/pfanstiehl.com\/pt-pt\/","name":"Pfanstiehl","description":"","publisher":{"@id":"https:\/\/pfanstiehl.com\/pt-pt\/#organization"},"potentialAction":[{"@type":"SearchAction","target":{"@type":"EntryPoint","urlTemplate":"https:\/\/pfanstiehl.com\/pt-pt\/?s={search_term_string}"},"query-input":{"@type":"PropertyValueSpecification","valueRequired":true,"valueName":"search_term_string"}}],"inLanguage":"pt-PT"},{"@type":"Organization","@id":"https:\/\/pfanstiehl.com\/pt-pt\/#organization","name":"Pfanstiehl","url":"https:\/\/pfanstiehl.com\/pt-pt\/","logo":{"@type":"ImageObject","inLanguage":"pt-PT","@id":"https:\/\/pfanstiehl.com\/pt-pt\/#\/schema\/logo\/image\/","url":"https:\/\/pfanstiehl.com\/wp-content\/uploads\/2024\/06\/logo.png","contentUrl":"https:\/\/pfanstiehl.com\/wp-content\/uploads\/2024\/06\/logo.png","width":600,"height":85,"caption":"Pfanstiehl"},"image":{"@id":"https:\/\/pfanstiehl.com\/pt-pt\/#\/schema\/logo\/image\/"}}]}},"_links":{"self":[{"href":"https:\/\/pfanstiehl.com\/pt-pt\/wp-json\/wp\/v2\/pages\/5100","targetHints":{"allow":["GET"]}}],"collection":[{"href":"https:\/\/pfanstiehl.com\/pt-pt\/wp-json\/wp\/v2\/pages"}],"about":[{"href":"https:\/\/pfanstiehl.com\/pt-pt\/wp-json\/wp\/v2\/types\/page"}],"author":[{"embeddable":true,"href":"https:\/\/pfanstiehl.com\/pt-pt\/wp-json\/wp\/v2\/users\/1"}],"replies":[{"embeddable":true,"href":"https:\/\/pfanstiehl.com\/pt-pt\/wp-json\/wp\/v2\/comments?post=5100"}],"version-history":[{"count":3,"href":"https:\/\/pfanstiehl.com\/pt-pt\/wp-json\/wp\/v2\/pages\/5100\/revisions"}],"predecessor-version":[{"id":5867,"href":"https:\/\/pfanstiehl.com\/pt-pt\/wp-json\/wp\/v2\/pages\/5100\/revisions\/5867"}],"wp:attachment":[{"href":"https:\/\/pfanstiehl.com\/pt-pt\/wp-json\/wp\/v2\/media?parent=5100"}],"curies":[{"name":"wp","href":"https:\/\/api.w.org\/{rel}","templated":true}]}}