{"id":5782,"date":"2024-05-21T08:38:42","date_gmt":"2024-05-21T08:38:42","guid":{"rendered":"https:\/\/pfanstiehl.com\/chi-siamo\/"},"modified":"2024-07-02T06:44:44","modified_gmt":"2024-07-02T06:44:44","slug":"chi-siamo","status":"publish","type":"page","link":"https:\/\/pfanstiehl.com\/it\/chi-siamo\/","title":{"rendered":"Chi siamo"},"content":{"rendered":"\t\t<div data-elementor-type=\"wp-page\" data-elementor-id=\"5782\" class=\"elementor elementor-5782 elementor-139\" data-elementor-post-type=\"page\">\n\t\t\t\t<div class=\"elementor-element elementor-element-116ecbc e-flex e-con-boxed e-con e-parent\" data-id=\"116ecbc\" data-element_type=\"container\">\n\t\t\t\t\t<div class=\"e-con-inner\">\n\t\t<div class=\"elementor-element elementor-element-46c128e e-flex e-con-boxed e-con e-child\" data-id=\"46c128e\" data-element_type=\"container\">\n\t\t\t\t\t<div class=\"e-con-inner\">\n\t\t\t\t<div class=\"elementor-element elementor-element-2042534 elementor-widget elementor-widget-heading\" data-id=\"2042534\" data-element_type=\"widget\" data-widget_type=\"heading.default\">\n\t\t\t\t<div class=\"elementor-widget-container\">\n\t\t\t<style>\/*! elementor - v3.23.0 - 05-08-2024 *\/\n.elementor-heading-title{padding:0;margin:0;line-height:1}.elementor-widget-heading .elementor-heading-title[class*=elementor-size-]>a{color:inherit;font-size:inherit;line-height:inherit}.elementor-widget-heading .elementor-heading-title.elementor-size-small{font-size:15px}.elementor-widget-heading .elementor-heading-title.elementor-size-medium{font-size:19px}.elementor-widget-heading .elementor-heading-title.elementor-size-large{font-size:29px}.elementor-widget-heading .elementor-heading-title.elementor-size-xl{font-size:39px}.elementor-widget-heading .elementor-heading-title.elementor-size-xxl{font-size:59px}<\/style><h1 class=\"elementor-heading-title elementor-size-default\">Noi siamo Pfanstiehl<\/h1>\t\t<\/div>\n\t\t\t\t<\/div>\n\t\t\t\t<div class=\"elementor-element elementor-element-d69e3cc elementor-widget elementor-widget-text-editor\" data-id=\"d69e3cc\" data-element_type=\"widget\" data-widget_type=\"text-editor.default\">\n\t\t\t\t<div class=\"elementor-widget-container\">\n\t\t\t<style>\/*! elementor - v3.23.0 - 05-08-2024 *\/\n.elementor-widget-text-editor.elementor-drop-cap-view-stacked .elementor-drop-cap{background-color:#69727d;color:#fff}.elementor-widget-text-editor.elementor-drop-cap-view-framed .elementor-drop-cap{color:#69727d;border:3px solid;background-color:transparent}.elementor-widget-text-editor:not(.elementor-drop-cap-view-default) .elementor-drop-cap{margin-top:8px}.elementor-widget-text-editor:not(.elementor-drop-cap-view-default) .elementor-drop-cap-letter{width:1em;height:1em}.elementor-widget-text-editor .elementor-drop-cap{float:left;text-align:center;line-height:1;font-size:50px}.elementor-widget-text-editor .elementor-drop-cap-letter{display:inline-block}<\/style>\t\t\t\t<p>Pfanstiehl \u00e8 riconosciuta a livello globale come leader nella produzione di eccipienti iniettabili cGMP ad alta purezza, a basso contenuto di endotossine e a basso contenuto di metalli e componenti biofarmaceutici per varie applicazioni nei bioprocessi, nelle formulazioni e nelle aree specialistiche. Inoltre, Pfanstiehl opera come un&#8217;importante organizzazione di sviluppo e produzione a contratto (CDMO), specializzata nell&#8217;isolamento, nella purificazione, nella sintesi personalizzata e nello sviluppo su larga scala di ingredienti farmaceutici attivi (API) di piccole molecole che vanno da quantit\u00e0 commerciali al grammo a diverse tonnellate. Mentre molti produttori o rivenditori di ingredienti si rivolgono a vari settori come quello alimentare, cosmetico, agricolo e degli integratori alimentari, fornendo solo una gamma limitata di ingredienti &#8220;di grado farmaceutico&#8221;, l&#8217;attenzione esclusiva di Pfanstiehl si concentra sulle applicazioni biofarmaceutiche, dimostrando un impegno dedicato a questo settore specifico.<\/p>\n\t\t\t\t\t\t<\/div>\n\t\t\t\t<\/div>\n\t\t\t\t\t<\/div>\n\t\t\t\t<\/div>\n\t\t<div class=\"elementor-element elementor-element-38042dd e-flex e-con-boxed e-con e-child\" data-id=\"38042dd\" data-element_type=\"container\">\n\t\t\t\t\t<div class=\"e-con-inner\">\n\t\t\t\t<div class=\"elementor-element elementor-element-006a2c7 elementor-widget elementor-widget-image\" data-id=\"006a2c7\" data-element_type=\"widget\" data-widget_type=\"image.default\">\n\t\t\t\t<div class=\"elementor-widget-container\">\n\t\t\t<style>\/*! elementor - v3.23.0 - 05-08-2024 *\/\n.elementor-widget-image{text-align:center}.elementor-widget-image a{display:inline-block}.elementor-widget-image a img[src$=\".svg\"]{width:48px}.elementor-widget-image img{vertical-align:middle;display:inline-block}<\/style>\t\t\t\t\t\t\t\t\t\t<img fetchpriority=\"high\" decoding=\"async\" width=\"800\" height=\"420\" src=\"https:\/\/pfanstiehl.com\/wp-content\/uploads\/2024\/06\/who-we-are-1024x537.png\" class=\"attachment-large size-large wp-image-2191\" alt=\"\" srcset=\"https:\/\/pfanstiehl.com\/wp-content\/uploads\/2024\/06\/who-we-are-1024x537.png 1024w, https:\/\/pfanstiehl.com\/wp-content\/uploads\/2024\/06\/who-we-are-300x157.png 300w, https:\/\/pfanstiehl.com\/wp-content\/uploads\/2024\/06\/who-we-are-768x403.png 768w, https:\/\/pfanstiehl.com\/wp-content\/uploads\/2024\/06\/who-we-are-600x315.png 600w, https:\/\/pfanstiehl.com\/wp-content\/uploads\/2024\/06\/who-we-are.png 1140w\" sizes=\"(max-width: 800px) 100vw, 800px\" \/>\t\t\t\t\t\t\t\t\t\t\t\t\t<\/div>\n\t\t\t\t<\/div>\n\t\t\t\t\t<\/div>\n\t\t\t\t<\/div>\n\t\t\t\t\t<\/div>\n\t\t\t\t<\/div>\n\t\t<div class=\"elementor-element elementor-element-14859f3 e-flex e-con-boxed e-con e-parent\" data-id=\"14859f3\" data-element_type=\"container\">\n\t\t\t\t\t<div class=\"e-con-inner\">\n\t\t\t\t<div class=\"elementor-element elementor-element-ca991a7 elementor-widget elementor-widget-text-editor\" data-id=\"ca991a7\" data-element_type=\"widget\" data-widget_type=\"text-editor.default\">\n\t\t\t\t<div class=\"elementor-widget-container\">\n\t\t\t\t\t\t\t<h3>Prodotto negli Stati Uniti d&#8217;America<\/h3>\n<p>Tutti i prodotti Pfanstiehl sono fabbricati negli Stati Uniti presso lo stabilimento di Waukegan, Illinois, che aderisce agli standard ICH Q7 ed \u00e8 ispezionato e approvato dalla FDA statunitense. La struttura \u00e8 situata a 35 minuti a nord dell&#8217;aeroporto O&#8217;Hare e della citt\u00e0 di Chicago.<\/p>\n\t\t\t\t\t\t<\/div>\n\t\t\t\t<\/div>\n\t\t\t\t<div class=\"elementor-element elementor-element-a2de307 elementor-widget elementor-widget-text-editor\" data-id=\"a2de307\" data-element_type=\"widget\" data-widget_type=\"text-editor.default\">\n\t\t\t\t<div class=\"elementor-widget-container\">\n\t\t\t\t\t\t\t<h3>100+ anni di innovazione<\/h3>\n<p>Fondata nel 1919, Pfanstiehl celebra i suoi 104 anni di storia come leader nella chimica dei carboidrati e di processo. La nostra clientela comprende le principali aziende biofarmaceutiche, farmaceutiche e farmaceutiche del mondo. I nostri prodotti svolgono un ruolo fondamentale nei farmaci leader di mercato che affrontano malattie potenzialmente letali e debilitanti come il cancro, l&#8217;artrite reumatoide, le malattie sessualmente trasmissibili e il diabete, nonch\u00e9 nelle piattaforme vaccinali all&#8217;avanguardia, tra cui vaccini a mRNA, basati su vettori virali o tradizionali a base di proteine.<\/p>\n\t\t\t\t\t\t<\/div>\n\t\t\t\t<\/div>\n\t\t\t\t<div class=\"elementor-element elementor-element-14fba23 elementor-widget elementor-widget-text-editor\" data-id=\"14fba23\" data-element_type=\"widget\" data-widget_type=\"text-editor.default\">\n\t\t\t\t<div class=\"elementor-widget-container\">\n\t\t\t\t\t\t\t<h3>Qualit\u00e0, Purezza, Sicurezza<\/h3>\n<p>Le crescenti richieste normative e di qualit\u00e0 favoriscono i produttori biofarmaceutici e farmaceutici ad alta integrit\u00e0 come Pfanstiehl, noti per i loro prodotti ad alta purezza, i solidi controlli cGMP e la reputazione di fiducia con le agenzie di regolamentazione come la FDA. In Pfanstiehl, il nostro lavoro \u00e8 guidato dall&#8217;impegno sia per la qualit\u00e0 dei prodotti che per la sicurezza ambientale e dei lavoratori. Progettiamo e attrezziamo meticolosamente le nostre strutture, redigiamo procedure e formiamo la nostra forza lavoro non solo per soddisfare ma anche superare gli standard normativi e multi-compendiali degli Stati Uniti, delle cGMP, dell&#8217;OSHA e internazionali. La qualit\u00e0, la purezza e la sicurezza dei pazienti, insieme alla garanzia della sicurezza degli eccipienti biofarmaceutici critici, costituiscono i valori fondamentali di Pfanstiehl, per i quali siamo profondamente impegnati.<\/p>\n\t\t\t\t\t\t<\/div>\n\t\t\t\t<\/div>\n\t\t\t\t\t<\/div>\n\t\t\t\t<\/div>\n\t\t\t\t<\/div>\n\t\t","protected":false},"excerpt":{"rendered":"<p>Noi siamo Pfanstiehl Pfanstiehl \u00e8 riconosciuta a livello globale come leader nella produzione di eccipienti iniettabili cGMP ad alta purezza, a basso contenuto di endotossine e a basso contenuto di metalli e componenti biofarmaceutici per varie applicazioni nei bioprocessi, nelle formulazioni e nelle aree specialistiche. Inoltre, Pfanstiehl opera come un&#8217;importante organizzazione di sviluppo e produzione [&hellip;]<\/p>\n","protected":false},"author":1,"featured_media":0,"parent":0,"menu_order":0,"comment_status":"closed","ping_status":"closed","template":"elementor_header_footer","meta":{"om_disable_all_campaigns":false,"_monsterinsights_skip_tracking":false,"_monsterinsights_sitenote_active":false,"_monsterinsights_sitenote_note":"","_monsterinsights_sitenote_category":0,"_uf_show_specific_survey":0,"_uf_disable_surveys":false,"footnotes":""},"class_list":["post-5782","page","type-page","status-publish","hentry"],"yoast_head":"<!-- This site is optimized with the Yoast SEO plugin v27.3 - https:\/\/yoast.com\/product\/yoast-seo-wordpress\/ -->\n<title>Chi siamo - Pfanstiehl<\/title>\n<meta name=\"robots\" content=\"index, follow, max-snippet:-1, max-image-preview:large, max-video-preview:-1\" \/>\n<link rel=\"canonical\" href=\"https:\/\/pfanstiehl.com\/it\/chi-siamo\/\" \/>\n<meta property=\"og:locale\" content=\"it_IT\" \/>\n<meta property=\"og:type\" content=\"article\" \/>\n<meta property=\"og:title\" content=\"Chi siamo - Pfanstiehl\" \/>\n<meta property=\"og:description\" content=\"Noi siamo Pfanstiehl Pfanstiehl \u00e8 riconosciuta a livello globale come leader nella produzione di eccipienti iniettabili cGMP ad alta purezza, a basso contenuto di endotossine e a basso contenuto di metalli e componenti biofarmaceutici per varie applicazioni nei bioprocessi, nelle formulazioni e nelle aree specialistiche. Inoltre, Pfanstiehl opera come un&#8217;importante organizzazione di sviluppo e produzione [&hellip;]\" \/>\n<meta property=\"og:url\" content=\"https:\/\/pfanstiehl.com\/it\/chi-siamo\/\" \/>\n<meta property=\"og:site_name\" content=\"Pfanstiehl\" \/>\n<meta property=\"article:modified_time\" content=\"2024-07-02T06:44:44+00:00\" \/>\n<meta property=\"og:image\" content=\"https:\/\/pfanstiehl.com\/wp-content\/uploads\/2024\/06\/who-we-are-1024x537.png\" \/>\n<meta name=\"twitter:card\" content=\"summary_large_image\" \/>\n<meta name=\"twitter:label1\" content=\"Tempo di lettura stimato\" \/>\n\t<meta name=\"twitter:data1\" content=\"2 minuti\" \/>\n<script type=\"application\/ld+json\" class=\"yoast-schema-graph\">{\"@context\":\"https:\\\/\\\/schema.org\",\"@graph\":[{\"@type\":\"WebPage\",\"@id\":\"https:\\\/\\\/pfanstiehl.com\\\/it\\\/chi-siamo\\\/\",\"url\":\"https:\\\/\\\/pfanstiehl.com\\\/it\\\/chi-siamo\\\/\",\"name\":\"Chi siamo - Pfanstiehl\",\"isPartOf\":{\"@id\":\"https:\\\/\\\/pfanstiehl.com\\\/it\\\/#website\"},\"primaryImageOfPage\":{\"@id\":\"https:\\\/\\\/pfanstiehl.com\\\/it\\\/chi-siamo\\\/#primaryimage\"},\"image\":{\"@id\":\"https:\\\/\\\/pfanstiehl.com\\\/it\\\/chi-siamo\\\/#primaryimage\"},\"thumbnailUrl\":\"https:\\\/\\\/pfanstiehl.com\\\/wp-content\\\/uploads\\\/2024\\\/06\\\/who-we-are-1024x537.png\",\"datePublished\":\"2024-05-21T08:38:42+00:00\",\"dateModified\":\"2024-07-02T06:44:44+00:00\",\"breadcrumb\":{\"@id\":\"https:\\\/\\\/pfanstiehl.com\\\/it\\\/chi-siamo\\\/#breadcrumb\"},\"inLanguage\":\"it-IT\",\"potentialAction\":[{\"@type\":\"ReadAction\",\"target\":[\"https:\\\/\\\/pfanstiehl.com\\\/it\\\/chi-siamo\\\/\"]}]},{\"@type\":\"ImageObject\",\"inLanguage\":\"it-IT\",\"@id\":\"https:\\\/\\\/pfanstiehl.com\\\/it\\\/chi-siamo\\\/#primaryimage\",\"url\":\"https:\\\/\\\/pfanstiehl.com\\\/wp-content\\\/uploads\\\/2024\\\/06\\\/who-we-are-1024x537.png\",\"contentUrl\":\"https:\\\/\\\/pfanstiehl.com\\\/wp-content\\\/uploads\\\/2024\\\/06\\\/who-we-are-1024x537.png\"},{\"@type\":\"BreadcrumbList\",\"@id\":\"https:\\\/\\\/pfanstiehl.com\\\/it\\\/chi-siamo\\\/#breadcrumb\",\"itemListElement\":[{\"@type\":\"ListItem\",\"position\":1,\"name\":\"Home\",\"item\":\"https:\\\/\\\/pfanstiehl.com\\\/it\\\/\"},{\"@type\":\"ListItem\",\"position\":2,\"name\":\"Chi siamo\"}]},{\"@type\":\"WebSite\",\"@id\":\"https:\\\/\\\/pfanstiehl.com\\\/it\\\/#website\",\"url\":\"https:\\\/\\\/pfanstiehl.com\\\/it\\\/\",\"name\":\"Pfanstiehl\",\"description\":\"\",\"publisher\":{\"@id\":\"https:\\\/\\\/pfanstiehl.com\\\/it\\\/#organization\"},\"potentialAction\":[{\"@type\":\"SearchAction\",\"target\":{\"@type\":\"EntryPoint\",\"urlTemplate\":\"https:\\\/\\\/pfanstiehl.com\\\/it\\\/?s={search_term_string}\"},\"query-input\":{\"@type\":\"PropertyValueSpecification\",\"valueRequired\":true,\"valueName\":\"search_term_string\"}}],\"inLanguage\":\"it-IT\"},{\"@type\":\"Organization\",\"@id\":\"https:\\\/\\\/pfanstiehl.com\\\/it\\\/#organization\",\"name\":\"Pfanstiehl\",\"url\":\"https:\\\/\\\/pfanstiehl.com\\\/it\\\/\",\"logo\":{\"@type\":\"ImageObject\",\"inLanguage\":\"it-IT\",\"@id\":\"https:\\\/\\\/pfanstiehl.com\\\/it\\\/#\\\/schema\\\/logo\\\/image\\\/\",\"url\":\"https:\\\/\\\/pfanstiehl.com\\\/wp-content\\\/uploads\\\/2024\\\/06\\\/logo.png\",\"contentUrl\":\"https:\\\/\\\/pfanstiehl.com\\\/wp-content\\\/uploads\\\/2024\\\/06\\\/logo.png\",\"width\":600,\"height\":85,\"caption\":\"Pfanstiehl\"},\"image\":{\"@id\":\"https:\\\/\\\/pfanstiehl.com\\\/it\\\/#\\\/schema\\\/logo\\\/image\\\/\"}}]}<\/script>\n<!-- \/ Yoast SEO plugin. -->","yoast_head_json":{"title":"Chi siamo - Pfanstiehl","robots":{"index":"index","follow":"follow","max-snippet":"max-snippet:-1","max-image-preview":"max-image-preview:large","max-video-preview":"max-video-preview:-1"},"canonical":"https:\/\/pfanstiehl.com\/it\/chi-siamo\/","og_locale":"it_IT","og_type":"article","og_title":"Chi siamo - Pfanstiehl","og_description":"Noi siamo Pfanstiehl Pfanstiehl \u00e8 riconosciuta a livello globale come leader nella produzione di eccipienti iniettabili cGMP ad alta purezza, a basso contenuto di endotossine e a basso contenuto di metalli e componenti biofarmaceutici per varie applicazioni nei bioprocessi, nelle formulazioni e nelle aree specialistiche. Inoltre, Pfanstiehl opera come un&#8217;importante organizzazione di sviluppo e produzione [&hellip;]","og_url":"https:\/\/pfanstiehl.com\/it\/chi-siamo\/","og_site_name":"Pfanstiehl","article_modified_time":"2024-07-02T06:44:44+00:00","og_image":[{"url":"https:\/\/pfanstiehl.com\/wp-content\/uploads\/2024\/06\/who-we-are-1024x537.png","type":"","width":"","height":""}],"twitter_card":"summary_large_image","twitter_misc":{"Tempo di lettura stimato":"2 minuti"},"schema":{"@context":"https:\/\/schema.org","@graph":[{"@type":"WebPage","@id":"https:\/\/pfanstiehl.com\/it\/chi-siamo\/","url":"https:\/\/pfanstiehl.com\/it\/chi-siamo\/","name":"Chi siamo - Pfanstiehl","isPartOf":{"@id":"https:\/\/pfanstiehl.com\/it\/#website"},"primaryImageOfPage":{"@id":"https:\/\/pfanstiehl.com\/it\/chi-siamo\/#primaryimage"},"image":{"@id":"https:\/\/pfanstiehl.com\/it\/chi-siamo\/#primaryimage"},"thumbnailUrl":"https:\/\/pfanstiehl.com\/wp-content\/uploads\/2024\/06\/who-we-are-1024x537.png","datePublished":"2024-05-21T08:38:42+00:00","dateModified":"2024-07-02T06:44:44+00:00","breadcrumb":{"@id":"https:\/\/pfanstiehl.com\/it\/chi-siamo\/#breadcrumb"},"inLanguage":"it-IT","potentialAction":[{"@type":"ReadAction","target":["https:\/\/pfanstiehl.com\/it\/chi-siamo\/"]}]},{"@type":"ImageObject","inLanguage":"it-IT","@id":"https:\/\/pfanstiehl.com\/it\/chi-siamo\/#primaryimage","url":"https:\/\/pfanstiehl.com\/wp-content\/uploads\/2024\/06\/who-we-are-1024x537.png","contentUrl":"https:\/\/pfanstiehl.com\/wp-content\/uploads\/2024\/06\/who-we-are-1024x537.png"},{"@type":"BreadcrumbList","@id":"https:\/\/pfanstiehl.com\/it\/chi-siamo\/#breadcrumb","itemListElement":[{"@type":"ListItem","position":1,"name":"Home","item":"https:\/\/pfanstiehl.com\/it\/"},{"@type":"ListItem","position":2,"name":"Chi siamo"}]},{"@type":"WebSite","@id":"https:\/\/pfanstiehl.com\/it\/#website","url":"https:\/\/pfanstiehl.com\/it\/","name":"Pfanstiehl","description":"","publisher":{"@id":"https:\/\/pfanstiehl.com\/it\/#organization"},"potentialAction":[{"@type":"SearchAction","target":{"@type":"EntryPoint","urlTemplate":"https:\/\/pfanstiehl.com\/it\/?s={search_term_string}"},"query-input":{"@type":"PropertyValueSpecification","valueRequired":true,"valueName":"search_term_string"}}],"inLanguage":"it-IT"},{"@type":"Organization","@id":"https:\/\/pfanstiehl.com\/it\/#organization","name":"Pfanstiehl","url":"https:\/\/pfanstiehl.com\/it\/","logo":{"@type":"ImageObject","inLanguage":"it-IT","@id":"https:\/\/pfanstiehl.com\/it\/#\/schema\/logo\/image\/","url":"https:\/\/pfanstiehl.com\/wp-content\/uploads\/2024\/06\/logo.png","contentUrl":"https:\/\/pfanstiehl.com\/wp-content\/uploads\/2024\/06\/logo.png","width":600,"height":85,"caption":"Pfanstiehl"},"image":{"@id":"https:\/\/pfanstiehl.com\/it\/#\/schema\/logo\/image\/"}}]}},"_links":{"self":[{"href":"https:\/\/pfanstiehl.com\/it\/wp-json\/wp\/v2\/pages\/5782","targetHints":{"allow":["GET"]}}],"collection":[{"href":"https:\/\/pfanstiehl.com\/it\/wp-json\/wp\/v2\/pages"}],"about":[{"href":"https:\/\/pfanstiehl.com\/it\/wp-json\/wp\/v2\/types\/page"}],"author":[{"embeddable":true,"href":"https:\/\/pfanstiehl.com\/it\/wp-json\/wp\/v2\/users\/1"}],"replies":[{"embeddable":true,"href":"https:\/\/pfanstiehl.com\/it\/wp-json\/wp\/v2\/comments?post=5782"}],"version-history":[{"count":1,"href":"https:\/\/pfanstiehl.com\/it\/wp-json\/wp\/v2\/pages\/5782\/revisions"}],"predecessor-version":[{"id":5783,"href":"https:\/\/pfanstiehl.com\/it\/wp-json\/wp\/v2\/pages\/5782\/revisions\/5783"}],"wp:attachment":[{"href":"https:\/\/pfanstiehl.com\/it\/wp-json\/wp\/v2\/media?parent=5782"}],"curies":[{"name":"wp","href":"https:\/\/api.w.org\/{rel}","templated":true}]}}