{"id":9037,"date":"2025-01-22T07:04:47","date_gmt":"2025-01-22T07:04:47","guid":{"rendered":"https:\/\/pfanstiehl.com\/nouvelles\/"},"modified":"2025-01-24T05:15:41","modified_gmt":"2025-01-24T05:15:41","slug":"nouvelles","status":"publish","type":"page","link":"https:\/\/pfanstiehl.com\/fr\/nouvelles\/","title":{"rendered":"Nouvelles"},"content":{"rendered":"\t\t<div data-elementor-type=\"wp-page\" data-elementor-id=\"9037\" class=\"elementor elementor-9037 elementor-8945\" data-elementor-post-type=\"page\">\n\t\t\t\t<div class=\"elementor-element elementor-element-894f58f e-flex e-con-boxed e-con e-parent\" data-id=\"894f58f\" data-element_type=\"container\">\n\t\t\t\t\t<div class=\"e-con-inner\">\n\t\t<div class=\"elementor-element elementor-element-310f548 e-con-full news-section e-flex e-con e-child\" data-id=\"310f548\" data-element_type=\"container\">\n\t\t\t\t<div class=\"elementor-element elementor-element-34ba8ce elementor-widget elementor-widget-text-editor\" data-id=\"34ba8ce\" data-element_type=\"widget\" data-widget_type=\"text-editor.default\">\n\t\t\t\t<div class=\"elementor-widget-container\">\n\t\t\t<style>\/*! elementor - v3.23.0 - 05-08-2024 *\/\n.elementor-widget-text-editor.elementor-drop-cap-view-stacked .elementor-drop-cap{background-color:#69727d;color:#fff}.elementor-widget-text-editor.elementor-drop-cap-view-framed .elementor-drop-cap{color:#69727d;border:3px solid;background-color:transparent}.elementor-widget-text-editor:not(.elementor-drop-cap-view-default) .elementor-drop-cap{margin-top:8px}.elementor-widget-text-editor:not(.elementor-drop-cap-view-default) .elementor-drop-cap-letter{width:1em;height:1em}.elementor-widget-text-editor .elementor-drop-cap{float:left;text-align:center;line-height:1;font-size:50px}.elementor-widget-text-editor .elementor-drop-cap-letter{display:inline-block}<\/style>\t\t\t\t<p>1. 25\/01\/25 <a href=\"https:\/\/pfanstiehl.com\/wp-content\/uploads\/2025\/01\/Glycine-GMP-Excipient-High-Purity-Low-Endotoxin-Low-Metals-Press-Release-012125.pdf\" target=\"_blank\" rel=\"noopener\"><strong>Pfanstiehl lance un excipient injectable de glycine de haute puret\u00e9 pour les produits biologiques, les vaccins et la purification des prot\u00e9ines en aval<\/strong><\/a><\/p>\n\t\t\t\t\t\t<\/div>\n\t\t\t\t<\/div>\n\t\t\t\t<div class=\"elementor-element elementor-element-f04ba65 elementor-widget elementor-widget-text-editor\" data-id=\"f04ba65\" data-element_type=\"widget\" data-widget_type=\"text-editor.default\">\n\t\t\t\t<div class=\"elementor-widget-container\">\n\t\t\t\t\t\t\t<p>2. 10\/11\/24  <a href=\"https:\/\/pfanstiehl.com\/wp-content\/uploads\/2025\/01\/Succinic-Acid-GMP-Excipient-Grade-High-Purity-Low-Endotoxin-Low-Metals-JTM-101125.pdf\" target=\"_blank\" rel=\"noopener\"><strong>Pfanstiehl, Inc. Lancement d\u2019un excipient d\u2019acide succinique de qualit\u00e9 &#8211; haute puret\u00e9, faible teneur en endotoxines, faible teneur en m\u00e9taux pour des applications biopharmaceutiques et pharmaceutiques injectables<\/strong><\/a><\/p>\n\t\t\t\t\t\t<\/div>\n\t\t\t\t<\/div>\n\t\t\t\t<div class=\"elementor-element elementor-element-cec4135 elementor-widget elementor-widget-text-editor\" data-id=\"cec4135\" data-element_type=\"widget\" data-widget_type=\"text-editor.default\">\n\t\t\t\t<div class=\"elementor-widget-container\">\n\t\t\t\t\t\t\t<p>3. 23\/10\/24 <a href=\"https:\/\/pfanstiehl.com\/wp-content\/uploads\/2025\/01\/Glucose-Dextrose-Press-Release-JTM-102524.pdf\" target=\"_blank\" rel=\"noopener\"><strong>Pfanstiehl LLC annonce le lancement du glucose (dextrose) &#8211; haute puret\u00e9, faible teneur en endotoxines, faible teneur en m\u00e9taux pour la production biologique en amont<\/strong><\/a><\/p>\n\t\t\t\t\t\t<\/div>\n\t\t\t\t<\/div>\n\t\t\t\t<\/div>\n\t\t\t\t\t<\/div>\n\t\t\t\t<\/div>\n\t\t\t\t<\/div>\n\t\t","protected":false},"excerpt":{"rendered":"<p>1. 25\/01\/25 Pfanstiehl lance un excipient injectable de glycine de haute puret\u00e9 pour les produits biologiques, les vaccins et la purification des prot\u00e9ines en aval 2. 10\/11\/24 Pfanstiehl, Inc. Lancement d\u2019un excipient d\u2019acide succinique de qualit\u00e9 &#8211; haute puret\u00e9, faible teneur en endotoxines, faible teneur en m\u00e9taux pour des applications biopharmaceutiques et pharmaceutiques injectables 3. [&hellip;]<\/p>\n","protected":false},"author":1,"featured_media":0,"parent":0,"menu_order":0,"comment_status":"closed","ping_status":"closed","template":"elementor_header_footer","meta":{"om_disable_all_campaigns":false,"_monsterinsights_skip_tracking":false,"_monsterinsights_sitenote_active":false,"_monsterinsights_sitenote_note":"","_monsterinsights_sitenote_category":0,"_uf_show_specific_survey":0,"_uf_disable_surveys":false,"footnotes":""},"class_list":["post-9037","page","type-page","status-publish","hentry"],"yoast_head":"<!-- This site is optimized with the Yoast SEO plugin v23.2 - https:\/\/yoast.com\/wordpress\/plugins\/seo\/ -->\n<title>Nouvelles - Pfanstiehl<\/title>\n<meta name=\"robots\" content=\"index, follow, max-snippet:-1, max-image-preview:large, max-video-preview:-1\" \/>\n<link rel=\"canonical\" href=\"https:\/\/pfanstiehl.com\/fr\/nouvelles\/\" \/>\n<meta property=\"og:locale\" content=\"fr_FR\" \/>\n<meta property=\"og:type\" content=\"article\" \/>\n<meta property=\"og:title\" content=\"Nouvelles - Pfanstiehl\" \/>\n<meta property=\"og:description\" content=\"1. 25\/01\/25 Pfanstiehl lance un excipient injectable de glycine de haute puret\u00e9 pour les produits biologiques, les vaccins et la purification des prot\u00e9ines en aval 2. 10\/11\/24 Pfanstiehl, Inc. Lancement d\u2019un excipient d\u2019acide succinique de qualit\u00e9 &#8211; haute puret\u00e9, faible teneur en endotoxines, faible teneur en m\u00e9taux pour des applications biopharmaceutiques et pharmaceutiques injectables 3. [&hellip;]\" \/>\n<meta property=\"og:url\" content=\"https:\/\/pfanstiehl.com\/fr\/nouvelles\/\" \/>\n<meta property=\"og:site_name\" content=\"Pfanstiehl\" \/>\n<meta property=\"article:modified_time\" content=\"2025-01-24T05:15:41+00:00\" \/>\n<meta name=\"twitter:card\" content=\"summary_large_image\" \/>\n<script type=\"application\/ld+json\" class=\"yoast-schema-graph\">{\"@context\":\"https:\/\/schema.org\",\"@graph\":[{\"@type\":\"WebPage\",\"@id\":\"https:\/\/pfanstiehl.com\/fr\/nouvelles\/\",\"url\":\"https:\/\/pfanstiehl.com\/fr\/nouvelles\/\",\"name\":\"Nouvelles - Pfanstiehl\",\"isPartOf\":{\"@id\":\"https:\/\/pfanstiehl.com\/fr\/#website\"},\"datePublished\":\"2025-01-22T07:04:47+00:00\",\"dateModified\":\"2025-01-24T05:15:41+00:00\",\"breadcrumb\":{\"@id\":\"https:\/\/pfanstiehl.com\/fr\/nouvelles\/#breadcrumb\"},\"inLanguage\":\"fr-FR\",\"potentialAction\":[{\"@type\":\"ReadAction\",\"target\":[\"https:\/\/pfanstiehl.com\/fr\/nouvelles\/\"]}]},{\"@type\":\"BreadcrumbList\",\"@id\":\"https:\/\/pfanstiehl.com\/fr\/nouvelles\/#breadcrumb\",\"itemListElement\":[{\"@type\":\"ListItem\",\"position\":1,\"name\":\"Home\",\"item\":\"https:\/\/pfanstiehl.com\/fr\/\"},{\"@type\":\"ListItem\",\"position\":2,\"name\":\"Nouvelles\"}]},{\"@type\":\"WebSite\",\"@id\":\"https:\/\/pfanstiehl.com\/fr\/#website\",\"url\":\"https:\/\/pfanstiehl.com\/fr\/\",\"name\":\"Pfanstiehl\",\"description\":\"\",\"publisher\":{\"@id\":\"https:\/\/pfanstiehl.com\/fr\/#organization\"},\"potentialAction\":[{\"@type\":\"SearchAction\",\"target\":{\"@type\":\"EntryPoint\",\"urlTemplate\":\"https:\/\/pfanstiehl.com\/fr\/?s={search_term_string}\"},\"query-input\":\"required name=search_term_string\"}],\"inLanguage\":\"fr-FR\"},{\"@type\":\"Organization\",\"@id\":\"https:\/\/pfanstiehl.com\/fr\/#organization\",\"name\":\"Pfanstiehl\",\"url\":\"https:\/\/pfanstiehl.com\/fr\/\",\"logo\":{\"@type\":\"ImageObject\",\"inLanguage\":\"fr-FR\",\"@id\":\"https:\/\/pfanstiehl.com\/fr\/#\/schema\/logo\/image\/\",\"url\":\"https:\/\/pfanstiehl.com\/wp-content\/uploads\/2024\/06\/logo.png\",\"contentUrl\":\"https:\/\/pfanstiehl.com\/wp-content\/uploads\/2024\/06\/logo.png\",\"width\":600,\"height\":85,\"caption\":\"Pfanstiehl\"},\"image\":{\"@id\":\"https:\/\/pfanstiehl.com\/fr\/#\/schema\/logo\/image\/\"}}]}<\/script>\n<!-- \/ Yoast SEO plugin. -->","yoast_head_json":{"title":"Nouvelles - Pfanstiehl","robots":{"index":"index","follow":"follow","max-snippet":"max-snippet:-1","max-image-preview":"max-image-preview:large","max-video-preview":"max-video-preview:-1"},"canonical":"https:\/\/pfanstiehl.com\/fr\/nouvelles\/","og_locale":"fr_FR","og_type":"article","og_title":"Nouvelles - Pfanstiehl","og_description":"1. 25\/01\/25 Pfanstiehl lance un excipient injectable de glycine de haute puret\u00e9 pour les produits biologiques, les vaccins et la purification des prot\u00e9ines en aval 2. 10\/11\/24 Pfanstiehl, Inc. Lancement d\u2019un excipient d\u2019acide succinique de qualit\u00e9 &#8211; haute puret\u00e9, faible teneur en endotoxines, faible teneur en m\u00e9taux pour des applications biopharmaceutiques et pharmaceutiques injectables 3. [&hellip;]","og_url":"https:\/\/pfanstiehl.com\/fr\/nouvelles\/","og_site_name":"Pfanstiehl","article_modified_time":"2025-01-24T05:15:41+00:00","twitter_card":"summary_large_image","schema":{"@context":"https:\/\/schema.org","@graph":[{"@type":"WebPage","@id":"https:\/\/pfanstiehl.com\/fr\/nouvelles\/","url":"https:\/\/pfanstiehl.com\/fr\/nouvelles\/","name":"Nouvelles - Pfanstiehl","isPartOf":{"@id":"https:\/\/pfanstiehl.com\/fr\/#website"},"datePublished":"2025-01-22T07:04:47+00:00","dateModified":"2025-01-24T05:15:41+00:00","breadcrumb":{"@id":"https:\/\/pfanstiehl.com\/fr\/nouvelles\/#breadcrumb"},"inLanguage":"fr-FR","potentialAction":[{"@type":"ReadAction","target":["https:\/\/pfanstiehl.com\/fr\/nouvelles\/"]}]},{"@type":"BreadcrumbList","@id":"https:\/\/pfanstiehl.com\/fr\/nouvelles\/#breadcrumb","itemListElement":[{"@type":"ListItem","position":1,"name":"Home","item":"https:\/\/pfanstiehl.com\/fr\/"},{"@type":"ListItem","position":2,"name":"Nouvelles"}]},{"@type":"WebSite","@id":"https:\/\/pfanstiehl.com\/fr\/#website","url":"https:\/\/pfanstiehl.com\/fr\/","name":"Pfanstiehl","description":"","publisher":{"@id":"https:\/\/pfanstiehl.com\/fr\/#organization"},"potentialAction":[{"@type":"SearchAction","target":{"@type":"EntryPoint","urlTemplate":"https:\/\/pfanstiehl.com\/fr\/?s={search_term_string}"},"query-input":"required name=search_term_string"}],"inLanguage":"fr-FR"},{"@type":"Organization","@id":"https:\/\/pfanstiehl.com\/fr\/#organization","name":"Pfanstiehl","url":"https:\/\/pfanstiehl.com\/fr\/","logo":{"@type":"ImageObject","inLanguage":"fr-FR","@id":"https:\/\/pfanstiehl.com\/fr\/#\/schema\/logo\/image\/","url":"https:\/\/pfanstiehl.com\/wp-content\/uploads\/2024\/06\/logo.png","contentUrl":"https:\/\/pfanstiehl.com\/wp-content\/uploads\/2024\/06\/logo.png","width":600,"height":85,"caption":"Pfanstiehl"},"image":{"@id":"https:\/\/pfanstiehl.com\/fr\/#\/schema\/logo\/image\/"}}]}},"_links":{"self":[{"href":"https:\/\/pfanstiehl.com\/fr\/wp-json\/wp\/v2\/pages\/9037","targetHints":{"allow":["GET"]}}],"collection":[{"href":"https:\/\/pfanstiehl.com\/fr\/wp-json\/wp\/v2\/pages"}],"about":[{"href":"https:\/\/pfanstiehl.com\/fr\/wp-json\/wp\/v2\/types\/page"}],"author":[{"embeddable":true,"href":"https:\/\/pfanstiehl.com\/fr\/wp-json\/wp\/v2\/users\/1"}],"replies":[{"embeddable":true,"href":"https:\/\/pfanstiehl.com\/fr\/wp-json\/wp\/v2\/comments?post=9037"}],"version-history":[{"count":1,"href":"https:\/\/pfanstiehl.com\/fr\/wp-json\/wp\/v2\/pages\/9037\/revisions"}],"predecessor-version":[{"id":9038,"href":"https:\/\/pfanstiehl.com\/fr\/wp-json\/wp\/v2\/pages\/9037\/revisions\/9038"}],"wp:attachment":[{"href":"https:\/\/pfanstiehl.com\/fr\/wp-json\/wp\/v2\/media?parent=9037"}],"curies":[{"name":"wp","href":"https:\/\/api.w.org\/{rel}","templated":true}]}}