{"id":5808,"date":"2024-06-08T11:16:52","date_gmt":"2024-06-08T11:16:52","guid":{"rendered":"https:\/\/pfanstiehl.com\/epreuves\/"},"modified":"2024-07-24T05:06:30","modified_gmt":"2024-07-24T05:06:30","slug":"epreuves","status":"publish","type":"page","link":"https:\/\/pfanstiehl.com\/fr\/epreuves\/","title":{"rendered":"\u00c9preuves"},"content":{"rendered":"\t\t<div data-elementor-type=\"wp-page\" data-elementor-id=\"5808\" class=\"elementor elementor-5808 elementor-2671\" data-elementor-post-type=\"page\">\n\t\t\t\t<div class=\"elementor-element elementor-element-3c5ec92 e-flex e-con-boxed e-con e-parent\" data-id=\"3c5ec92\" data-element_type=\"container\">\n\t\t\t\t\t<div class=\"e-con-inner\">\n\t\t\t\t\t<\/div>\n\t\t\t\t<\/div>\n\t\t<div class=\"elementor-element elementor-element-98e9689 e-flex e-con-boxed e-con e-parent\" data-id=\"98e9689\" data-element_type=\"container\">\n\t\t\t\t\t<div class=\"e-con-inner\">\n\t\t\t\t<div class=\"elementor-element elementor-element-0851a0d elementor-widget elementor-widget-shortcode\" data-id=\"0851a0d\" data-element_type=\"widget\" data-widget_type=\"shortcode.default\">\n\t\t\t\t<div class=\"elementor-widget-container\">\n\t\t\t    <div class=\"events_main\">\n        <div class=\"events-container\">\n            <ul class=\"events-list\">\n                <li class=\"events-list-item\">\n    <a href=\"https:\/\/pfanstiehl.com\/fr\/events\/interphex-tokyo-2024\/\" class=\"event-box\">\n        <div class=\"event-title\">\n            <h4>Interphex Tokyo 2024<\/h4>\n        <\/div>\n        <div class=\"event-date-location\">\n            <div class=\"event-date\">\n                <div class=\"icon\">\n                    <svg xmlns=\"http:\/\/www.w3.org\/2000\/svg\" width=\"14\" height=\"16\" viewBox=\"0 0 14 16\" fill=\"none\">\n                        <path d=\"M4.75 2H9.25V0.75C9.25 0.34375 9.5625 0 10 0C10.4062 0 10.75 0.34375 10.75 0.75V2H12C13.0938 2 14 2.90625 14 4V14C14 15.125 13.0938 16 12 16H2C0.875 16 0 15.125 0 14V4C0 2.90625 0.875 2 2 2H3.25V0.75C3.25 0.34375 3.5625 0 4 0C4.40625 0 4.75 0.34375 4.75 0.75V2ZM1.5 7.75H4V6H1.5V7.75ZM1.5 9.25V11.25H4V9.25H1.5ZM5.5 9.25V11.25H8.5V9.25H5.5ZM10 9.25V11.25H12.5V9.25H10ZM12.5 6H10V7.75H12.5V6ZM12.5 12.75H10V14.5H12C12.25 14.5 12.5 14.2812 12.5 14V12.75ZM8.5 12.75H5.5V14.5H8.5V12.75ZM4 12.75H1.5V14C1.5 14.2812 1.71875 14.5 2 14.5H4V12.75ZM8.5 6H5.5V7.75H8.5V6Z\" fill=\"#0164A8\" \/>\n                    <\/svg>\n                <\/div>\n                <div class=\"text\">Du 26 juin au 28 juin<\/div>\n            <\/div>\n\n            <div class=\"event-location\">\n                <div class=\"icon\">\n                    <svg xmlns=\"http:\/\/www.w3.org\/2000\/svg\" width=\"12\" height=\"17\" viewBox=\"0 0 12 17\" fill=\"none\">\n                        <path d=\"M5.25 15.625C3.625 13.5938 0 8.75 0 6C0 2.6875 2.65625 0 6 0C9.3125 0 12 2.6875 12 6C12 8.75 8.34375 13.5938 6.71875 15.625C6.34375 16.0938 5.625 16.0938 5.25 15.625ZM6 8C7.09375 8 8 7.125 8 6C8 4.90625 7.09375 4 6 4C4.875 4 4 4.90625 4 6C4 7.125 4.875 8 6 8Z\" fill=\"#0164A8\" \/>\n                    <\/svg>\n                <\/div>\n                <div class=\"text\">Tokyo Big Sight, Japon<\/div>\n            <\/div>\n        <\/div>\n    <\/a>\n<\/li><li class=\"events-list-item\">\n    <a href=\"https:\/\/pfanstiehl.com\/fr\/events\/4e-sommet-annuel-sur-les-therapies-basees-sur-larnm-aux-etats-unis\/\" class=\"event-box\">\n        <div class=\"event-title\">\n            <h4>4e sommet annuel sur les th\u00e9rapies bas\u00e9es sur l\u2019ARNm aux \u00c9tats-Unis<\/h4>\n        <\/div>\n        <div class=\"event-date-location\">\n            <div class=\"event-date\">\n                <div class=\"icon\">\n                    <svg xmlns=\"http:\/\/www.w3.org\/2000\/svg\" width=\"14\" height=\"16\" viewBox=\"0 0 14 16\" fill=\"none\">\n                        <path d=\"M4.75 2H9.25V0.75C9.25 0.34375 9.5625 0 10 0C10.4062 0 10.75 0.34375 10.75 0.75V2H12C13.0938 2 14 2.90625 14 4V14C14 15.125 13.0938 16 12 16H2C0.875 16 0 15.125 0 14V4C0 2.90625 0.875 2 2 2H3.25V0.75C3.25 0.34375 3.5625 0 4 0C4.40625 0 4.75 0.34375 4.75 0.75V2ZM1.5 7.75H4V6H1.5V7.75ZM1.5 9.25V11.25H4V9.25H1.5ZM5.5 9.25V11.25H8.5V9.25H5.5ZM10 9.25V11.25H12.5V9.25H10ZM12.5 6H10V7.75H12.5V6ZM12.5 12.75H10V14.5H12C12.25 14.5 12.5 14.2812 12.5 14V12.75ZM8.5 12.75H5.5V14.5H8.5V12.75ZM4 12.75H1.5V14C1.5 14.2812 1.71875 14.5 2 14.5H4V12.75ZM8.5 6H5.5V7.75H8.5V6Z\" fill=\"#0164A8\" \/>\n                    <\/svg>\n                <\/div>\n                <div class=\"text\">29-31 juillet 2024<\/div>\n            <\/div>\n\n            <div class=\"event-location\">\n                <div class=\"icon\">\n                    <svg xmlns=\"http:\/\/www.w3.org\/2000\/svg\" width=\"12\" height=\"17\" viewBox=\"0 0 12 17\" fill=\"none\">\n                        <path d=\"M5.25 15.625C3.625 13.5938 0 8.75 0 6C0 2.6875 2.65625 0 6 0C9.3125 0 12 2.6875 12 6C12 8.75 8.34375 13.5938 6.71875 15.625C6.34375 16.0938 5.625 16.0938 5.25 15.625ZM6 8C7.09375 8 8 7.125 8 6C8 4.90625 7.09375 4 6 4C4.875 4 4 4.90625 4 6C4 7.125 4.875 8 6 8Z\" fill=\"#0164A8\" \/>\n                    <\/svg>\n                <\/div>\n                <div class=\"text\">The Westin Boston Seaport District 403 Summer Street, Boston, MA 02210 \u00c9tats-Unis<\/div>\n            <\/div>\n        <\/div>\n    <\/a>\n<\/li><li class=\"events-list-item\">\n    <a href=\"https:\/\/pfanstiehl.com\/fr\/events\/bioplus-interphex-coree\/\" class=\"event-box\">\n        <div class=\"event-title\">\n            <h4>Bioplus Interphex Cor\u00e9e<\/h4>\n        <\/div>\n        <div class=\"event-date-location\">\n            <div class=\"event-date\">\n                <div class=\"icon\">\n                    <svg xmlns=\"http:\/\/www.w3.org\/2000\/svg\" width=\"14\" height=\"16\" viewBox=\"0 0 14 16\" fill=\"none\">\n                        <path d=\"M4.75 2H9.25V0.75C9.25 0.34375 9.5625 0 10 0C10.4062 0 10.75 0.34375 10.75 0.75V2H12C13.0938 2 14 2.90625 14 4V14C14 15.125 13.0938 16 12 16H2C0.875 16 0 15.125 0 14V4C0 2.90625 0.875 2 2 2H3.25V0.75C3.25 0.34375 3.5625 0 4 0C4.40625 0 4.75 0.34375 4.75 0.75V2ZM1.5 7.75H4V6H1.5V7.75ZM1.5 9.25V11.25H4V9.25H1.5ZM5.5 9.25V11.25H8.5V9.25H5.5ZM10 9.25V11.25H12.5V9.25H10ZM12.5 6H10V7.75H12.5V6ZM12.5 12.75H10V14.5H12C12.25 14.5 12.5 14.2812 12.5 14V12.75ZM8.5 12.75H5.5V14.5H8.5V12.75ZM4 12.75H1.5V14C1.5 14.2812 1.71875 14.5 2 14.5H4V12.75ZM8.5 6H5.5V7.75H8.5V6Z\" fill=\"#0164A8\" \/>\n                    <\/svg>\n                <\/div>\n                <div class=\"text\">10 - 12 juillet 2024<\/div>\n            <\/div>\n\n            <div class=\"event-location\">\n                <div class=\"icon\">\n                    <svg xmlns=\"http:\/\/www.w3.org\/2000\/svg\" width=\"12\" height=\"17\" viewBox=\"0 0 12 17\" fill=\"none\">\n                        <path d=\"M5.25 15.625C3.625 13.5938 0 8.75 0 6C0 2.6875 2.65625 0 6 0C9.3125 0 12 2.6875 12 6C12 8.75 8.34375 13.5938 6.71875 15.625C6.34375 16.0938 5.625 16.0938 5.25 15.625ZM6 8C7.09375 8 8 7.125 8 6C8 4.90625 7.09375 4 6 4C4.875 4 4 4.90625 4 6C4 7.125 4.875 8 6 8Z\" fill=\"#0164A8\" \/>\n                    <\/svg>\n                <\/div>\n                <div class=\"text\">Coex Hall, S\u00e9oul<\/div>\n            <\/div>\n        <\/div>\n    <\/a>\n<\/li><li class=\"events-list-item\">\n    <a href=\"https:\/\/pfanstiehl.com\/fr\/events\/conference-sur-la-stabilite-des-proteines-du-colorado-2024\/\" class=\"event-box\">\n        <div class=\"event-title\">\n            <h4>Conf\u00e9rence sur la stabilit\u00e9 des prot\u00e9ines du Colorado 2024<\/h4>\n        <\/div>\n        <div class=\"event-date-location\">\n            <div class=\"event-date\">\n                <div class=\"icon\">\n                    <svg xmlns=\"http:\/\/www.w3.org\/2000\/svg\" width=\"14\" height=\"16\" viewBox=\"0 0 14 16\" fill=\"none\">\n                        <path d=\"M4.75 2H9.25V0.75C9.25 0.34375 9.5625 0 10 0C10.4062 0 10.75 0.34375 10.75 0.75V2H12C13.0938 2 14 2.90625 14 4V14C14 15.125 13.0938 16 12 16H2C0.875 16 0 15.125 0 14V4C0 2.90625 0.875 2 2 2H3.25V0.75C3.25 0.34375 3.5625 0 4 0C4.40625 0 4.75 0.34375 4.75 0.75V2ZM1.5 7.75H4V6H1.5V7.75ZM1.5 9.25V11.25H4V9.25H1.5ZM5.5 9.25V11.25H8.5V9.25H5.5ZM10 9.25V11.25H12.5V9.25H10ZM12.5 6H10V7.75H12.5V6ZM12.5 12.75H10V14.5H12C12.25 14.5 12.5 14.2812 12.5 14V12.75ZM8.5 12.75H5.5V14.5H8.5V12.75ZM4 12.75H1.5V14C1.5 14.2812 1.71875 14.5 2 14.5H4V12.75ZM8.5 6H5.5V7.75H8.5V6Z\" fill=\"#0164A8\" \/>\n                    <\/svg>\n                <\/div>\n                <div class=\"text\">5 au 8 ao\u00fbt<\/div>\n            <\/div>\n\n            <div class=\"event-location\">\n                <div class=\"icon\">\n                    <svg xmlns=\"http:\/\/www.w3.org\/2000\/svg\" width=\"12\" height=\"17\" viewBox=\"0 0 12 17\" fill=\"none\">\n                        <path d=\"M5.25 15.625C3.625 13.5938 0 8.75 0 6C0 2.6875 2.65625 0 6 0C9.3125 0 12 2.6875 12 6C12 8.75 8.34375 13.5938 6.71875 15.625C6.34375 16.0938 5.625 16.0938 5.25 15.625ZM6 8C7.09375 8 8 7.125 8 6C8 4.90625 7.09375 4 6 4C4.875 4 4 4.90625 4 6C4 7.125 4.875 8 6 8Z\" fill=\"#0164A8\" \/>\n                    <\/svg>\n                <\/div>\n                <div class=\"text\">Centre de conf\u00e9rence Beaver Run, Breckenridge CO<\/div>\n            <\/div>\n        <\/div>\n    <\/a>\n<\/li><li class=\"events-list-item\">\n    <a href=\"https:\/\/pfanstiehl.com\/fr\/events\/fabrication-de-produits-biologiques-en-coree-2024\/\" class=\"event-box\">\n        <div class=\"event-title\">\n            <h4>Fabrication de produits biologiques en Cor\u00e9e 2024<\/h4>\n        <\/div>\n        <div class=\"event-date-location\">\n            <div class=\"event-date\">\n                <div class=\"icon\">\n                    <svg xmlns=\"http:\/\/www.w3.org\/2000\/svg\" width=\"14\" height=\"16\" viewBox=\"0 0 14 16\" fill=\"none\">\n                        <path d=\"M4.75 2H9.25V0.75C9.25 0.34375 9.5625 0 10 0C10.4062 0 10.75 0.34375 10.75 0.75V2H12C13.0938 2 14 2.90625 14 4V14C14 15.125 13.0938 16 12 16H2C0.875 16 0 15.125 0 14V4C0 2.90625 0.875 2 2 2H3.25V0.75C3.25 0.34375 3.5625 0 4 0C4.40625 0 4.75 0.34375 4.75 0.75V2ZM1.5 7.75H4V6H1.5V7.75ZM1.5 9.25V11.25H4V9.25H1.5ZM5.5 9.25V11.25H8.5V9.25H5.5ZM10 9.25V11.25H12.5V9.25H10ZM12.5 6H10V7.75H12.5V6ZM12.5 12.75H10V14.5H12C12.25 14.5 12.5 14.2812 12.5 14V12.75ZM8.5 12.75H5.5V14.5H8.5V12.75ZM4 12.75H1.5V14C1.5 14.2812 1.71875 14.5 2 14.5H4V12.75ZM8.5 6H5.5V7.75H8.5V6Z\" fill=\"#0164A8\" \/>\n                    <\/svg>\n                <\/div>\n                <div class=\"text\">13 et 14 ao\u00fbt 2024<\/div>\n            <\/div>\n\n            <div class=\"event-location\">\n                <div class=\"icon\">\n                    <svg xmlns=\"http:\/\/www.w3.org\/2000\/svg\" width=\"12\" height=\"17\" viewBox=\"0 0 12 17\" fill=\"none\">\n                        <path d=\"M5.25 15.625C3.625 13.5938 0 8.75 0 6C0 2.6875 2.65625 0 6 0C9.3125 0 12 2.6875 12 6C12 8.75 8.34375 13.5938 6.71875 15.625C6.34375 16.0938 5.625 16.0938 5.25 15.625ZM6 8C7.09375 8 8 7.125 8 6C8 4.90625 7.09375 4 6 4C4.875 4 4 4.90625 4 6C4 7.125 4.875 8 6 8Z\" fill=\"#0164A8\" \/>\n                    <\/svg>\n                <\/div>\n                <div class=\"text\">Songdo Convencia, Incheon, Cor\u00e9e du Sud<\/div>\n            <\/div>\n        <\/div>\n    <\/a>\n<\/li><li class=\"events-list-item\">\n    <a href=\"https:\/\/pfanstiehl.com\/fr\/events\/sommet-europe-du-bioprocede\/\" class=\"event-box\">\n        <div class=\"event-title\">\n            <h4>Sommet Europe du bioproc\u00e9d\u00e9<\/h4>\n        <\/div>\n        <div class=\"event-date-location\">\n            <div class=\"event-date\">\n                <div class=\"icon\">\n                    <svg xmlns=\"http:\/\/www.w3.org\/2000\/svg\" width=\"14\" height=\"16\" viewBox=\"0 0 14 16\" fill=\"none\">\n                        <path d=\"M4.75 2H9.25V0.75C9.25 0.34375 9.5625 0 10 0C10.4062 0 10.75 0.34375 10.75 0.75V2H12C13.0938 2 14 2.90625 14 4V14C14 15.125 13.0938 16 12 16H2C0.875 16 0 15.125 0 14V4C0 2.90625 0.875 2 2 2H3.25V0.75C3.25 0.34375 3.5625 0 4 0C4.40625 0 4.75 0.34375 4.75 0.75V2ZM1.5 7.75H4V6H1.5V7.75ZM1.5 9.25V11.25H4V9.25H1.5ZM5.5 9.25V11.25H8.5V9.25H5.5ZM10 9.25V11.25H12.5V9.25H10ZM12.5 6H10V7.75H12.5V6ZM12.5 12.75H10V14.5H12C12.25 14.5 12.5 14.2812 12.5 14V12.75ZM8.5 12.75H5.5V14.5H8.5V12.75ZM4 12.75H1.5V14C1.5 14.2812 1.71875 14.5 2 14.5H4V12.75ZM8.5 6H5.5V7.75H8.5V6Z\" fill=\"#0164A8\" \/>\n                    <\/svg>\n                <\/div>\n                <div class=\"text\">10 - 12 mars  <\/div>\n            <\/div>\n\n            <div class=\"event-location\">\n                <div class=\"icon\">\n                    <svg xmlns=\"http:\/\/www.w3.org\/2000\/svg\" width=\"12\" height=\"17\" viewBox=\"0 0 12 17\" fill=\"none\">\n                        <path d=\"M5.25 15.625C3.625 13.5938 0 8.75 0 6C0 2.6875 2.65625 0 6 0C9.3125 0 12 2.6875 12 6C12 8.75 8.34375 13.5938 6.71875 15.625C6.34375 16.0938 5.625 16.0938 5.25 15.625ZM6 8C7.09375 8 8 7.125 8 6C8 4.90625 7.09375 4 6 4C4.875 4 4 4.90625 4 6C4 7.125 4.875 8 6 8Z\" fill=\"#0164A8\" \/>\n                    <\/svg>\n                <\/div>\n                <div class=\"text\">Barcelone, Espagne<\/div>\n            <\/div>\n        <\/div>\n    <\/a>\n<\/li>            <\/ul>\n        <\/div>\n    <\/div>\n\n    \t\t<div class=\"elementor-shortcode\"><\/div>\n\t\t\t\t<\/div>\n\t\t\t\t<\/div>\n\t\t\t\t\t<\/div>\n\t\t\t\t<\/div>\n\t\t\t\t<\/div>\n\t\t","protected":false},"excerpt":{"rendered":"","protected":false},"author":1,"featured_media":0,"parent":0,"menu_order":0,"comment_status":"closed","ping_status":"closed","template":"elementor_header_footer","meta":{"om_disable_all_campaigns":false,"_monsterinsights_skip_tracking":false,"_monsterinsights_sitenote_active":false,"_monsterinsights_sitenote_note":"","_monsterinsights_sitenote_category":0,"_uf_show_specific_survey":0,"_uf_disable_surveys":false,"footnotes":""},"class_list":["post-5808","page","type-page","status-publish","hentry"],"yoast_head":"<!-- This site is optimized with the Yoast SEO plugin v27.3 - https:\/\/yoast.com\/product\/yoast-seo-wordpress\/ -->\n<title>\u00c9preuves - Pfanstiehl<\/title>\n<meta name=\"robots\" content=\"index, follow, max-snippet:-1, max-image-preview:large, max-video-preview:-1\" \/>\n<link rel=\"canonical\" href=\"https:\/\/pfanstiehl.com\/fr\/epreuves\/\" \/>\n<meta property=\"og:locale\" content=\"fr_FR\" \/>\n<meta property=\"og:type\" content=\"article\" \/>\n<meta property=\"og:title\" content=\"\u00c9preuves - Pfanstiehl\" \/>\n<meta property=\"og:url\" content=\"https:\/\/pfanstiehl.com\/fr\/epreuves\/\" \/>\n<meta property=\"og:site_name\" content=\"Pfanstiehl\" \/>\n<meta property=\"article:modified_time\" content=\"2024-07-24T05:06:30+00:00\" \/>\n<meta name=\"twitter:card\" content=\"summary_large_image\" \/>\n<meta name=\"twitter:label1\" content=\"Dur\u00e9e de lecture estim\u00e9e\" \/>\n\t<meta name=\"twitter:data1\" content=\"1 minute\" \/>\n<script type=\"application\/ld+json\" class=\"yoast-schema-graph\">{\"@context\":\"https:\\\/\\\/schema.org\",\"@graph\":[{\"@type\":\"WebPage\",\"@id\":\"https:\\\/\\\/pfanstiehl.com\\\/fr\\\/epreuves\\\/\",\"url\":\"https:\\\/\\\/pfanstiehl.com\\\/fr\\\/epreuves\\\/\",\"name\":\"\u00c9preuves - Pfanstiehl\",\"isPartOf\":{\"@id\":\"https:\\\/\\\/pfanstiehl.com\\\/fr\\\/#website\"},\"datePublished\":\"2024-06-08T11:16:52+00:00\",\"dateModified\":\"2024-07-24T05:06:30+00:00\",\"breadcrumb\":{\"@id\":\"https:\\\/\\\/pfanstiehl.com\\\/fr\\\/epreuves\\\/#breadcrumb\"},\"inLanguage\":\"fr-FR\",\"potentialAction\":[{\"@type\":\"ReadAction\",\"target\":[\"https:\\\/\\\/pfanstiehl.com\\\/fr\\\/epreuves\\\/\"]}]},{\"@type\":\"BreadcrumbList\",\"@id\":\"https:\\\/\\\/pfanstiehl.com\\\/fr\\\/epreuves\\\/#breadcrumb\",\"itemListElement\":[{\"@type\":\"ListItem\",\"position\":1,\"name\":\"Home\",\"item\":\"https:\\\/\\\/pfanstiehl.com\\\/fr\\\/\"},{\"@type\":\"ListItem\",\"position\":2,\"name\":\"\u00c9preuves\"}]},{\"@type\":\"WebSite\",\"@id\":\"https:\\\/\\\/pfanstiehl.com\\\/fr\\\/#website\",\"url\":\"https:\\\/\\\/pfanstiehl.com\\\/fr\\\/\",\"name\":\"Pfanstiehl\",\"description\":\"\",\"publisher\":{\"@id\":\"https:\\\/\\\/pfanstiehl.com\\\/fr\\\/#organization\"},\"potentialAction\":[{\"@type\":\"SearchAction\",\"target\":{\"@type\":\"EntryPoint\",\"urlTemplate\":\"https:\\\/\\\/pfanstiehl.com\\\/fr\\\/?s={search_term_string}\"},\"query-input\":{\"@type\":\"PropertyValueSpecification\",\"valueRequired\":true,\"valueName\":\"search_term_string\"}}],\"inLanguage\":\"fr-FR\"},{\"@type\":\"Organization\",\"@id\":\"https:\\\/\\\/pfanstiehl.com\\\/fr\\\/#organization\",\"name\":\"Pfanstiehl\",\"url\":\"https:\\\/\\\/pfanstiehl.com\\\/fr\\\/\",\"logo\":{\"@type\":\"ImageObject\",\"inLanguage\":\"fr-FR\",\"@id\":\"https:\\\/\\\/pfanstiehl.com\\\/fr\\\/#\\\/schema\\\/logo\\\/image\\\/\",\"url\":\"https:\\\/\\\/pfanstiehl.com\\\/wp-content\\\/uploads\\\/2024\\\/06\\\/logo.png\",\"contentUrl\":\"https:\\\/\\\/pfanstiehl.com\\\/wp-content\\\/uploads\\\/2024\\\/06\\\/logo.png\",\"width\":600,\"height\":85,\"caption\":\"Pfanstiehl\"},\"image\":{\"@id\":\"https:\\\/\\\/pfanstiehl.com\\\/fr\\\/#\\\/schema\\\/logo\\\/image\\\/\"}}]}<\/script>\n<!-- \/ Yoast SEO plugin. -->","yoast_head_json":{"title":"\u00c9preuves - Pfanstiehl","robots":{"index":"index","follow":"follow","max-snippet":"max-snippet:-1","max-image-preview":"max-image-preview:large","max-video-preview":"max-video-preview:-1"},"canonical":"https:\/\/pfanstiehl.com\/fr\/epreuves\/","og_locale":"fr_FR","og_type":"article","og_title":"\u00c9preuves - Pfanstiehl","og_url":"https:\/\/pfanstiehl.com\/fr\/epreuves\/","og_site_name":"Pfanstiehl","article_modified_time":"2024-07-24T05:06:30+00:00","twitter_card":"summary_large_image","twitter_misc":{"Dur\u00e9e de lecture estim\u00e9e":"1 minute"},"schema":{"@context":"https:\/\/schema.org","@graph":[{"@type":"WebPage","@id":"https:\/\/pfanstiehl.com\/fr\/epreuves\/","url":"https:\/\/pfanstiehl.com\/fr\/epreuves\/","name":"\u00c9preuves - Pfanstiehl","isPartOf":{"@id":"https:\/\/pfanstiehl.com\/fr\/#website"},"datePublished":"2024-06-08T11:16:52+00:00","dateModified":"2024-07-24T05:06:30+00:00","breadcrumb":{"@id":"https:\/\/pfanstiehl.com\/fr\/epreuves\/#breadcrumb"},"inLanguage":"fr-FR","potentialAction":[{"@type":"ReadAction","target":["https:\/\/pfanstiehl.com\/fr\/epreuves\/"]}]},{"@type":"BreadcrumbList","@id":"https:\/\/pfanstiehl.com\/fr\/epreuves\/#breadcrumb","itemListElement":[{"@type":"ListItem","position":1,"name":"Home","item":"https:\/\/pfanstiehl.com\/fr\/"},{"@type":"ListItem","position":2,"name":"\u00c9preuves"}]},{"@type":"WebSite","@id":"https:\/\/pfanstiehl.com\/fr\/#website","url":"https:\/\/pfanstiehl.com\/fr\/","name":"Pfanstiehl","description":"","publisher":{"@id":"https:\/\/pfanstiehl.com\/fr\/#organization"},"potentialAction":[{"@type":"SearchAction","target":{"@type":"EntryPoint","urlTemplate":"https:\/\/pfanstiehl.com\/fr\/?s={search_term_string}"},"query-input":{"@type":"PropertyValueSpecification","valueRequired":true,"valueName":"search_term_string"}}],"inLanguage":"fr-FR"},{"@type":"Organization","@id":"https:\/\/pfanstiehl.com\/fr\/#organization","name":"Pfanstiehl","url":"https:\/\/pfanstiehl.com\/fr\/","logo":{"@type":"ImageObject","inLanguage":"fr-FR","@id":"https:\/\/pfanstiehl.com\/fr\/#\/schema\/logo\/image\/","url":"https:\/\/pfanstiehl.com\/wp-content\/uploads\/2024\/06\/logo.png","contentUrl":"https:\/\/pfanstiehl.com\/wp-content\/uploads\/2024\/06\/logo.png","width":600,"height":85,"caption":"Pfanstiehl"},"image":{"@id":"https:\/\/pfanstiehl.com\/fr\/#\/schema\/logo\/image\/"}}]}},"_links":{"self":[{"href":"https:\/\/pfanstiehl.com\/fr\/wp-json\/wp\/v2\/pages\/5808","targetHints":{"allow":["GET"]}}],"collection":[{"href":"https:\/\/pfanstiehl.com\/fr\/wp-json\/wp\/v2\/pages"}],"about":[{"href":"https:\/\/pfanstiehl.com\/fr\/wp-json\/wp\/v2\/types\/page"}],"author":[{"embeddable":true,"href":"https:\/\/pfanstiehl.com\/fr\/wp-json\/wp\/v2\/users\/1"}],"replies":[{"embeddable":true,"href":"https:\/\/pfanstiehl.com\/fr\/wp-json\/wp\/v2\/comments?post=5808"}],"version-history":[{"count":4,"href":"https:\/\/pfanstiehl.com\/fr\/wp-json\/wp\/v2\/pages\/5808\/revisions"}],"predecessor-version":[{"id":7832,"href":"https:\/\/pfanstiehl.com\/fr\/wp-json\/wp\/v2\/pages\/5808\/revisions\/7832"}],"wp:attachment":[{"href":"https:\/\/pfanstiehl.com\/fr\/wp-json\/wp\/v2\/media?parent=5808"}],"curies":[{"name":"wp","href":"https:\/\/api.w.org\/{rel}","templated":true}]}}