{"id":5772,"date":"2024-05-21T08:38:42","date_gmt":"2024-05-21T08:38:42","guid":{"rendered":"https:\/\/pfanstiehl.com\/qui-sommes-nous\/"},"modified":"2024-07-02T06:44:43","modified_gmt":"2024-07-02T06:44:43","slug":"qui-sommes-nous","status":"publish","type":"page","link":"https:\/\/pfanstiehl.com\/fr\/qui-sommes-nous\/","title":{"rendered":"Qui sommes-nous ?"},"content":{"rendered":"\t\t<div data-elementor-type=\"wp-page\" data-elementor-id=\"5772\" class=\"elementor elementor-5772 elementor-139\" data-elementor-post-type=\"page\">\n\t\t\t\t<div class=\"elementor-element elementor-element-116ecbc e-flex e-con-boxed e-con e-parent\" data-id=\"116ecbc\" data-element_type=\"container\">\n\t\t\t\t\t<div class=\"e-con-inner\">\n\t\t<div class=\"elementor-element elementor-element-46c128e e-flex e-con-boxed e-con e-child\" data-id=\"46c128e\" data-element_type=\"container\">\n\t\t\t\t\t<div class=\"e-con-inner\">\n\t\t\t\t<div class=\"elementor-element elementor-element-2042534 elementor-widget elementor-widget-heading\" data-id=\"2042534\" data-element_type=\"widget\" data-widget_type=\"heading.default\">\n\t\t\t\t<div class=\"elementor-widget-container\">\n\t\t\t<style>\/*! elementor - v3.23.0 - 05-08-2024 *\/\n.elementor-heading-title{padding:0;margin:0;line-height:1}.elementor-widget-heading .elementor-heading-title[class*=elementor-size-]>a{color:inherit;font-size:inherit;line-height:inherit}.elementor-widget-heading .elementor-heading-title.elementor-size-small{font-size:15px}.elementor-widget-heading .elementor-heading-title.elementor-size-medium{font-size:19px}.elementor-widget-heading .elementor-heading-title.elementor-size-large{font-size:29px}.elementor-widget-heading .elementor-heading-title.elementor-size-xl{font-size:39px}.elementor-widget-heading .elementor-heading-title.elementor-size-xxl{font-size:59px}<\/style><h1 class=\"elementor-heading-title elementor-size-default\">Nous sommes Pfanstiehl<\/h1>\t\t<\/div>\n\t\t\t\t<\/div>\n\t\t\t\t<div class=\"elementor-element elementor-element-d69e3cc elementor-widget elementor-widget-text-editor\" data-id=\"d69e3cc\" data-element_type=\"widget\" data-widget_type=\"text-editor.default\">\n\t\t\t\t<div class=\"elementor-widget-container\">\n\t\t\t<style>\/*! elementor - v3.23.0 - 05-08-2024 *\/\n.elementor-widget-text-editor.elementor-drop-cap-view-stacked .elementor-drop-cap{background-color:#69727d;color:#fff}.elementor-widget-text-editor.elementor-drop-cap-view-framed .elementor-drop-cap{color:#69727d;border:3px solid;background-color:transparent}.elementor-widget-text-editor:not(.elementor-drop-cap-view-default) .elementor-drop-cap{margin-top:8px}.elementor-widget-text-editor:not(.elementor-drop-cap-view-default) .elementor-drop-cap-letter{width:1em;height:1em}.elementor-widget-text-editor .elementor-drop-cap{float:left;text-align:center;line-height:1;font-size:50px}.elementor-widget-text-editor .elementor-drop-cap-letter{display:inline-block}<\/style>\t\t\t\t<p>Pfanstiehl est mondialement reconnu comme un leader dans la fabrication d\u2019excipients injectables de haute puret\u00e9, \u00e0 faible teneur en endotoxines et \u00e0 faible teneur en m\u00e9taux et de composants biopharmaceutiques pour diverses applications dans les domaines de la biotransformation, de la formulation et des domaines sp\u00e9cialis\u00e9s. De plus, Pfanstiehl op\u00e8re en tant qu\u2019organisation de d\u00e9veloppement et de fabrication sous contrat (CDMO) de premier plan, sp\u00e9cialis\u00e9e dans l\u2019isolement, la purification, la synth\u00e8se personnalis\u00e9e et le d\u00e9veloppement \u00e0 grande \u00e9chelle d\u2019ingr\u00e9dients pharmaceutiques actifs (API) \u00e0 petites mol\u00e9cules allant de quantit\u00e9s commerciales de plusieurs tonnes au gramme. Alors que de nombreux fabricants ou revendeurs d\u2019ingr\u00e9dients s\u2019adressent \u00e0 diverses industries telles que l\u2019alimentation, les cosm\u00e9tiques, l\u2019agriculture et les compl\u00e9ments alimentaires, ne fournissant qu\u2019une gamme limit\u00e9e d\u2019ingr\u00e9dients de \u00ab qualit\u00e9 pharmaceutique \u00bb, Pfanstiehl se concentre exclusivement sur les applications biopharmaceutiques, d\u00e9montrant ainsi un engagement d\u00e9vou\u00e9 \u00e0 ce secteur sp\u00e9cifique.<\/p>\n\t\t\t\t\t\t<\/div>\n\t\t\t\t<\/div>\n\t\t\t\t\t<\/div>\n\t\t\t\t<\/div>\n\t\t<div class=\"elementor-element elementor-element-38042dd e-flex e-con-boxed e-con e-child\" data-id=\"38042dd\" data-element_type=\"container\">\n\t\t\t\t\t<div class=\"e-con-inner\">\n\t\t\t\t<div class=\"elementor-element elementor-element-006a2c7 elementor-widget elementor-widget-image\" data-id=\"006a2c7\" data-element_type=\"widget\" data-widget_type=\"image.default\">\n\t\t\t\t<div class=\"elementor-widget-container\">\n\t\t\t<style>\/*! elementor - v3.23.0 - 05-08-2024 *\/\n.elementor-widget-image{text-align:center}.elementor-widget-image a{display:inline-block}.elementor-widget-image a img[src$=\".svg\"]{width:48px}.elementor-widget-image img{vertical-align:middle;display:inline-block}<\/style>\t\t\t\t\t\t\t\t\t\t<img fetchpriority=\"high\" decoding=\"async\" width=\"800\" height=\"420\" src=\"https:\/\/pfanstiehl.com\/wp-content\/uploads\/2024\/06\/who-we-are-1024x537.png\" class=\"attachment-large size-large wp-image-2191\" alt=\"\" srcset=\"https:\/\/pfanstiehl.com\/wp-content\/uploads\/2024\/06\/who-we-are-1024x537.png 1024w, https:\/\/pfanstiehl.com\/wp-content\/uploads\/2024\/06\/who-we-are-300x157.png 300w, https:\/\/pfanstiehl.com\/wp-content\/uploads\/2024\/06\/who-we-are-768x403.png 768w, https:\/\/pfanstiehl.com\/wp-content\/uploads\/2024\/06\/who-we-are-600x315.png 600w, https:\/\/pfanstiehl.com\/wp-content\/uploads\/2024\/06\/who-we-are.png 1140w\" sizes=\"(max-width: 800px) 100vw, 800px\" \/>\t\t\t\t\t\t\t\t\t\t\t\t\t<\/div>\n\t\t\t\t<\/div>\n\t\t\t\t\t<\/div>\n\t\t\t\t<\/div>\n\t\t\t\t\t<\/div>\n\t\t\t\t<\/div>\n\t\t<div class=\"elementor-element elementor-element-14859f3 e-flex e-con-boxed e-con e-parent\" data-id=\"14859f3\" data-element_type=\"container\">\n\t\t\t\t\t<div class=\"e-con-inner\">\n\t\t\t\t<div class=\"elementor-element elementor-element-ca991a7 elementor-widget elementor-widget-text-editor\" data-id=\"ca991a7\" data-element_type=\"widget\" data-widget_type=\"text-editor.default\">\n\t\t\t\t<div class=\"elementor-widget-container\">\n\t\t\t\t\t\t\t<h3>Fabriqu\u00e9 aux \u00c9tats-Unis d\u2019Am\u00e9rique<\/h3>\n<p>Tous les produits de Pfanstiehl sont fabriqu\u00e9s aux \u00c9tats-Unis dans son usine de Waukegan, dans l\u2019Illinois, qui adh\u00e8re aux normes ICH Q7 et est inspect\u00e9e et approuv\u00e9e par la FDA am\u00e9ricaine. L\u2019\u00e9tablissement est id\u00e9alement situ\u00e9 \u00e0 35 minutes au nord de l\u2019a\u00e9roport O\u2019Hare et de la ville de Chicago.<\/p>\n\t\t\t\t\t\t<\/div>\n\t\t\t\t<\/div>\n\t\t\t\t<div class=\"elementor-element elementor-element-a2de307 elementor-widget elementor-widget-text-editor\" data-id=\"a2de307\" data-element_type=\"widget\" data-widget_type=\"text-editor.default\">\n\t\t\t\t<div class=\"elementor-widget-container\">\n\t\t\t\t\t\t\t<h3>100+ ans d\u2019innovation<\/h3>\n<p>Fond\u00e9e en 1919, Pfanstiehl c\u00e9l\u00e8bre ses 104 ans d\u2019h\u00e9ritage en tant que leader des glucides et de la chimie des proc\u00e9d\u00e9s. Notre client\u00e8le comprend les plus grandes soci\u00e9t\u00e9s biopharmaceutiques, pharmaceutiques et de vaccins au monde. Nos produits jouent un r\u00f4le essentiel dans les m\u00e9dicaments leaders du march\u00e9 traitant des maladies potentiellement mortelles et d\u00e9bilitantes telles que le cancer, la polyarthrite rhumato\u00efde, les MST et le diab\u00e8te, ainsi que dans les plateformes vaccinales de pointe, notamment les vaccins \u00e0 ARNm, \u00e0 vecteur viral ou \u00e0 base de prot\u00e9ines traditionnelles.<\/p>\n\t\t\t\t\t\t<\/div>\n\t\t\t\t<\/div>\n\t\t\t\t<div class=\"elementor-element elementor-element-14fba23 elementor-widget elementor-widget-text-editor\" data-id=\"14fba23\" data-element_type=\"widget\" data-widget_type=\"text-editor.default\">\n\t\t\t\t<div class=\"elementor-widget-container\">\n\t\t\t\t\t\t\t<h3>Qualit\u00e9, puret\u00e9, s\u00e9curit\u00e9<\/h3>\n<p>Les exigences croissantes en mati\u00e8re de r\u00e9glementation et de qualit\u00e9 favorisent les fabricants de produits biopharmaceutiques et pharmaceutiques de haute int\u00e9grit\u00e9 comme Pfanstiehl, connu pour ses produits de haute puret\u00e9, ses contr\u00f4les cGMP robustes et sa r\u00e9putation de confiance aupr\u00e8s des organismes de r\u00e9glementation comme la FDA. Chez Pfanstiehl, notre travail est motiv\u00e9 par un engagement \u00e0 la fois envers la qualit\u00e9 des produits et la s\u00e9curit\u00e9 de l\u2019environnement et des travailleurs. Nous concevons et \u00e9quipons m\u00e9ticuleusement nos installations, r\u00e9digeons des proc\u00e9dures et formons notre personnel pour non seulement respecter, mais aussi d\u00e9passer, la FDA am\u00e9ricaine, les BPF, l\u2019OSHA et les normes r\u00e9glementaires internationales et multi-officinales. La qualit\u00e9, la puret\u00e9 et la s\u00e9curit\u00e9 des patients, ainsi que la garantie de la s\u00e9curit\u00e9 des excipients biopharmaceutiques critiques, constituent les valeurs fondamentales de Pfanstiehl, auxquelles nous sommes profond\u00e9ment attach\u00e9s.<\/p>\n\t\t\t\t\t\t<\/div>\n\t\t\t\t<\/div>\n\t\t\t\t\t<\/div>\n\t\t\t\t<\/div>\n\t\t\t\t<\/div>\n\t\t","protected":false},"excerpt":{"rendered":"<p>Nous sommes Pfanstiehl Pfanstiehl est mondialement reconnu comme un leader dans la fabrication d\u2019excipients injectables de haute puret\u00e9, \u00e0 faible teneur en endotoxines et \u00e0 faible teneur en m\u00e9taux et de composants biopharmaceutiques pour diverses applications dans les domaines de la biotransformation, de la formulation et des domaines sp\u00e9cialis\u00e9s. De plus, Pfanstiehl op\u00e8re en tant [&hellip;]<\/p>\n","protected":false},"author":1,"featured_media":0,"parent":0,"menu_order":0,"comment_status":"closed","ping_status":"closed","template":"elementor_header_footer","meta":{"om_disable_all_campaigns":false,"_monsterinsights_skip_tracking":false,"_monsterinsights_sitenote_active":false,"_monsterinsights_sitenote_note":"","_monsterinsights_sitenote_category":0,"_uf_show_specific_survey":0,"_uf_disable_surveys":false,"footnotes":""},"class_list":["post-5772","page","type-page","status-publish","hentry"],"yoast_head":"<!-- This site is optimized with the Yoast SEO plugin v27.3 - https:\/\/yoast.com\/product\/yoast-seo-wordpress\/ -->\n<title>Qui sommes-nous ? - Pfanstiehl<\/title>\n<meta name=\"robots\" content=\"index, follow, max-snippet:-1, max-image-preview:large, max-video-preview:-1\" \/>\n<link rel=\"canonical\" href=\"https:\/\/pfanstiehl.com\/fr\/qui-sommes-nous\/\" \/>\n<meta property=\"og:locale\" content=\"fr_FR\" \/>\n<meta property=\"og:type\" content=\"article\" \/>\n<meta property=\"og:title\" content=\"Qui sommes-nous ? - Pfanstiehl\" \/>\n<meta property=\"og:description\" content=\"Nous sommes Pfanstiehl Pfanstiehl est mondialement reconnu comme un leader dans la fabrication d\u2019excipients injectables de haute puret\u00e9, \u00e0 faible teneur en endotoxines et \u00e0 faible teneur en m\u00e9taux et de composants biopharmaceutiques pour diverses applications dans les domaines de la biotransformation, de la formulation et des domaines sp\u00e9cialis\u00e9s. De plus, Pfanstiehl op\u00e8re en tant [&hellip;]\" \/>\n<meta property=\"og:url\" content=\"https:\/\/pfanstiehl.com\/fr\/qui-sommes-nous\/\" \/>\n<meta property=\"og:site_name\" content=\"Pfanstiehl\" \/>\n<meta property=\"article:modified_time\" content=\"2024-07-02T06:44:43+00:00\" \/>\n<meta property=\"og:image\" content=\"https:\/\/pfanstiehl.com\/wp-content\/uploads\/2024\/06\/who-we-are-1024x537.png\" \/>\n<meta name=\"twitter:card\" content=\"summary_large_image\" \/>\n<meta name=\"twitter:label1\" content=\"Dur\u00e9e de lecture estim\u00e9e\" \/>\n\t<meta name=\"twitter:data1\" content=\"2 minutes\" \/>\n<script type=\"application\/ld+json\" class=\"yoast-schema-graph\">{\"@context\":\"https:\\\/\\\/schema.org\",\"@graph\":[{\"@type\":\"WebPage\",\"@id\":\"https:\\\/\\\/pfanstiehl.com\\\/fr\\\/qui-sommes-nous\\\/\",\"url\":\"https:\\\/\\\/pfanstiehl.com\\\/fr\\\/qui-sommes-nous\\\/\",\"name\":\"Qui sommes-nous ? - Pfanstiehl\",\"isPartOf\":{\"@id\":\"https:\\\/\\\/pfanstiehl.com\\\/fr\\\/#website\"},\"primaryImageOfPage\":{\"@id\":\"https:\\\/\\\/pfanstiehl.com\\\/fr\\\/qui-sommes-nous\\\/#primaryimage\"},\"image\":{\"@id\":\"https:\\\/\\\/pfanstiehl.com\\\/fr\\\/qui-sommes-nous\\\/#primaryimage\"},\"thumbnailUrl\":\"https:\\\/\\\/pfanstiehl.com\\\/wp-content\\\/uploads\\\/2024\\\/06\\\/who-we-are-1024x537.png\",\"datePublished\":\"2024-05-21T08:38:42+00:00\",\"dateModified\":\"2024-07-02T06:44:43+00:00\",\"breadcrumb\":{\"@id\":\"https:\\\/\\\/pfanstiehl.com\\\/fr\\\/qui-sommes-nous\\\/#breadcrumb\"},\"inLanguage\":\"fr-FR\",\"potentialAction\":[{\"@type\":\"ReadAction\",\"target\":[\"https:\\\/\\\/pfanstiehl.com\\\/fr\\\/qui-sommes-nous\\\/\"]}]},{\"@type\":\"ImageObject\",\"inLanguage\":\"fr-FR\",\"@id\":\"https:\\\/\\\/pfanstiehl.com\\\/fr\\\/qui-sommes-nous\\\/#primaryimage\",\"url\":\"https:\\\/\\\/pfanstiehl.com\\\/wp-content\\\/uploads\\\/2024\\\/06\\\/who-we-are-1024x537.png\",\"contentUrl\":\"https:\\\/\\\/pfanstiehl.com\\\/wp-content\\\/uploads\\\/2024\\\/06\\\/who-we-are-1024x537.png\"},{\"@type\":\"BreadcrumbList\",\"@id\":\"https:\\\/\\\/pfanstiehl.com\\\/fr\\\/qui-sommes-nous\\\/#breadcrumb\",\"itemListElement\":[{\"@type\":\"ListItem\",\"position\":1,\"name\":\"Home\",\"item\":\"https:\\\/\\\/pfanstiehl.com\\\/fr\\\/\"},{\"@type\":\"ListItem\",\"position\":2,\"name\":\"Qui sommes-nous ?\"}]},{\"@type\":\"WebSite\",\"@id\":\"https:\\\/\\\/pfanstiehl.com\\\/fr\\\/#website\",\"url\":\"https:\\\/\\\/pfanstiehl.com\\\/fr\\\/\",\"name\":\"Pfanstiehl\",\"description\":\"\",\"publisher\":{\"@id\":\"https:\\\/\\\/pfanstiehl.com\\\/fr\\\/#organization\"},\"potentialAction\":[{\"@type\":\"SearchAction\",\"target\":{\"@type\":\"EntryPoint\",\"urlTemplate\":\"https:\\\/\\\/pfanstiehl.com\\\/fr\\\/?s={search_term_string}\"},\"query-input\":{\"@type\":\"PropertyValueSpecification\",\"valueRequired\":true,\"valueName\":\"search_term_string\"}}],\"inLanguage\":\"fr-FR\"},{\"@type\":\"Organization\",\"@id\":\"https:\\\/\\\/pfanstiehl.com\\\/fr\\\/#organization\",\"name\":\"Pfanstiehl\",\"url\":\"https:\\\/\\\/pfanstiehl.com\\\/fr\\\/\",\"logo\":{\"@type\":\"ImageObject\",\"inLanguage\":\"fr-FR\",\"@id\":\"https:\\\/\\\/pfanstiehl.com\\\/fr\\\/#\\\/schema\\\/logo\\\/image\\\/\",\"url\":\"https:\\\/\\\/pfanstiehl.com\\\/wp-content\\\/uploads\\\/2024\\\/06\\\/logo.png\",\"contentUrl\":\"https:\\\/\\\/pfanstiehl.com\\\/wp-content\\\/uploads\\\/2024\\\/06\\\/logo.png\",\"width\":600,\"height\":85,\"caption\":\"Pfanstiehl\"},\"image\":{\"@id\":\"https:\\\/\\\/pfanstiehl.com\\\/fr\\\/#\\\/schema\\\/logo\\\/image\\\/\"}}]}<\/script>\n<!-- \/ Yoast SEO plugin. -->","yoast_head_json":{"title":"Qui sommes-nous ? - Pfanstiehl","robots":{"index":"index","follow":"follow","max-snippet":"max-snippet:-1","max-image-preview":"max-image-preview:large","max-video-preview":"max-video-preview:-1"},"canonical":"https:\/\/pfanstiehl.com\/fr\/qui-sommes-nous\/","og_locale":"fr_FR","og_type":"article","og_title":"Qui sommes-nous ? - Pfanstiehl","og_description":"Nous sommes Pfanstiehl Pfanstiehl est mondialement reconnu comme un leader dans la fabrication d\u2019excipients injectables de haute puret\u00e9, \u00e0 faible teneur en endotoxines et \u00e0 faible teneur en m\u00e9taux et de composants biopharmaceutiques pour diverses applications dans les domaines de la biotransformation, de la formulation et des domaines sp\u00e9cialis\u00e9s. De plus, Pfanstiehl op\u00e8re en tant [&hellip;]","og_url":"https:\/\/pfanstiehl.com\/fr\/qui-sommes-nous\/","og_site_name":"Pfanstiehl","article_modified_time":"2024-07-02T06:44:43+00:00","og_image":[{"url":"https:\/\/pfanstiehl.com\/wp-content\/uploads\/2024\/06\/who-we-are-1024x537.png","type":"","width":"","height":""}],"twitter_card":"summary_large_image","twitter_misc":{"Dur\u00e9e de lecture estim\u00e9e":"2 minutes"},"schema":{"@context":"https:\/\/schema.org","@graph":[{"@type":"WebPage","@id":"https:\/\/pfanstiehl.com\/fr\/qui-sommes-nous\/","url":"https:\/\/pfanstiehl.com\/fr\/qui-sommes-nous\/","name":"Qui sommes-nous ? - Pfanstiehl","isPartOf":{"@id":"https:\/\/pfanstiehl.com\/fr\/#website"},"primaryImageOfPage":{"@id":"https:\/\/pfanstiehl.com\/fr\/qui-sommes-nous\/#primaryimage"},"image":{"@id":"https:\/\/pfanstiehl.com\/fr\/qui-sommes-nous\/#primaryimage"},"thumbnailUrl":"https:\/\/pfanstiehl.com\/wp-content\/uploads\/2024\/06\/who-we-are-1024x537.png","datePublished":"2024-05-21T08:38:42+00:00","dateModified":"2024-07-02T06:44:43+00:00","breadcrumb":{"@id":"https:\/\/pfanstiehl.com\/fr\/qui-sommes-nous\/#breadcrumb"},"inLanguage":"fr-FR","potentialAction":[{"@type":"ReadAction","target":["https:\/\/pfanstiehl.com\/fr\/qui-sommes-nous\/"]}]},{"@type":"ImageObject","inLanguage":"fr-FR","@id":"https:\/\/pfanstiehl.com\/fr\/qui-sommes-nous\/#primaryimage","url":"https:\/\/pfanstiehl.com\/wp-content\/uploads\/2024\/06\/who-we-are-1024x537.png","contentUrl":"https:\/\/pfanstiehl.com\/wp-content\/uploads\/2024\/06\/who-we-are-1024x537.png"},{"@type":"BreadcrumbList","@id":"https:\/\/pfanstiehl.com\/fr\/qui-sommes-nous\/#breadcrumb","itemListElement":[{"@type":"ListItem","position":1,"name":"Home","item":"https:\/\/pfanstiehl.com\/fr\/"},{"@type":"ListItem","position":2,"name":"Qui sommes-nous ?"}]},{"@type":"WebSite","@id":"https:\/\/pfanstiehl.com\/fr\/#website","url":"https:\/\/pfanstiehl.com\/fr\/","name":"Pfanstiehl","description":"","publisher":{"@id":"https:\/\/pfanstiehl.com\/fr\/#organization"},"potentialAction":[{"@type":"SearchAction","target":{"@type":"EntryPoint","urlTemplate":"https:\/\/pfanstiehl.com\/fr\/?s={search_term_string}"},"query-input":{"@type":"PropertyValueSpecification","valueRequired":true,"valueName":"search_term_string"}}],"inLanguage":"fr-FR"},{"@type":"Organization","@id":"https:\/\/pfanstiehl.com\/fr\/#organization","name":"Pfanstiehl","url":"https:\/\/pfanstiehl.com\/fr\/","logo":{"@type":"ImageObject","inLanguage":"fr-FR","@id":"https:\/\/pfanstiehl.com\/fr\/#\/schema\/logo\/image\/","url":"https:\/\/pfanstiehl.com\/wp-content\/uploads\/2024\/06\/logo.png","contentUrl":"https:\/\/pfanstiehl.com\/wp-content\/uploads\/2024\/06\/logo.png","width":600,"height":85,"caption":"Pfanstiehl"},"image":{"@id":"https:\/\/pfanstiehl.com\/fr\/#\/schema\/logo\/image\/"}}]}},"_links":{"self":[{"href":"https:\/\/pfanstiehl.com\/fr\/wp-json\/wp\/v2\/pages\/5772","targetHints":{"allow":["GET"]}}],"collection":[{"href":"https:\/\/pfanstiehl.com\/fr\/wp-json\/wp\/v2\/pages"}],"about":[{"href":"https:\/\/pfanstiehl.com\/fr\/wp-json\/wp\/v2\/types\/page"}],"author":[{"embeddable":true,"href":"https:\/\/pfanstiehl.com\/fr\/wp-json\/wp\/v2\/users\/1"}],"replies":[{"embeddable":true,"href":"https:\/\/pfanstiehl.com\/fr\/wp-json\/wp\/v2\/comments?post=5772"}],"version-history":[{"count":1,"href":"https:\/\/pfanstiehl.com\/fr\/wp-json\/wp\/v2\/pages\/5772\/revisions"}],"predecessor-version":[{"id":5775,"href":"https:\/\/pfanstiehl.com\/fr\/wp-json\/wp\/v2\/pages\/5772\/revisions\/5775"}],"wp:attachment":[{"href":"https:\/\/pfanstiehl.com\/fr\/wp-json\/wp\/v2\/media?parent=5772"}],"curies":[{"name":"wp","href":"https:\/\/api.w.org\/{rel}","templated":true}]}}