{"id":5101,"date":"2024-05-21T08:52:34","date_gmt":"2024-05-21T08:52:34","guid":{"rendered":"https:\/\/pfanstiehl.com\/histoire\/"},"modified":"2024-07-01T11:05:48","modified_gmt":"2024-07-01T11:05:48","slug":"histoire","status":"publish","type":"page","link":"https:\/\/pfanstiehl.com\/fr\/histoire\/","title":{"rendered":"Histoire"},"content":{"rendered":"\t\t<div data-elementor-type=\"wp-page\" data-elementor-id=\"5101\" class=\"elementor elementor-5101 elementor-179\" data-elementor-post-type=\"page\">\n\t\t\t\t<div class=\"elementor-element elementor-element-987f35b e-flex e-con-boxed e-con e-parent\" data-id=\"987f35b\" data-element_type=\"container\">\n\t\t\t\t\t<div class=\"e-con-inner\">\n\t\t<div class=\"elementor-element elementor-element-51e1d95 e-flex e-con-boxed e-con e-child\" data-id=\"51e1d95\" data-element_type=\"container\">\n\t\t\t\t\t<div class=\"e-con-inner\">\n\t\t\t\t<div class=\"elementor-element elementor-element-175241b elementor-widget elementor-widget-heading\" data-id=\"175241b\" data-element_type=\"widget\" data-widget_type=\"heading.default\">\n\t\t\t\t<div class=\"elementor-widget-container\">\n\t\t\t<style>\/*! elementor - v3.23.0 - 05-08-2024 *\/\n.elementor-heading-title{padding:0;margin:0;line-height:1}.elementor-widget-heading .elementor-heading-title[class*=elementor-size-]>a{color:inherit;font-size:inherit;line-height:inherit}.elementor-widget-heading .elementor-heading-title.elementor-size-small{font-size:15px}.elementor-widget-heading .elementor-heading-title.elementor-size-medium{font-size:19px}.elementor-widget-heading .elementor-heading-title.elementor-size-large{font-size:29px}.elementor-widget-heading .elementor-heading-title.elementor-size-xl{font-size:39px}.elementor-widget-heading .elementor-heading-title.elementor-size-xxl{font-size:59px}<\/style><h1 class=\"elementor-heading-title elementor-size-default\">Une histoire d\u2019innovation<\/h1>\t\t<\/div>\n\t\t\t\t<\/div>\n\t\t\t\t<div class=\"elementor-element elementor-element-fc4349b elementor-widget elementor-widget-text-editor\" data-id=\"fc4349b\" data-element_type=\"widget\" data-widget_type=\"text-editor.default\">\n\t\t\t\t<div class=\"elementor-widget-container\">\n\t\t\t<style>\/*! elementor - v3.23.0 - 05-08-2024 *\/\n.elementor-widget-text-editor.elementor-drop-cap-view-stacked .elementor-drop-cap{background-color:#69727d;color:#fff}.elementor-widget-text-editor.elementor-drop-cap-view-framed .elementor-drop-cap{color:#69727d;border:3px solid;background-color:transparent}.elementor-widget-text-editor:not(.elementor-drop-cap-view-default) .elementor-drop-cap{margin-top:8px}.elementor-widget-text-editor:not(.elementor-drop-cap-view-default) .elementor-drop-cap-letter{width:1em;height:1em}.elementor-widget-text-editor .elementor-drop-cap{float:left;text-align:center;line-height:1;font-size:50px}.elementor-widget-text-editor .elementor-drop-cap-letter{display:inline-block}<\/style>\t\t\t\t<p><strong>2022<\/strong><br \/>Pfanstiehl ach\u00e8ve une expansion significative de sa capacit\u00e9 de fabrication pour r\u00e9pondre \u00e0 la demande du march\u00e9 pour des excipients de haute qualit\u00e9.<\/p>\n<\/p>\n<p><strong>2020<\/strong><br \/>Dans le cadre du projet Warp Speed, Pfanstiehl met en place des mesures de contr\u00f4le des infections pour continuer \u00e0 fabriquer les excipients glucidiques essentiels n\u00e9cessaires \u00e0 la production du vaccin COVID. Tout au long de la pand\u00e9mie, les employ\u00e9s de Pfanstiehl ont travaill\u00e9 avec diligence sans interruption pour r\u00e9pondre \u00e0 la demande sans pr\u00e9c\u00e9dent de composants vaccinaux.<\/p>\n\t\t\t\t\t\t<\/div>\n\t\t\t\t<\/div>\n\t\t\t\t\t<\/div>\n\t\t\t\t<\/div>\n\t\t<div class=\"elementor-element elementor-element-c80a74e e-flex e-con-boxed e-con e-child\" data-id=\"c80a74e\" data-element_type=\"container\">\n\t\t\t\t\t<div class=\"e-con-inner\">\n\t\t\t\t<div class=\"elementor-element elementor-element-6ef0661 elementor-widget elementor-widget-image\" data-id=\"6ef0661\" data-element_type=\"widget\" data-widget_type=\"image.default\">\n\t\t\t\t<div class=\"elementor-widget-container\">\n\t\t\t<style>\/*! elementor - v3.23.0 - 05-08-2024 *\/\n.elementor-widget-image{text-align:center}.elementor-widget-image a{display:inline-block}.elementor-widget-image a img[src$=\".svg\"]{width:48px}.elementor-widget-image img{vertical-align:middle;display:inline-block}<\/style>\t\t\t\t\t\t\t\t\t\t<img fetchpriority=\"high\" decoding=\"async\" width=\"800\" height=\"569\" src=\"https:\/\/pfanstiehl.com\/wp-content\/uploads\/2024\/06\/history.png\" class=\"attachment-large size-large wp-image-2189\" alt=\"\" srcset=\"https:\/\/pfanstiehl.com\/wp-content\/uploads\/2024\/06\/history.png 985w, https:\/\/pfanstiehl.com\/wp-content\/uploads\/2024\/06\/history-300x213.png 300w, https:\/\/pfanstiehl.com\/wp-content\/uploads\/2024\/06\/history-768x546.png 768w, https:\/\/pfanstiehl.com\/wp-content\/uploads\/2024\/06\/history-600x426.png 600w\" sizes=\"(max-width: 800px) 100vw, 800px\" \/>\t\t\t\t\t\t\t\t\t\t\t\t\t<\/div>\n\t\t\t\t<\/div>\n\t\t\t\t\t<\/div>\n\t\t\t\t<\/div>\n\t\t\t\t\t<\/div>\n\t\t\t\t<\/div>\n\t\t<div class=\"elementor-element elementor-element-54dc1f8 e-flex e-con-boxed e-con e-child\" data-id=\"54dc1f8\" data-element_type=\"container\">\n\t\t\t\t\t<div class=\"e-con-inner\">\n\t\t\t\t<div class=\"elementor-element elementor-element-4fa9182 elementor-widget elementor-widget-text-editor\" data-id=\"4fa9182\" data-element_type=\"widget\" data-widget_type=\"text-editor.default\">\n\t\t\t\t<div class=\"elementor-widget-container\">\n\t\t\t\t\t\t\t<p><strong>2015<\/strong><br \/>Pfanstiehl s\u2019agrandit avec l\u2019ouverture de bureaux en Suisse et \u00e0 Singapour.<\/p>\n<\/p>\n<p><strong>2006<\/strong><br \/>Construction d\u2019un laboratoire d\u2019essais analytiques et de laboratoires de d\u00e9veloppement et de validation de m\u00e9thodes nouveaux et agrandis D\u00e9but des nouvelles installations du laboratoire et de l\u2019usine pilote de Kilo pour soutenir les services de synth\u00e8se personnalis\u00e9e et de fabrication de SPLI (phase I)<\/p>\n<\/p>\n<p><strong>2003<\/strong><br \/>Ajout d\u2019un isolateur de synth\u00e8se \u00e0 l\u2019usine de fabrication de substances \u00e0 haute puissance (HPS) pour accueillir d\u2019autres programmes de d\u00e9veloppement de candidats m\u00e9dicaments en oncologie de phase pr\u00e9coce.<\/p>\n<\/p>\n<p><strong>2001<\/strong><br \/>Installations et pratiques de fabrication de substances \u00e0 haute puissance (HPS) certifi\u00e9es par SafeBridge Consultants, Inc.<\/p>\n<\/p>\n<p><strong>2000<\/strong><br \/>Pfanstiehl devient une filiale \u00e0 part enti\u00e8re de Ferro Corporation, un important producteur international de mat\u00e9riaux de performance pour l\u2019industrie, notamment des rev\u00eatements, des produits chimiques fins et des additifs polym\u00e8res. L\u2019acquisition par Ferro acc\u00e9l\u00e8re l\u2019expansion de l\u2019infrastructure technique et des capitaux.<\/p>\n<\/p>\n<p><strong>1999<\/strong><br \/>Construction d\u2019une nouvelle usine polyvalente de fabrication de substances de forte puissance (HPS) \u00e0 l\u2019\u00e9chelle commerciale. Optimis\u00e9e pour l\u2019isolement\/confinement des produits et le contr\u00f4le centralis\u00e9 des processus, l\u2019installation \u00e9tend les capacit\u00e9s de Pfanstiehl pour le traitement des API et des interm\u00e9diaires toxiques et cytotoxiques.<\/p>\n<\/p>\n<p><strong>1977<\/strong><br \/>Pfanstiehl s\u2019associe \u00e0 Abbott Laboratories pour d\u00e9velopper un proc\u00e9d\u00e9 de production de phospholipide de jaune d\u2019\u0153uf (l\u00e9cithine d\u2019\u0153uf) destin\u00e9 \u00e0 \u00eatre utilis\u00e9 dans une formulation de nutrition parent\u00e9rale.<\/p>\n<\/p>\n<p><strong>1973<\/strong><br \/>Pfanstiehl \u00e9tablit son premier dossier principal de m\u00e9dicaments de type II aupr\u00e8s de la Food and Drug Administration des \u00c9tats-Unis pour un client pharmaceutique<\/p>\n<\/p>\n<p><strong>1962<\/strong><br \/>Pfanstiehl commence \u00e0 produire des solutions de lactate de sodium et de chlorhydrate de glucosamine, marquant ainsi l\u2019entr\u00e9e dans la production de compos\u00e9s pharmaceutiques et d\u2019interm\u00e9diaires.<\/p>\n<\/p>\n<p><strong>1959<\/strong><br \/>Pfanstiel augmente consid\u00e9rablement sa capacit\u00e9 et ses capacit\u00e9s en d\u00e9m\u00e9nageant \u00e0 son adresse actuelle \u00e0 Waukegan, dans l\u2019Illinois. Le b\u00e2timent d\u2019origine occup\u00e9 sur l\u2019avenue Glen Rock continue d\u2019abriter la production de produits chimiques fins de Pfanstiehl.<\/p>\n<\/p>\n<p><strong>1954<\/strong><br \/>Babson vend sa division de chimie fine \u00e0 Arthur Holstein et au chimiste des glucides Dr. Waldersee Hendrey, qui nomment alors leur soci\u00e9t\u00e9 Pfanstiehl Laboratories, Inc. Pfanstiehl commence \u00e0 produire des produits chimiques fins en plus gros volumes et commence \u00e0 fournir des produits biochimiques en vrac aux revendeurs de catalogues. L\u2019accent est mis sur les glucides et les produits chimiques organiques connexes.<\/p>\n<\/p>\n<p><strong>1947<\/strong><br \/>Arthur G. Holstein, chimiste et d\u00e9tenteur de cinq brevets de traitement biochimique, rejoint Pfanstiehl \u00e0 la t\u00eate de la division chimie fine.<\/p>\n<\/p>\n<p><strong>1942<\/strong><br \/>Pfanstiehl Chemical devient une filiale de Babson, exploitant trois divisions distinctes : chimie fine, produits m\u00e9tallurgiques et produits d\u2019assainissement laitiers.<\/p>\n<\/p>\n<p><strong>1930<\/strong><br \/>Babson Brothers, Inc., un fabricant et distributeur de fournitures pour l\u2019industrie laiti\u00e8re de la r\u00e9gion de Chicago, rejoint Pfanstiehl pour apporter un soutien financier et de gestion. La Special Chemicals Company est rebaptis\u00e9e Pfanstiehl Chemical Corporation et d\u00e9m\u00e9nage \u00e0 Waukegan, dans l\u2019Illinois.<\/p>\n<\/p>\n<p><strong>1919<\/strong><br \/>Avec l\u2019aide de capitaux de d\u00e9marrage du gouvernement am\u00e9ricain, la Special Chemicals Corporation est fond\u00e9e par Carl Pfanstiehl dans l\u2019\u00e9curie derri\u00e8re sa maison. Il commence \u00e0 fournir des glucides, des acides amin\u00e9s et des enzymes de haute puret\u00e9 aux laboratoires d\u2019analyse et aux h\u00f4pitaux.<\/p>\n\t\t\t\t\t\t<\/div>\n\t\t\t\t<\/div>\n\t\t\t\t\t<\/div>\n\t\t\t\t<\/div>\n\t\t\t\t<\/div>\n\t\t","protected":false},"excerpt":{"rendered":"<p>Une histoire d\u2019innovation 2022Pfanstiehl ach\u00e8ve une expansion significative de sa capacit\u00e9 de fabrication pour r\u00e9pondre \u00e0 la demande du march\u00e9 pour des excipients de haute qualit\u00e9. 2020Dans le cadre du projet Warp Speed, Pfanstiehl met en place des mesures de contr\u00f4le des infections pour continuer \u00e0 fabriquer les excipients glucidiques essentiels n\u00e9cessaires \u00e0 la production [&hellip;]<\/p>\n","protected":false},"author":1,"featured_media":0,"parent":0,"menu_order":0,"comment_status":"closed","ping_status":"closed","template":"elementor_header_footer","meta":{"om_disable_all_campaigns":false,"_monsterinsights_skip_tracking":false,"_monsterinsights_sitenote_active":false,"_monsterinsights_sitenote_note":"","_monsterinsights_sitenote_category":0,"_uf_show_specific_survey":0,"_uf_disable_surveys":false,"footnotes":""},"class_list":["post-5101","page","type-page","status-publish","hentry"],"yoast_head":"<!-- This site is optimized with the Yoast SEO plugin v27.3 - https:\/\/yoast.com\/product\/yoast-seo-wordpress\/ -->\n<title>Histoire - Pfanstiehl<\/title>\n<meta name=\"robots\" content=\"index, follow, max-snippet:-1, max-image-preview:large, max-video-preview:-1\" \/>\n<link rel=\"canonical\" href=\"https:\/\/pfanstiehl.com\/fr\/histoire\/\" \/>\n<meta property=\"og:locale\" content=\"fr_FR\" \/>\n<meta property=\"og:type\" content=\"article\" \/>\n<meta property=\"og:title\" content=\"Histoire - Pfanstiehl\" \/>\n<meta property=\"og:description\" content=\"Une histoire d\u2019innovation 2022Pfanstiehl ach\u00e8ve une expansion significative de sa capacit\u00e9 de fabrication pour r\u00e9pondre \u00e0 la demande du march\u00e9 pour des excipients de haute qualit\u00e9. 2020Dans le cadre du projet Warp Speed, Pfanstiehl met en place des mesures de contr\u00f4le des infections pour continuer \u00e0 fabriquer les excipients glucidiques essentiels n\u00e9cessaires \u00e0 la production [&hellip;]\" \/>\n<meta property=\"og:url\" content=\"https:\/\/pfanstiehl.com\/fr\/histoire\/\" \/>\n<meta property=\"og:site_name\" content=\"Pfanstiehl\" \/>\n<meta property=\"article:modified_time\" content=\"2024-07-01T11:05:48+00:00\" \/>\n<meta property=\"og:image\" content=\"https:\/\/pfanstiehl.com\/wp-content\/uploads\/2024\/06\/history.png\" \/>\n<meta name=\"twitter:card\" content=\"summary_large_image\" \/>\n<meta name=\"twitter:label1\" content=\"Dur\u00e9e de lecture estim\u00e9e\" \/>\n\t<meta name=\"twitter:data1\" content=\"3 minutes\" \/>\n<script type=\"application\/ld+json\" class=\"yoast-schema-graph\">{\"@context\":\"https:\\\/\\\/schema.org\",\"@graph\":[{\"@type\":\"WebPage\",\"@id\":\"https:\\\/\\\/pfanstiehl.com\\\/fr\\\/histoire\\\/\",\"url\":\"https:\\\/\\\/pfanstiehl.com\\\/fr\\\/histoire\\\/\",\"name\":\"Histoire - Pfanstiehl\",\"isPartOf\":{\"@id\":\"https:\\\/\\\/pfanstiehl.com\\\/fr\\\/#website\"},\"primaryImageOfPage\":{\"@id\":\"https:\\\/\\\/pfanstiehl.com\\\/fr\\\/histoire\\\/#primaryimage\"},\"image\":{\"@id\":\"https:\\\/\\\/pfanstiehl.com\\\/fr\\\/histoire\\\/#primaryimage\"},\"thumbnailUrl\":\"https:\\\/\\\/pfanstiehl.com\\\/wp-content\\\/uploads\\\/2024\\\/06\\\/history.png\",\"datePublished\":\"2024-05-21T08:52:34+00:00\",\"dateModified\":\"2024-07-01T11:05:48+00:00\",\"breadcrumb\":{\"@id\":\"https:\\\/\\\/pfanstiehl.com\\\/fr\\\/histoire\\\/#breadcrumb\"},\"inLanguage\":\"fr-FR\",\"potentialAction\":[{\"@type\":\"ReadAction\",\"target\":[\"https:\\\/\\\/pfanstiehl.com\\\/fr\\\/histoire\\\/\"]}]},{\"@type\":\"ImageObject\",\"inLanguage\":\"fr-FR\",\"@id\":\"https:\\\/\\\/pfanstiehl.com\\\/fr\\\/histoire\\\/#primaryimage\",\"url\":\"https:\\\/\\\/pfanstiehl.com\\\/wp-content\\\/uploads\\\/2024\\\/06\\\/history.png\",\"contentUrl\":\"https:\\\/\\\/pfanstiehl.com\\\/wp-content\\\/uploads\\\/2024\\\/06\\\/history.png\"},{\"@type\":\"BreadcrumbList\",\"@id\":\"https:\\\/\\\/pfanstiehl.com\\\/fr\\\/histoire\\\/#breadcrumb\",\"itemListElement\":[{\"@type\":\"ListItem\",\"position\":1,\"name\":\"Home\",\"item\":\"https:\\\/\\\/pfanstiehl.com\\\/fr\\\/\"},{\"@type\":\"ListItem\",\"position\":2,\"name\":\"Histoire\"}]},{\"@type\":\"WebSite\",\"@id\":\"https:\\\/\\\/pfanstiehl.com\\\/fr\\\/#website\",\"url\":\"https:\\\/\\\/pfanstiehl.com\\\/fr\\\/\",\"name\":\"Pfanstiehl\",\"description\":\"\",\"publisher\":{\"@id\":\"https:\\\/\\\/pfanstiehl.com\\\/fr\\\/#organization\"},\"potentialAction\":[{\"@type\":\"SearchAction\",\"target\":{\"@type\":\"EntryPoint\",\"urlTemplate\":\"https:\\\/\\\/pfanstiehl.com\\\/fr\\\/?s={search_term_string}\"},\"query-input\":{\"@type\":\"PropertyValueSpecification\",\"valueRequired\":true,\"valueName\":\"search_term_string\"}}],\"inLanguage\":\"fr-FR\"},{\"@type\":\"Organization\",\"@id\":\"https:\\\/\\\/pfanstiehl.com\\\/fr\\\/#organization\",\"name\":\"Pfanstiehl\",\"url\":\"https:\\\/\\\/pfanstiehl.com\\\/fr\\\/\",\"logo\":{\"@type\":\"ImageObject\",\"inLanguage\":\"fr-FR\",\"@id\":\"https:\\\/\\\/pfanstiehl.com\\\/fr\\\/#\\\/schema\\\/logo\\\/image\\\/\",\"url\":\"https:\\\/\\\/pfanstiehl.com\\\/wp-content\\\/uploads\\\/2024\\\/06\\\/logo.png\",\"contentUrl\":\"https:\\\/\\\/pfanstiehl.com\\\/wp-content\\\/uploads\\\/2024\\\/06\\\/logo.png\",\"width\":600,\"height\":85,\"caption\":\"Pfanstiehl\"},\"image\":{\"@id\":\"https:\\\/\\\/pfanstiehl.com\\\/fr\\\/#\\\/schema\\\/logo\\\/image\\\/\"}}]}<\/script>\n<!-- \/ Yoast SEO plugin. -->","yoast_head_json":{"title":"Histoire - Pfanstiehl","robots":{"index":"index","follow":"follow","max-snippet":"max-snippet:-1","max-image-preview":"max-image-preview:large","max-video-preview":"max-video-preview:-1"},"canonical":"https:\/\/pfanstiehl.com\/fr\/histoire\/","og_locale":"fr_FR","og_type":"article","og_title":"Histoire - Pfanstiehl","og_description":"Une histoire d\u2019innovation 2022Pfanstiehl ach\u00e8ve une expansion significative de sa capacit\u00e9 de fabrication pour r\u00e9pondre \u00e0 la demande du march\u00e9 pour des excipients de haute qualit\u00e9. 2020Dans le cadre du projet Warp Speed, Pfanstiehl met en place des mesures de contr\u00f4le des infections pour continuer \u00e0 fabriquer les excipients glucidiques essentiels n\u00e9cessaires \u00e0 la production [&hellip;]","og_url":"https:\/\/pfanstiehl.com\/fr\/histoire\/","og_site_name":"Pfanstiehl","article_modified_time":"2024-07-01T11:05:48+00:00","og_image":[{"url":"https:\/\/pfanstiehl.com\/wp-content\/uploads\/2024\/06\/history.png","type":"","width":"","height":""}],"twitter_card":"summary_large_image","twitter_misc":{"Dur\u00e9e de lecture estim\u00e9e":"3 minutes"},"schema":{"@context":"https:\/\/schema.org","@graph":[{"@type":"WebPage","@id":"https:\/\/pfanstiehl.com\/fr\/histoire\/","url":"https:\/\/pfanstiehl.com\/fr\/histoire\/","name":"Histoire - Pfanstiehl","isPartOf":{"@id":"https:\/\/pfanstiehl.com\/fr\/#website"},"primaryImageOfPage":{"@id":"https:\/\/pfanstiehl.com\/fr\/histoire\/#primaryimage"},"image":{"@id":"https:\/\/pfanstiehl.com\/fr\/histoire\/#primaryimage"},"thumbnailUrl":"https:\/\/pfanstiehl.com\/wp-content\/uploads\/2024\/06\/history.png","datePublished":"2024-05-21T08:52:34+00:00","dateModified":"2024-07-01T11:05:48+00:00","breadcrumb":{"@id":"https:\/\/pfanstiehl.com\/fr\/histoire\/#breadcrumb"},"inLanguage":"fr-FR","potentialAction":[{"@type":"ReadAction","target":["https:\/\/pfanstiehl.com\/fr\/histoire\/"]}]},{"@type":"ImageObject","inLanguage":"fr-FR","@id":"https:\/\/pfanstiehl.com\/fr\/histoire\/#primaryimage","url":"https:\/\/pfanstiehl.com\/wp-content\/uploads\/2024\/06\/history.png","contentUrl":"https:\/\/pfanstiehl.com\/wp-content\/uploads\/2024\/06\/history.png"},{"@type":"BreadcrumbList","@id":"https:\/\/pfanstiehl.com\/fr\/histoire\/#breadcrumb","itemListElement":[{"@type":"ListItem","position":1,"name":"Home","item":"https:\/\/pfanstiehl.com\/fr\/"},{"@type":"ListItem","position":2,"name":"Histoire"}]},{"@type":"WebSite","@id":"https:\/\/pfanstiehl.com\/fr\/#website","url":"https:\/\/pfanstiehl.com\/fr\/","name":"Pfanstiehl","description":"","publisher":{"@id":"https:\/\/pfanstiehl.com\/fr\/#organization"},"potentialAction":[{"@type":"SearchAction","target":{"@type":"EntryPoint","urlTemplate":"https:\/\/pfanstiehl.com\/fr\/?s={search_term_string}"},"query-input":{"@type":"PropertyValueSpecification","valueRequired":true,"valueName":"search_term_string"}}],"inLanguage":"fr-FR"},{"@type":"Organization","@id":"https:\/\/pfanstiehl.com\/fr\/#organization","name":"Pfanstiehl","url":"https:\/\/pfanstiehl.com\/fr\/","logo":{"@type":"ImageObject","inLanguage":"fr-FR","@id":"https:\/\/pfanstiehl.com\/fr\/#\/schema\/logo\/image\/","url":"https:\/\/pfanstiehl.com\/wp-content\/uploads\/2024\/06\/logo.png","contentUrl":"https:\/\/pfanstiehl.com\/wp-content\/uploads\/2024\/06\/logo.png","width":600,"height":85,"caption":"Pfanstiehl"},"image":{"@id":"https:\/\/pfanstiehl.com\/fr\/#\/schema\/logo\/image\/"}}]}},"_links":{"self":[{"href":"https:\/\/pfanstiehl.com\/fr\/wp-json\/wp\/v2\/pages\/5101","targetHints":{"allow":["GET"]}}],"collection":[{"href":"https:\/\/pfanstiehl.com\/fr\/wp-json\/wp\/v2\/pages"}],"about":[{"href":"https:\/\/pfanstiehl.com\/fr\/wp-json\/wp\/v2\/types\/page"}],"author":[{"embeddable":true,"href":"https:\/\/pfanstiehl.com\/fr\/wp-json\/wp\/v2\/users\/1"}],"replies":[{"embeddable":true,"href":"https:\/\/pfanstiehl.com\/fr\/wp-json\/wp\/v2\/comments?post=5101"}],"version-history":[{"count":1,"href":"https:\/\/pfanstiehl.com\/fr\/wp-json\/wp\/v2\/pages\/5101\/revisions"}],"predecessor-version":[{"id":5105,"href":"https:\/\/pfanstiehl.com\/fr\/wp-json\/wp\/v2\/pages\/5101\/revisions\/5105"}],"wp:attachment":[{"href":"https:\/\/pfanstiehl.com\/fr\/wp-json\/wp\/v2\/media?parent=5101"}],"curies":[{"name":"wp","href":"https:\/\/api.w.org\/{rel}","templated":true}]}}