{"id":9025,"date":"2025-01-22T07:04:47","date_gmt":"2025-01-22T07:04:47","guid":{"rendered":"https:\/\/pfanstiehl.com\/noticia\/"},"modified":"2025-01-24T05:40:44","modified_gmt":"2025-01-24T05:40:44","slug":"noticia","status":"publish","type":"page","link":"https:\/\/pfanstiehl.com\/es\/noticia\/","title":{"rendered":"Noticia"},"content":{"rendered":"\t\t<div data-elementor-type=\"wp-page\" data-elementor-id=\"9025\" class=\"elementor elementor-9025 elementor-8945\" data-elementor-post-type=\"page\">\n\t\t\t\t<div class=\"elementor-element elementor-element-894f58f e-flex e-con-boxed e-con e-parent\" data-id=\"894f58f\" data-element_type=\"container\">\n\t\t\t\t\t<div class=\"e-con-inner\">\n\t\t<div class=\"elementor-element elementor-element-310f548 e-con-full news-section e-flex e-con e-child\" data-id=\"310f548\" data-element_type=\"container\">\n\t\t\t\t<div class=\"elementor-element elementor-element-34ba8ce elementor-widget elementor-widget-text-editor\" data-id=\"34ba8ce\" data-element_type=\"widget\" data-widget_type=\"text-editor.default\">\n\t\t\t\t<div class=\"elementor-widget-container\">\n\t\t\t<style>\/*! elementor - v3.23.0 - 05-08-2024 *\/\n.elementor-widget-text-editor.elementor-drop-cap-view-stacked .elementor-drop-cap{background-color:#69727d;color:#fff}.elementor-widget-text-editor.elementor-drop-cap-view-framed .elementor-drop-cap{color:#69727d;border:3px solid;background-color:transparent}.elementor-widget-text-editor:not(.elementor-drop-cap-view-default) .elementor-drop-cap{margin-top:8px}.elementor-widget-text-editor:not(.elementor-drop-cap-view-default) .elementor-drop-cap-letter{width:1em;height:1em}.elementor-widget-text-editor .elementor-drop-cap{float:left;text-align:center;line-height:1;font-size:50px}.elementor-widget-text-editor .elementor-drop-cap-letter{display:inline-block}<\/style>\t\t\t\t<p>1. 01\/25\/25 <a href=\"https:\/\/pfanstiehl.com\/wp-content\/uploads\/2025\/01\/Glycine-GMP-Excipient-High-Purity-Low-Endotoxin-Low-Metals-Press-Release-012125.pdf\" target=\"_blank\" rel=\"noopener\"><strong>Pfanstiehl lanza un excipiente de grado inyectable de glicina de alta pureza para productos biol\u00f3gicos, vacunas y purificaci\u00f3n de prote\u00ednas posteriores<\/strong><\/a><\/p>\t\t\t\t\t\t<\/div>\n\t\t\t\t<\/div>\n\t\t\t\t<div class=\"elementor-element elementor-element-f04ba65 elementor-widget elementor-widget-text-editor\" data-id=\"f04ba65\" data-element_type=\"widget\" data-widget_type=\"text-editor.default\">\n\t\t\t\t<div class=\"elementor-widget-container\">\n\t\t\t\t\t\t\t<p>2. 10\/11\/24 <a href=\"https:\/\/pfanstiehl.com\/wp-content\/uploads\/2025\/01\/Succinic-Acid-GMP-Excipient-Grade-High-Purity-Low-Endotoxin-Low-Metals-JTM-101125.pdf\" target=\"_blank\" rel=\"noopener\"><strong>Pfanstiehl, Inc. Lanza \u00e1cido succ\u00ednico de grado excipiente &#8211; alta pureza, baja endotoxina y bajos metales para aplicaciones biofarmac\u00e9uticas y farmac\u00e9uticas inyectables<\/strong><\/a><\/p>\t\t\t\t\t\t<\/div>\n\t\t\t\t<\/div>\n\t\t\t\t<div class=\"elementor-element elementor-element-cec4135 elementor-widget elementor-widget-text-editor\" data-id=\"cec4135\" data-element_type=\"widget\" data-widget_type=\"text-editor.default\">\n\t\t\t\t<div class=\"elementor-widget-container\">\n\t\t\t\t\t\t\t<p>3. 10\/23\/24 <a href=\"https:\/\/pfanstiehl.com\/wp-content\/uploads\/2025\/01\/Glucose-Dextrose-Press-Release-JTM-102524.pdf\" target=\"_blank\" rel=\"noopener\"><strong>Pfanstiehl LLC anuncia el lanzamiento de glucosa (dextrosa) &#8211; alta pureza, baja endotoxina y metales bajos para la producci\u00f3n biol\u00f3gica aguas arriba<\/strong><\/a><\/p>\t\t\t\t\t\t<\/div>\n\t\t\t\t<\/div>\n\t\t\t\t<\/div>\n\t\t\t\t\t<\/div>\n\t\t\t\t<\/div>\n\t\t\t\t<\/div>\n\t\t","protected":false},"excerpt":{"rendered":"<p>1. 01\/25\/25 Pfanstiehl lanza un excipiente de grado inyectable de glicina de alta pureza para productos biol\u00f3gicos, vacunas y purificaci\u00f3n de prote\u00ednas posteriores 2. 10\/11\/24 Pfanstiehl, Inc. Lanza \u00e1cido succ\u00ednico de grado excipiente &#8211; alta pureza, baja endotoxina y bajos metales para aplicaciones biofarmac\u00e9uticas y farmac\u00e9uticas inyectables 3. 10\/23\/24 Pfanstiehl LLC anuncia el lanzamiento de [&hellip;]<\/p>\n","protected":false},"author":1,"featured_media":0,"parent":0,"menu_order":0,"comment_status":"closed","ping_status":"closed","template":"elementor_header_footer","meta":{"om_disable_all_campaigns":false,"_monsterinsights_skip_tracking":false,"_monsterinsights_sitenote_active":false,"_monsterinsights_sitenote_note":"","_monsterinsights_sitenote_category":0,"_uf_show_specific_survey":0,"_uf_disable_surveys":false,"footnotes":""},"class_list":["post-9025","page","type-page","status-publish","hentry"],"yoast_head":"<!-- This site is optimized with the Yoast SEO plugin v27.3 - https:\/\/yoast.com\/product\/yoast-seo-wordpress\/ -->\n<title>Noticia - Pfanstiehl<\/title>\n<meta name=\"robots\" content=\"index, follow, max-snippet:-1, max-image-preview:large, max-video-preview:-1\" \/>\n<link rel=\"canonical\" href=\"https:\/\/pfanstiehl.com\/es\/noticia\/\" \/>\n<meta property=\"og:locale\" content=\"es_ES\" \/>\n<meta property=\"og:type\" content=\"article\" \/>\n<meta property=\"og:title\" content=\"Noticia - Pfanstiehl\" \/>\n<meta property=\"og:description\" content=\"1. 01\/25\/25 Pfanstiehl lanza un excipiente de grado inyectable de glicina de alta pureza para productos biol\u00f3gicos, vacunas y purificaci\u00f3n de prote\u00ednas posteriores 2. 10\/11\/24 Pfanstiehl, Inc. Lanza \u00e1cido succ\u00ednico de grado excipiente &#8211; alta pureza, baja endotoxina y bajos metales para aplicaciones biofarmac\u00e9uticas y farmac\u00e9uticas inyectables 3. 10\/23\/24 Pfanstiehl LLC anuncia el lanzamiento de [&hellip;]\" \/>\n<meta property=\"og:url\" content=\"https:\/\/pfanstiehl.com\/es\/noticia\/\" \/>\n<meta property=\"og:site_name\" content=\"Pfanstiehl\" \/>\n<meta property=\"article:modified_time\" content=\"2025-01-24T05:40:44+00:00\" \/>\n<meta name=\"twitter:card\" content=\"summary_large_image\" \/>\n<meta name=\"twitter:label1\" content=\"Tiempo de lectura\" \/>\n\t<meta name=\"twitter:data1\" content=\"1 minuto\" \/>\n<script type=\"application\/ld+json\" class=\"yoast-schema-graph\">{\"@context\":\"https:\\\/\\\/schema.org\",\"@graph\":[{\"@type\":\"WebPage\",\"@id\":\"https:\\\/\\\/pfanstiehl.com\\\/es\\\/noticia\\\/\",\"url\":\"https:\\\/\\\/pfanstiehl.com\\\/es\\\/noticia\\\/\",\"name\":\"Noticia - Pfanstiehl\",\"isPartOf\":{\"@id\":\"https:\\\/\\\/pfanstiehl.com\\\/es\\\/#website\"},\"datePublished\":\"2025-01-22T07:04:47+00:00\",\"dateModified\":\"2025-01-24T05:40:44+00:00\",\"breadcrumb\":{\"@id\":\"https:\\\/\\\/pfanstiehl.com\\\/es\\\/noticia\\\/#breadcrumb\"},\"inLanguage\":\"es\",\"potentialAction\":[{\"@type\":\"ReadAction\",\"target\":[\"https:\\\/\\\/pfanstiehl.com\\\/es\\\/noticia\\\/\"]}]},{\"@type\":\"BreadcrumbList\",\"@id\":\"https:\\\/\\\/pfanstiehl.com\\\/es\\\/noticia\\\/#breadcrumb\",\"itemListElement\":[{\"@type\":\"ListItem\",\"position\":1,\"name\":\"Home\",\"item\":\"https:\\\/\\\/pfanstiehl.com\\\/es\\\/\"},{\"@type\":\"ListItem\",\"position\":2,\"name\":\"Noticia\"}]},{\"@type\":\"WebSite\",\"@id\":\"https:\\\/\\\/pfanstiehl.com\\\/es\\\/#website\",\"url\":\"https:\\\/\\\/pfanstiehl.com\\\/es\\\/\",\"name\":\"Pfanstiehl\",\"description\":\"\",\"publisher\":{\"@id\":\"https:\\\/\\\/pfanstiehl.com\\\/es\\\/#organization\"},\"potentialAction\":[{\"@type\":\"SearchAction\",\"target\":{\"@type\":\"EntryPoint\",\"urlTemplate\":\"https:\\\/\\\/pfanstiehl.com\\\/es\\\/?s={search_term_string}\"},\"query-input\":{\"@type\":\"PropertyValueSpecification\",\"valueRequired\":true,\"valueName\":\"search_term_string\"}}],\"inLanguage\":\"es\"},{\"@type\":\"Organization\",\"@id\":\"https:\\\/\\\/pfanstiehl.com\\\/es\\\/#organization\",\"name\":\"Pfanstiehl\",\"url\":\"https:\\\/\\\/pfanstiehl.com\\\/es\\\/\",\"logo\":{\"@type\":\"ImageObject\",\"inLanguage\":\"es\",\"@id\":\"https:\\\/\\\/pfanstiehl.com\\\/es\\\/#\\\/schema\\\/logo\\\/image\\\/\",\"url\":\"https:\\\/\\\/pfanstiehl.com\\\/wp-content\\\/uploads\\\/2024\\\/06\\\/logo.png\",\"contentUrl\":\"https:\\\/\\\/pfanstiehl.com\\\/wp-content\\\/uploads\\\/2024\\\/06\\\/logo.png\",\"width\":600,\"height\":85,\"caption\":\"Pfanstiehl\"},\"image\":{\"@id\":\"https:\\\/\\\/pfanstiehl.com\\\/es\\\/#\\\/schema\\\/logo\\\/image\\\/\"}}]}<\/script>\n<!-- \/ Yoast SEO plugin. -->","yoast_head_json":{"title":"Noticia - Pfanstiehl","robots":{"index":"index","follow":"follow","max-snippet":"max-snippet:-1","max-image-preview":"max-image-preview:large","max-video-preview":"max-video-preview:-1"},"canonical":"https:\/\/pfanstiehl.com\/es\/noticia\/","og_locale":"es_ES","og_type":"article","og_title":"Noticia - Pfanstiehl","og_description":"1. 01\/25\/25 Pfanstiehl lanza un excipiente de grado inyectable de glicina de alta pureza para productos biol\u00f3gicos, vacunas y purificaci\u00f3n de prote\u00ednas posteriores 2. 10\/11\/24 Pfanstiehl, Inc. Lanza \u00e1cido succ\u00ednico de grado excipiente &#8211; alta pureza, baja endotoxina y bajos metales para aplicaciones biofarmac\u00e9uticas y farmac\u00e9uticas inyectables 3. 10\/23\/24 Pfanstiehl LLC anuncia el lanzamiento de [&hellip;]","og_url":"https:\/\/pfanstiehl.com\/es\/noticia\/","og_site_name":"Pfanstiehl","article_modified_time":"2025-01-24T05:40:44+00:00","twitter_card":"summary_large_image","twitter_misc":{"Tiempo de lectura":"1 minuto"},"schema":{"@context":"https:\/\/schema.org","@graph":[{"@type":"WebPage","@id":"https:\/\/pfanstiehl.com\/es\/noticia\/","url":"https:\/\/pfanstiehl.com\/es\/noticia\/","name":"Noticia - Pfanstiehl","isPartOf":{"@id":"https:\/\/pfanstiehl.com\/es\/#website"},"datePublished":"2025-01-22T07:04:47+00:00","dateModified":"2025-01-24T05:40:44+00:00","breadcrumb":{"@id":"https:\/\/pfanstiehl.com\/es\/noticia\/#breadcrumb"},"inLanguage":"es","potentialAction":[{"@type":"ReadAction","target":["https:\/\/pfanstiehl.com\/es\/noticia\/"]}]},{"@type":"BreadcrumbList","@id":"https:\/\/pfanstiehl.com\/es\/noticia\/#breadcrumb","itemListElement":[{"@type":"ListItem","position":1,"name":"Home","item":"https:\/\/pfanstiehl.com\/es\/"},{"@type":"ListItem","position":2,"name":"Noticia"}]},{"@type":"WebSite","@id":"https:\/\/pfanstiehl.com\/es\/#website","url":"https:\/\/pfanstiehl.com\/es\/","name":"Pfanstiehl","description":"","publisher":{"@id":"https:\/\/pfanstiehl.com\/es\/#organization"},"potentialAction":[{"@type":"SearchAction","target":{"@type":"EntryPoint","urlTemplate":"https:\/\/pfanstiehl.com\/es\/?s={search_term_string}"},"query-input":{"@type":"PropertyValueSpecification","valueRequired":true,"valueName":"search_term_string"}}],"inLanguage":"es"},{"@type":"Organization","@id":"https:\/\/pfanstiehl.com\/es\/#organization","name":"Pfanstiehl","url":"https:\/\/pfanstiehl.com\/es\/","logo":{"@type":"ImageObject","inLanguage":"es","@id":"https:\/\/pfanstiehl.com\/es\/#\/schema\/logo\/image\/","url":"https:\/\/pfanstiehl.com\/wp-content\/uploads\/2024\/06\/logo.png","contentUrl":"https:\/\/pfanstiehl.com\/wp-content\/uploads\/2024\/06\/logo.png","width":600,"height":85,"caption":"Pfanstiehl"},"image":{"@id":"https:\/\/pfanstiehl.com\/es\/#\/schema\/logo\/image\/"}}]}},"_links":{"self":[{"href":"https:\/\/pfanstiehl.com\/es\/wp-json\/wp\/v2\/pages\/9025","targetHints":{"allow":["GET"]}}],"collection":[{"href":"https:\/\/pfanstiehl.com\/es\/wp-json\/wp\/v2\/pages"}],"about":[{"href":"https:\/\/pfanstiehl.com\/es\/wp-json\/wp\/v2\/types\/page"}],"author":[{"embeddable":true,"href":"https:\/\/pfanstiehl.com\/es\/wp-json\/wp\/v2\/users\/1"}],"replies":[{"embeddable":true,"href":"https:\/\/pfanstiehl.com\/es\/wp-json\/wp\/v2\/comments?post=9025"}],"version-history":[{"count":4,"href":"https:\/\/pfanstiehl.com\/es\/wp-json\/wp\/v2\/pages\/9025\/revisions"}],"predecessor-version":[{"id":9062,"href":"https:\/\/pfanstiehl.com\/es\/wp-json\/wp\/v2\/pages\/9025\/revisions\/9062"}],"wp:attachment":[{"href":"https:\/\/pfanstiehl.com\/es\/wp-json\/wp\/v2\/media?parent=9025"}],"curies":[{"name":"wp","href":"https:\/\/api.w.org\/{rel}","templated":true}]}}