{"id":5766,"date":"2024-05-21T08:38:42","date_gmt":"2024-05-21T08:38:42","guid":{"rendered":"https:\/\/pfanstiehl.com\/quienes-somos\/"},"modified":"2024-07-02T06:44:44","modified_gmt":"2024-07-02T06:44:44","slug":"quienes-somos","status":"publish","type":"page","link":"https:\/\/pfanstiehl.com\/es\/quienes-somos\/","title":{"rendered":"Qui\u00e9nes somos"},"content":{"rendered":"\t\t<div data-elementor-type=\"wp-page\" data-elementor-id=\"5766\" class=\"elementor elementor-5766 elementor-139\" data-elementor-post-type=\"page\">\n\t\t\t\t<div class=\"elementor-element elementor-element-116ecbc e-flex e-con-boxed e-con e-parent\" data-id=\"116ecbc\" data-element_type=\"container\">\n\t\t\t\t\t<div class=\"e-con-inner\">\n\t\t<div class=\"elementor-element elementor-element-46c128e e-flex e-con-boxed e-con e-child\" data-id=\"46c128e\" data-element_type=\"container\">\n\t\t\t\t\t<div class=\"e-con-inner\">\n\t\t\t\t<div class=\"elementor-element elementor-element-2042534 elementor-widget elementor-widget-heading\" data-id=\"2042534\" data-element_type=\"widget\" data-widget_type=\"heading.default\">\n\t\t\t\t<div class=\"elementor-widget-container\">\n\t\t\t<style>\/*! elementor - v3.23.0 - 05-08-2024 *\/\n.elementor-heading-title{padding:0;margin:0;line-height:1}.elementor-widget-heading .elementor-heading-title[class*=elementor-size-]>a{color:inherit;font-size:inherit;line-height:inherit}.elementor-widget-heading .elementor-heading-title.elementor-size-small{font-size:15px}.elementor-widget-heading .elementor-heading-title.elementor-size-medium{font-size:19px}.elementor-widget-heading .elementor-heading-title.elementor-size-large{font-size:29px}.elementor-widget-heading .elementor-heading-title.elementor-size-xl{font-size:39px}.elementor-widget-heading .elementor-heading-title.elementor-size-xxl{font-size:59px}<\/style><h1 class=\"elementor-heading-title elementor-size-default\">Somos Pfanstiehl<\/h1>\t\t<\/div>\n\t\t\t\t<\/div>\n\t\t\t\t<div class=\"elementor-element elementor-element-d69e3cc elementor-widget elementor-widget-text-editor\" data-id=\"d69e3cc\" data-element_type=\"widget\" data-widget_type=\"text-editor.default\">\n\t\t\t\t<div class=\"elementor-widget-container\">\n\t\t\t<style>\/*! elementor - v3.23.0 - 05-08-2024 *\/\n.elementor-widget-text-editor.elementor-drop-cap-view-stacked .elementor-drop-cap{background-color:#69727d;color:#fff}.elementor-widget-text-editor.elementor-drop-cap-view-framed .elementor-drop-cap{color:#69727d;border:3px solid;background-color:transparent}.elementor-widget-text-editor:not(.elementor-drop-cap-view-default) .elementor-drop-cap{margin-top:8px}.elementor-widget-text-editor:not(.elementor-drop-cap-view-default) .elementor-drop-cap-letter{width:1em;height:1em}.elementor-widget-text-editor .elementor-drop-cap{float:left;text-align:center;line-height:1;font-size:50px}.elementor-widget-text-editor .elementor-drop-cap-letter{display:inline-block}<\/style>\t\t\t\t<p>Pfanstiehl es reconocido mundialmente como l\u00edder en la fabricaci\u00f3n de excipientes y componentes biofarmac\u00e9uticos de alta pureza, baja endotoxina y bajo contenido de metales para diversas aplicaciones en bioprocesamiento, formulaci\u00f3n y \u00e1reas especializadas. Adem\u00e1s, Pfanstiehl opera como una destacada organizaci\u00f3n de desarrollo y fabricaci\u00f3n por contrato (CDMO), especializada en el aislamiento, la purificaci\u00f3n, la s\u00edntesis personalizada y el desarrollo a escala de ingredientes farmac\u00e9uticos activos (API) de mol\u00e9culas peque\u00f1as que van desde gramos hasta cantidades comerciales de varias toneladas. Si bien muchos fabricantes o revendedores de ingredientes atienden a diversas industrias como la alimentaria, la cosm\u00e9tica, la agr\u00edcola y los suplementos nutricionales, proporcionando solo una gama limitada de ingredientes de \u00abgrado farmac\u00e9utico\u00bb, el enfoque exclusivo de Pfanstiehl radica en las aplicaciones biofarmac\u00e9uticas, lo que demuestra un compromiso dedicado a este sector espec\u00edfico.<\/p>\n\t\t\t\t\t\t<\/div>\n\t\t\t\t<\/div>\n\t\t\t\t\t<\/div>\n\t\t\t\t<\/div>\n\t\t<div class=\"elementor-element elementor-element-38042dd e-flex e-con-boxed e-con e-child\" data-id=\"38042dd\" data-element_type=\"container\">\n\t\t\t\t\t<div class=\"e-con-inner\">\n\t\t\t\t<div class=\"elementor-element elementor-element-006a2c7 elementor-widget elementor-widget-image\" data-id=\"006a2c7\" data-element_type=\"widget\" data-widget_type=\"image.default\">\n\t\t\t\t<div class=\"elementor-widget-container\">\n\t\t\t<style>\/*! elementor - v3.23.0 - 05-08-2024 *\/\n.elementor-widget-image{text-align:center}.elementor-widget-image a{display:inline-block}.elementor-widget-image a img[src$=\".svg\"]{width:48px}.elementor-widget-image img{vertical-align:middle;display:inline-block}<\/style>\t\t\t\t\t\t\t\t\t\t<img fetchpriority=\"high\" decoding=\"async\" width=\"800\" height=\"420\" src=\"https:\/\/pfanstiehl.com\/wp-content\/uploads\/2024\/06\/who-we-are-1024x537.png\" class=\"attachment-large size-large wp-image-2191\" alt=\"\" srcset=\"https:\/\/pfanstiehl.com\/wp-content\/uploads\/2024\/06\/who-we-are-1024x537.png 1024w, https:\/\/pfanstiehl.com\/wp-content\/uploads\/2024\/06\/who-we-are-300x157.png 300w, https:\/\/pfanstiehl.com\/wp-content\/uploads\/2024\/06\/who-we-are-768x403.png 768w, https:\/\/pfanstiehl.com\/wp-content\/uploads\/2024\/06\/who-we-are-600x315.png 600w, https:\/\/pfanstiehl.com\/wp-content\/uploads\/2024\/06\/who-we-are.png 1140w\" sizes=\"(max-width: 800px) 100vw, 800px\" \/>\t\t\t\t\t\t\t\t\t\t\t\t\t<\/div>\n\t\t\t\t<\/div>\n\t\t\t\t\t<\/div>\n\t\t\t\t<\/div>\n\t\t\t\t\t<\/div>\n\t\t\t\t<\/div>\n\t\t<div class=\"elementor-element elementor-element-14859f3 e-flex e-con-boxed e-con e-parent\" data-id=\"14859f3\" data-element_type=\"container\">\n\t\t\t\t\t<div class=\"e-con-inner\">\n\t\t\t\t<div class=\"elementor-element elementor-element-ca991a7 elementor-widget elementor-widget-text-editor\" data-id=\"ca991a7\" data-element_type=\"widget\" data-widget_type=\"text-editor.default\">\n\t\t\t\t<div class=\"elementor-widget-container\">\n\t\t\t\t\t\t\t<h3>Hecho en los Estados Unidos de Am\u00e9rica<\/h3>\n<p>Todos los productos de Pfanstiehl se fabrican en los EE. UU. en sus instalaciones de Waukegan, Illinois, que se adhieren a los est\u00e1ndares ICH Q7 y son inspeccionados y aprobados por la FDA de EE. UU. La instalaci\u00f3n est\u00e1 convenientemente ubicada a 35 minutos al norte del aeropuerto O&#8217;Hare y de la ciudad de Chicago.<\/p>\n\t\t\t\t\t\t<\/div>\n\t\t\t\t<\/div>\n\t\t\t\t<div class=\"elementor-element elementor-element-a2de307 elementor-widget elementor-widget-text-editor\" data-id=\"a2de307\" data-element_type=\"widget\" data-widget_type=\"text-editor.default\">\n\t\t\t\t<div class=\"elementor-widget-container\">\n\t\t\t\t\t\t\t<h3>+100 a\u00f1os de innovaci\u00f3n<\/h3>\n<p>Fundada en 1919, Pfanstiehl celebra su legado de 104 a\u00f1os como l\u00edder en carbohidratos y qu\u00edmica de procesos. Nuestra clientela est\u00e1 compuesta por las principales empresas biofarmac\u00e9uticas, de vacunas y farmac\u00e9uticas del mundo. Nuestros productos desempe\u00f1an un papel integral en medicamentos l\u00edderes en el mercado que abordan enfermedades debilitantes y potencialmente mortales como el c\u00e1ncer, la artritis reumatoide, las ETS y la diabetes, as\u00ed como en plataformas de vacunas de vanguardia, incluidas las vacunas de ARNm, basadas en vectores virales o tradicionales basadas en prote\u00ednas.<\/p>\n\t\t\t\t\t\t<\/div>\n\t\t\t\t<\/div>\n\t\t\t\t<div class=\"elementor-element elementor-element-14fba23 elementor-widget elementor-widget-text-editor\" data-id=\"14fba23\" data-element_type=\"widget\" data-widget_type=\"text-editor.default\">\n\t\t\t\t<div class=\"elementor-widget-container\">\n\t\t\t\t\t\t\t<h3>Calidad, pureza, seguridad<\/h3>\n<p>Las crecientes exigencias normativas y de calidad favorecen a los fabricantes biofarmac\u00e9uticos y farmac\u00e9uticos de alta integridad como Pfanstiehl, conocidos por sus productos de alta pureza, sus s\u00f3lidos controles cGMP y su reputaci\u00f3n de confianza en agencias reguladoras como la FDA. En Pfanstiehl, nuestro trabajo est\u00e1 impulsado por un compromiso tanto con la calidad del producto como con la seguridad medioambiental y de los trabajadores. Dise\u00f1amos y equipamos meticulosamente nuestras instalaciones, redactamos procedimientos y capacitamos a nuestra fuerza laboral no solo para cumplir, sino tambi\u00e9n para superar los est\u00e1ndares regulatorios y multicompendios internacionales de la FDA, cGMP, OSHA. La calidad, la pureza y la seguridad de los pacientes, junto con la garant\u00eda de la seguridad de los excipientes biofarmac\u00e9uticos cr\u00edticos, constituyen los valores fundamentales de Pfanstiehl, con los que estamos profundamente comprometidos.<\/p>\n\t\t\t\t\t\t<\/div>\n\t\t\t\t<\/div>\n\t\t\t\t\t<\/div>\n\t\t\t\t<\/div>\n\t\t\t\t<\/div>\n\t\t","protected":false},"excerpt":{"rendered":"<p>Somos Pfanstiehl Pfanstiehl es reconocido mundialmente como l\u00edder en la fabricaci\u00f3n de excipientes y componentes biofarmac\u00e9uticos de alta pureza, baja endotoxina y bajo contenido de metales para diversas aplicaciones en bioprocesamiento, formulaci\u00f3n y \u00e1reas especializadas. Adem\u00e1s, Pfanstiehl opera como una destacada organizaci\u00f3n de desarrollo y fabricaci\u00f3n por contrato (CDMO), especializada en el aislamiento, la purificaci\u00f3n, [&hellip;]<\/p>\n","protected":false},"author":1,"featured_media":0,"parent":0,"menu_order":0,"comment_status":"closed","ping_status":"closed","template":"elementor_header_footer","meta":{"om_disable_all_campaigns":false,"_monsterinsights_skip_tracking":false,"_monsterinsights_sitenote_active":false,"_monsterinsights_sitenote_note":"","_monsterinsights_sitenote_category":0,"_uf_show_specific_survey":0,"_uf_disable_surveys":false,"footnotes":""},"class_list":["post-5766","page","type-page","status-publish","hentry"],"yoast_head":"<!-- This site is optimized with the Yoast SEO plugin v27.3 - https:\/\/yoast.com\/product\/yoast-seo-wordpress\/ -->\n<title>Qui\u00e9nes somos - Pfanstiehl<\/title>\n<meta name=\"robots\" content=\"index, follow, max-snippet:-1, max-image-preview:large, max-video-preview:-1\" \/>\n<link rel=\"canonical\" href=\"https:\/\/pfanstiehl.com\/es\/quienes-somos\/\" \/>\n<meta property=\"og:locale\" content=\"es_ES\" \/>\n<meta property=\"og:type\" content=\"article\" \/>\n<meta property=\"og:title\" content=\"Qui\u00e9nes somos - Pfanstiehl\" \/>\n<meta property=\"og:description\" content=\"Somos Pfanstiehl Pfanstiehl es reconocido mundialmente como l\u00edder en la fabricaci\u00f3n de excipientes y componentes biofarmac\u00e9uticos de alta pureza, baja endotoxina y bajo contenido de metales para diversas aplicaciones en bioprocesamiento, formulaci\u00f3n y \u00e1reas especializadas. Adem\u00e1s, Pfanstiehl opera como una destacada organizaci\u00f3n de desarrollo y fabricaci\u00f3n por contrato (CDMO), especializada en el aislamiento, la purificaci\u00f3n, [&hellip;]\" \/>\n<meta property=\"og:url\" content=\"https:\/\/pfanstiehl.com\/es\/quienes-somos\/\" \/>\n<meta property=\"og:site_name\" content=\"Pfanstiehl\" \/>\n<meta property=\"article:modified_time\" content=\"2024-07-02T06:44:44+00:00\" \/>\n<meta property=\"og:image\" content=\"https:\/\/pfanstiehl.com\/wp-content\/uploads\/2024\/06\/who-we-are-1024x537.png\" \/>\n<meta name=\"twitter:card\" content=\"summary_large_image\" \/>\n<meta name=\"twitter:label1\" content=\"Tiempo de lectura\" \/>\n\t<meta name=\"twitter:data1\" content=\"2 minutos\" \/>\n<script type=\"application\/ld+json\" class=\"yoast-schema-graph\">{\"@context\":\"https:\\\/\\\/schema.org\",\"@graph\":[{\"@type\":\"WebPage\",\"@id\":\"https:\\\/\\\/pfanstiehl.com\\\/es\\\/quienes-somos\\\/\",\"url\":\"https:\\\/\\\/pfanstiehl.com\\\/es\\\/quienes-somos\\\/\",\"name\":\"Qui\u00e9nes somos - Pfanstiehl\",\"isPartOf\":{\"@id\":\"https:\\\/\\\/pfanstiehl.com\\\/es\\\/#website\"},\"primaryImageOfPage\":{\"@id\":\"https:\\\/\\\/pfanstiehl.com\\\/es\\\/quienes-somos\\\/#primaryimage\"},\"image\":{\"@id\":\"https:\\\/\\\/pfanstiehl.com\\\/es\\\/quienes-somos\\\/#primaryimage\"},\"thumbnailUrl\":\"https:\\\/\\\/pfanstiehl.com\\\/wp-content\\\/uploads\\\/2024\\\/06\\\/who-we-are-1024x537.png\",\"datePublished\":\"2024-05-21T08:38:42+00:00\",\"dateModified\":\"2024-07-02T06:44:44+00:00\",\"breadcrumb\":{\"@id\":\"https:\\\/\\\/pfanstiehl.com\\\/es\\\/quienes-somos\\\/#breadcrumb\"},\"inLanguage\":\"es\",\"potentialAction\":[{\"@type\":\"ReadAction\",\"target\":[\"https:\\\/\\\/pfanstiehl.com\\\/es\\\/quienes-somos\\\/\"]}]},{\"@type\":\"ImageObject\",\"inLanguage\":\"es\",\"@id\":\"https:\\\/\\\/pfanstiehl.com\\\/es\\\/quienes-somos\\\/#primaryimage\",\"url\":\"https:\\\/\\\/pfanstiehl.com\\\/wp-content\\\/uploads\\\/2024\\\/06\\\/who-we-are-1024x537.png\",\"contentUrl\":\"https:\\\/\\\/pfanstiehl.com\\\/wp-content\\\/uploads\\\/2024\\\/06\\\/who-we-are-1024x537.png\"},{\"@type\":\"BreadcrumbList\",\"@id\":\"https:\\\/\\\/pfanstiehl.com\\\/es\\\/quienes-somos\\\/#breadcrumb\",\"itemListElement\":[{\"@type\":\"ListItem\",\"position\":1,\"name\":\"Home\",\"item\":\"https:\\\/\\\/pfanstiehl.com\\\/es\\\/\"},{\"@type\":\"ListItem\",\"position\":2,\"name\":\"Qui\u00e9nes somos\"}]},{\"@type\":\"WebSite\",\"@id\":\"https:\\\/\\\/pfanstiehl.com\\\/es\\\/#website\",\"url\":\"https:\\\/\\\/pfanstiehl.com\\\/es\\\/\",\"name\":\"Pfanstiehl\",\"description\":\"\",\"publisher\":{\"@id\":\"https:\\\/\\\/pfanstiehl.com\\\/es\\\/#organization\"},\"potentialAction\":[{\"@type\":\"SearchAction\",\"target\":{\"@type\":\"EntryPoint\",\"urlTemplate\":\"https:\\\/\\\/pfanstiehl.com\\\/es\\\/?s={search_term_string}\"},\"query-input\":{\"@type\":\"PropertyValueSpecification\",\"valueRequired\":true,\"valueName\":\"search_term_string\"}}],\"inLanguage\":\"es\"},{\"@type\":\"Organization\",\"@id\":\"https:\\\/\\\/pfanstiehl.com\\\/es\\\/#organization\",\"name\":\"Pfanstiehl\",\"url\":\"https:\\\/\\\/pfanstiehl.com\\\/es\\\/\",\"logo\":{\"@type\":\"ImageObject\",\"inLanguage\":\"es\",\"@id\":\"https:\\\/\\\/pfanstiehl.com\\\/es\\\/#\\\/schema\\\/logo\\\/image\\\/\",\"url\":\"https:\\\/\\\/pfanstiehl.com\\\/wp-content\\\/uploads\\\/2024\\\/06\\\/logo.png\",\"contentUrl\":\"https:\\\/\\\/pfanstiehl.com\\\/wp-content\\\/uploads\\\/2024\\\/06\\\/logo.png\",\"width\":600,\"height\":85,\"caption\":\"Pfanstiehl\"},\"image\":{\"@id\":\"https:\\\/\\\/pfanstiehl.com\\\/es\\\/#\\\/schema\\\/logo\\\/image\\\/\"}}]}<\/script>\n<!-- \/ Yoast SEO plugin. -->","yoast_head_json":{"title":"Qui\u00e9nes somos - Pfanstiehl","robots":{"index":"index","follow":"follow","max-snippet":"max-snippet:-1","max-image-preview":"max-image-preview:large","max-video-preview":"max-video-preview:-1"},"canonical":"https:\/\/pfanstiehl.com\/es\/quienes-somos\/","og_locale":"es_ES","og_type":"article","og_title":"Qui\u00e9nes somos - Pfanstiehl","og_description":"Somos Pfanstiehl Pfanstiehl es reconocido mundialmente como l\u00edder en la fabricaci\u00f3n de excipientes y componentes biofarmac\u00e9uticos de alta pureza, baja endotoxina y bajo contenido de metales para diversas aplicaciones en bioprocesamiento, formulaci\u00f3n y \u00e1reas especializadas. Adem\u00e1s, Pfanstiehl opera como una destacada organizaci\u00f3n de desarrollo y fabricaci\u00f3n por contrato (CDMO), especializada en el aislamiento, la purificaci\u00f3n, [&hellip;]","og_url":"https:\/\/pfanstiehl.com\/es\/quienes-somos\/","og_site_name":"Pfanstiehl","article_modified_time":"2024-07-02T06:44:44+00:00","og_image":[{"url":"https:\/\/pfanstiehl.com\/wp-content\/uploads\/2024\/06\/who-we-are-1024x537.png","type":"","width":"","height":""}],"twitter_card":"summary_large_image","twitter_misc":{"Tiempo de lectura":"2 minutos"},"schema":{"@context":"https:\/\/schema.org","@graph":[{"@type":"WebPage","@id":"https:\/\/pfanstiehl.com\/es\/quienes-somos\/","url":"https:\/\/pfanstiehl.com\/es\/quienes-somos\/","name":"Qui\u00e9nes somos - Pfanstiehl","isPartOf":{"@id":"https:\/\/pfanstiehl.com\/es\/#website"},"primaryImageOfPage":{"@id":"https:\/\/pfanstiehl.com\/es\/quienes-somos\/#primaryimage"},"image":{"@id":"https:\/\/pfanstiehl.com\/es\/quienes-somos\/#primaryimage"},"thumbnailUrl":"https:\/\/pfanstiehl.com\/wp-content\/uploads\/2024\/06\/who-we-are-1024x537.png","datePublished":"2024-05-21T08:38:42+00:00","dateModified":"2024-07-02T06:44:44+00:00","breadcrumb":{"@id":"https:\/\/pfanstiehl.com\/es\/quienes-somos\/#breadcrumb"},"inLanguage":"es","potentialAction":[{"@type":"ReadAction","target":["https:\/\/pfanstiehl.com\/es\/quienes-somos\/"]}]},{"@type":"ImageObject","inLanguage":"es","@id":"https:\/\/pfanstiehl.com\/es\/quienes-somos\/#primaryimage","url":"https:\/\/pfanstiehl.com\/wp-content\/uploads\/2024\/06\/who-we-are-1024x537.png","contentUrl":"https:\/\/pfanstiehl.com\/wp-content\/uploads\/2024\/06\/who-we-are-1024x537.png"},{"@type":"BreadcrumbList","@id":"https:\/\/pfanstiehl.com\/es\/quienes-somos\/#breadcrumb","itemListElement":[{"@type":"ListItem","position":1,"name":"Home","item":"https:\/\/pfanstiehl.com\/es\/"},{"@type":"ListItem","position":2,"name":"Qui\u00e9nes somos"}]},{"@type":"WebSite","@id":"https:\/\/pfanstiehl.com\/es\/#website","url":"https:\/\/pfanstiehl.com\/es\/","name":"Pfanstiehl","description":"","publisher":{"@id":"https:\/\/pfanstiehl.com\/es\/#organization"},"potentialAction":[{"@type":"SearchAction","target":{"@type":"EntryPoint","urlTemplate":"https:\/\/pfanstiehl.com\/es\/?s={search_term_string}"},"query-input":{"@type":"PropertyValueSpecification","valueRequired":true,"valueName":"search_term_string"}}],"inLanguage":"es"},{"@type":"Organization","@id":"https:\/\/pfanstiehl.com\/es\/#organization","name":"Pfanstiehl","url":"https:\/\/pfanstiehl.com\/es\/","logo":{"@type":"ImageObject","inLanguage":"es","@id":"https:\/\/pfanstiehl.com\/es\/#\/schema\/logo\/image\/","url":"https:\/\/pfanstiehl.com\/wp-content\/uploads\/2024\/06\/logo.png","contentUrl":"https:\/\/pfanstiehl.com\/wp-content\/uploads\/2024\/06\/logo.png","width":600,"height":85,"caption":"Pfanstiehl"},"image":{"@id":"https:\/\/pfanstiehl.com\/es\/#\/schema\/logo\/image\/"}}]}},"_links":{"self":[{"href":"https:\/\/pfanstiehl.com\/es\/wp-json\/wp\/v2\/pages\/5766","targetHints":{"allow":["GET"]}}],"collection":[{"href":"https:\/\/pfanstiehl.com\/es\/wp-json\/wp\/v2\/pages"}],"about":[{"href":"https:\/\/pfanstiehl.com\/es\/wp-json\/wp\/v2\/types\/page"}],"author":[{"embeddable":true,"href":"https:\/\/pfanstiehl.com\/es\/wp-json\/wp\/v2\/users\/1"}],"replies":[{"embeddable":true,"href":"https:\/\/pfanstiehl.com\/es\/wp-json\/wp\/v2\/comments?post=5766"}],"version-history":[{"count":2,"href":"https:\/\/pfanstiehl.com\/es\/wp-json\/wp\/v2\/pages\/5766\/revisions"}],"predecessor-version":[{"id":5771,"href":"https:\/\/pfanstiehl.com\/es\/wp-json\/wp\/v2\/pages\/5766\/revisions\/5771"}],"wp:attachment":[{"href":"https:\/\/pfanstiehl.com\/es\/wp-json\/wp\/v2\/media?parent=5766"}],"curies":[{"name":"wp","href":"https:\/\/api.w.org\/{rel}","templated":true}]}}