{"id":5097,"date":"2024-05-21T08:52:34","date_gmt":"2024-05-21T08:52:34","guid":{"rendered":"https:\/\/pfanstiehl.com\/historia\/"},"modified":"2024-07-03T05:49:46","modified_gmt":"2024-07-03T05:49:46","slug":"historia","status":"publish","type":"page","link":"https:\/\/pfanstiehl.com\/es\/historia\/","title":{"rendered":"Historia"},"content":{"rendered":"\t\t<div data-elementor-type=\"wp-page\" data-elementor-id=\"5097\" class=\"elementor elementor-5097 elementor-179\" data-elementor-post-type=\"page\">\n\t\t\t\t<div class=\"elementor-element elementor-element-987f35b e-flex e-con-boxed e-con e-parent\" data-id=\"987f35b\" data-element_type=\"container\">\n\t\t\t\t\t<div class=\"e-con-inner\">\n\t\t<div class=\"elementor-element elementor-element-51e1d95 e-flex e-con-boxed e-con e-child\" data-id=\"51e1d95\" data-element_type=\"container\">\n\t\t\t\t\t<div class=\"e-con-inner\">\n\t\t\t\t<div class=\"elementor-element elementor-element-175241b elementor-widget elementor-widget-heading\" data-id=\"175241b\" data-element_type=\"widget\" data-widget_type=\"heading.default\">\n\t\t\t\t<div class=\"elementor-widget-container\">\n\t\t\t<style>\/*! elementor - v3.23.0 - 05-08-2024 *\/\n.elementor-heading-title{padding:0;margin:0;line-height:1}.elementor-widget-heading .elementor-heading-title[class*=elementor-size-]>a{color:inherit;font-size:inherit;line-height:inherit}.elementor-widget-heading .elementor-heading-title.elementor-size-small{font-size:15px}.elementor-widget-heading .elementor-heading-title.elementor-size-medium{font-size:19px}.elementor-widget-heading .elementor-heading-title.elementor-size-large{font-size:29px}.elementor-widget-heading .elementor-heading-title.elementor-size-xl{font-size:39px}.elementor-widget-heading .elementor-heading-title.elementor-size-xxl{font-size:59px}<\/style><h1 class=\"elementor-heading-title elementor-size-default\">Una historia de innovaci\u00f3n<\/h1>\t\t<\/div>\n\t\t\t\t<\/div>\n\t\t\t\t<div class=\"elementor-element elementor-element-fc4349b elementor-widget elementor-widget-text-editor\" data-id=\"fc4349b\" data-element_type=\"widget\" data-widget_type=\"text-editor.default\">\n\t\t\t\t<div class=\"elementor-widget-container\">\n\t\t\t<style>\/*! elementor - v3.23.0 - 05-08-2024 *\/\n.elementor-widget-text-editor.elementor-drop-cap-view-stacked .elementor-drop-cap{background-color:#69727d;color:#fff}.elementor-widget-text-editor.elementor-drop-cap-view-framed .elementor-drop-cap{color:#69727d;border:3px solid;background-color:transparent}.elementor-widget-text-editor:not(.elementor-drop-cap-view-default) .elementor-drop-cap{margin-top:8px}.elementor-widget-text-editor:not(.elementor-drop-cap-view-default) .elementor-drop-cap-letter{width:1em;height:1em}.elementor-widget-text-editor .elementor-drop-cap{float:left;text-align:center;line-height:1;font-size:50px}.elementor-widget-text-editor .elementor-drop-cap-letter{display:inline-block}<\/style>\t\t\t\t<p><strong>2022<\/strong><br \/>Pfanstiehl completa una importante expansi\u00f3n de la capacidad de fabricaci\u00f3n para satisfacer la demanda del mercado de excipientes de alta calidad.<\/p>\n<\/p>\n<p><strong>2020<\/strong><br \/>Como parte integral del Proyecto Warp Speed, Pfanstiehl instituye medidas de control de infecciones para continuar fabricando excipientes de carbohidratos cr\u00edticos necesarios para producir la vacuna COVID. A lo largo de la pandemia, los empleados de Pfanstiehl trabajaron diligentemente sin interrupci\u00f3n para satisfacer la demanda sin precedentes de componentes de vacunas.<\/p>\n\t\t\t\t\t\t<\/div>\n\t\t\t\t<\/div>\n\t\t\t\t\t<\/div>\n\t\t\t\t<\/div>\n\t\t<div class=\"elementor-element elementor-element-c80a74e e-flex e-con-boxed e-con e-child\" data-id=\"c80a74e\" data-element_type=\"container\">\n\t\t\t\t\t<div class=\"e-con-inner\">\n\t\t\t\t<div class=\"elementor-element elementor-element-6ef0661 elementor-widget elementor-widget-image\" data-id=\"6ef0661\" data-element_type=\"widget\" data-widget_type=\"image.default\">\n\t\t\t\t<div class=\"elementor-widget-container\">\n\t\t\t<style>\/*! elementor - v3.23.0 - 05-08-2024 *\/\n.elementor-widget-image{text-align:center}.elementor-widget-image a{display:inline-block}.elementor-widget-image a img[src$=\".svg\"]{width:48px}.elementor-widget-image img{vertical-align:middle;display:inline-block}<\/style>\t\t\t\t\t\t\t\t\t\t<img fetchpriority=\"high\" decoding=\"async\" width=\"800\" height=\"569\" src=\"https:\/\/pfanstiehl.com\/wp-content\/uploads\/2024\/06\/history.png\" class=\"attachment-large size-large wp-image-2189\" alt=\"\" srcset=\"https:\/\/pfanstiehl.com\/wp-content\/uploads\/2024\/06\/history.png 985w, https:\/\/pfanstiehl.com\/wp-content\/uploads\/2024\/06\/history-300x213.png 300w, https:\/\/pfanstiehl.com\/wp-content\/uploads\/2024\/06\/history-768x546.png 768w, https:\/\/pfanstiehl.com\/wp-content\/uploads\/2024\/06\/history-600x426.png 600w\" sizes=\"(max-width: 800px) 100vw, 800px\" \/>\t\t\t\t\t\t\t\t\t\t\t\t\t<\/div>\n\t\t\t\t<\/div>\n\t\t\t\t\t<\/div>\n\t\t\t\t<\/div>\n\t\t\t\t\t<\/div>\n\t\t\t\t<\/div>\n\t\t<div class=\"elementor-element elementor-element-54dc1f8 e-flex e-con-boxed e-con e-child\" data-id=\"54dc1f8\" data-element_type=\"container\">\n\t\t\t\t\t<div class=\"e-con-inner\">\n\t\t\t\t<div class=\"elementor-element elementor-element-4fa9182 elementor-widget elementor-widget-text-editor\" data-id=\"4fa9182\" data-element_type=\"widget\" data-widget_type=\"text-editor.default\">\n\t\t\t\t<div class=\"elementor-widget-container\">\n\t\t\t\t\t\t\t<p><strong>2015<\/strong><br \/>Pfanstiehl se expande con la apertura de oficinas en Suiza y Singapur.<\/p>\n<\/p>\n<p><strong>2006<\/strong><br \/>Construcci\u00f3n de nuevos y ampliados laboratorios de pruebas anal\u00edticas y laboratorios de desarrollo y validaci\u00f3n de m\u00e9todos Las nuevas instalaciones de Kilo Lab y Planta Piloto comienzan a respaldar los servicios de fabricaci\u00f3n de s\u00edntesis personalizada y HPS (Fase I)<\/p>\n<\/p>\n<p><strong>2003<\/strong><br \/>Se agreg\u00f3 el aislador de s\u00edntesis a la planta de fabricaci\u00f3n de sustancias de alta potencia (HPS) para dar cabida a programas adicionales de desarrollo de candidatos a f\u00e1rmacos oncol\u00f3gicos en fase temprana.<\/p>\n<\/p>\n<p><strong>2001<\/strong><br \/>Instalaciones y pr\u00e1cticas de fabricaci\u00f3n de sustancias de alta potencia (HPS) certificadas por SafeBridge Consultants, Inc.<\/p>\n<\/p>\n<p><strong>2000<\/strong><br \/>Pfanstiehl se convierte en una subsidiaria de propiedad total de Ferro Corporation, un importante productor internacional de materiales de alto rendimiento para la industria, incluidos recubrimientos, productos qu\u00edmicos finos y aditivos polim\u00e9ricos. La adquisici\u00f3n por parte de Ferro acelera la expansi\u00f3n de la infraestructura t\u00e9cnica y de capital.<\/p>\n<\/p>\n<p><strong>1999<\/strong><br \/>Se construye una nueva planta de fabricaci\u00f3n de sustancias de alta potencia (HPS) a escala comercial multiprop\u00f3sito. Optimizada para el aislamiento\/contenci\u00f3n de productos y el control centralizado de procesos, la instalaci\u00f3n ampl\u00eda las capacidades de Pfanstiehl para procesar API e intermedios t\u00f3xicos y citot\u00f3xicos.<\/p>\n<\/p>\n<p><strong>1977<\/strong><br \/>Pfanstiehl se asocia con Abbott Laboratories para desarrollar un proceso para producir fosfol\u00edpidos de yema de huevo (lecitina de huevo) para su uso en una formulaci\u00f3n de nutrici\u00f3n parenteral.<\/p>\n<\/p>\n<p><strong>1973<\/strong><br \/>Pfanstiehl establece su primer Archivo Maestro de Medicamentos Tipo II con la Administraci\u00f3n de Alimentos y Medicamentos de EE. UU. para un cliente farmac\u00e9utico<\/p>\n<\/p>\n<p><strong>1962<\/strong><br \/>Pfanstiehl comienza a producir soluciones de lactato de sodio y clorhidrato de glucosamina, marcando la entrada en la producci\u00f3n de compuestos farmac\u00e9uticos e intermedios.<\/p>\n<\/p>\n<p><strong>1959<\/strong><br \/>Pfanstiel ampl\u00eda significativamente su capacidad y capacidades al trasladarse a su direcci\u00f3n actual en Waukegan, Illinois. El edificio original ocupado en Glen Rock Avenue sigue albergando la producci\u00f3n de productos qu\u00edmicos finos de Pfanstiehl.<\/p>\n<\/p>\n<p><strong>1954<\/strong><br \/>Babson vende la divisi\u00f3n de qu\u00edmica fina a Arthur Holstein y al qu\u00edmico de carbohidratos Dr. Waldersee Hendrey, quienes luego nombran a su empresa Pfanstiehl Laboratories, Inc. Pfanstiehl comienza a producir productos qu\u00edmicos finos en grandes vol\u00famenes y comienza a suministrar productos bioqu\u00edmicos a granel a los revendedores de cat\u00e1logos. El enfoque del producto se desplaza hacia los carbohidratos y los productos qu\u00edmicos org\u00e1nicos relacionados.<\/p>\n<\/p>\n<p><strong>1947<\/strong><br \/>Arthur G. Holstein, qu\u00edmico y titular de cinco patentes de procesamiento bioqu\u00edmico, se une a Pfanstiehl, dirigiendo la divisi\u00f3n de qu\u00edmica fina.<\/p>\n<\/p>\n<p><strong>1942<\/strong><br \/>Pfanstiehl Chemical se convierte en una subsidiaria de Babson, operando tres divisiones separadas: productos qu\u00edmicos finos, productos metal\u00fargicos y productos l\u00e1cteos de saneamiento.<\/p>\n<\/p>\n<p><strong>1930<\/strong><br \/>Babson Brothers, Inc., un fabricante y distribuidor de suministros para la industria l\u00e1ctea del \u00e1rea de Chicago, se une a Pfanstiehl para ayudar con apoyo financiero y administrativo. La Special Chemicals Company pasa a llamarse Pfanstiehl Chemical Corporation y se traslada a Waukegan, Illinois.<\/p>\n<\/p>\n<p><strong>1919<\/strong><br \/>Con la ayuda del capital inicial del gobierno de los Estados Unidos, Carl Pfanstiehl funda la Corporaci\u00f3n de Productos Qu\u00edmicos Especiales en el establo detr\u00e1s de su casa. Comienza a proporcionar carbohidratos, amino\u00e1cidos y enzimas de alta pureza a laboratorios anal\u00edticos y hospitales.<\/p>\n\t\t\t\t\t\t<\/div>\n\t\t\t\t<\/div>\n\t\t\t\t\t<\/div>\n\t\t\t\t<\/div>\n\t\t\t\t<\/div>\n\t\t","protected":false},"excerpt":{"rendered":"<p>Una historia de innovaci\u00f3n 2022Pfanstiehl completa una importante expansi\u00f3n de la capacidad de fabricaci\u00f3n para satisfacer la demanda del mercado de excipientes de alta calidad. 2020Como parte integral del Proyecto Warp Speed, Pfanstiehl instituye medidas de control de infecciones para continuar fabricando excipientes de carbohidratos cr\u00edticos necesarios para producir la vacuna COVID. A lo largo [&hellip;]<\/p>\n","protected":false},"author":1,"featured_media":0,"parent":0,"menu_order":0,"comment_status":"closed","ping_status":"closed","template":"elementor_header_footer","meta":{"om_disable_all_campaigns":false,"_monsterinsights_skip_tracking":false,"_monsterinsights_sitenote_active":false,"_monsterinsights_sitenote_note":"","_monsterinsights_sitenote_category":0,"_uf_show_specific_survey":0,"_uf_disable_surveys":false,"footnotes":""},"class_list":["post-5097","page","type-page","status-publish","hentry"],"yoast_head":"<!-- This site is optimized with the Yoast SEO plugin v27.3 - https:\/\/yoast.com\/product\/yoast-seo-wordpress\/ -->\n<title>Historia - Pfanstiehl<\/title>\n<meta name=\"robots\" content=\"index, follow, max-snippet:-1, max-image-preview:large, max-video-preview:-1\" \/>\n<link rel=\"canonical\" href=\"https:\/\/pfanstiehl.com\/es\/historia\/\" \/>\n<meta property=\"og:locale\" content=\"es_ES\" \/>\n<meta property=\"og:type\" content=\"article\" \/>\n<meta property=\"og:title\" content=\"Historia - Pfanstiehl\" \/>\n<meta property=\"og:description\" content=\"Una historia de innovaci\u00f3n 2022Pfanstiehl completa una importante expansi\u00f3n de la capacidad de fabricaci\u00f3n para satisfacer la demanda del mercado de excipientes de alta calidad. 2020Como parte integral del Proyecto Warp Speed, Pfanstiehl instituye medidas de control de infecciones para continuar fabricando excipientes de carbohidratos cr\u00edticos necesarios para producir la vacuna COVID. A lo largo [&hellip;]\" \/>\n<meta property=\"og:url\" content=\"https:\/\/pfanstiehl.com\/es\/historia\/\" \/>\n<meta property=\"og:site_name\" content=\"Pfanstiehl\" \/>\n<meta property=\"article:modified_time\" content=\"2024-07-03T05:49:46+00:00\" \/>\n<meta property=\"og:image\" content=\"https:\/\/pfanstiehl.com\/wp-content\/uploads\/2024\/06\/history.png\" \/>\n<meta name=\"twitter:card\" content=\"summary_large_image\" \/>\n<meta name=\"twitter:label1\" content=\"Tiempo de lectura\" \/>\n\t<meta name=\"twitter:data1\" content=\"3 minutos\" \/>\n<script type=\"application\/ld+json\" class=\"yoast-schema-graph\">{\"@context\":\"https:\\\/\\\/schema.org\",\"@graph\":[{\"@type\":\"WebPage\",\"@id\":\"https:\\\/\\\/pfanstiehl.com\\\/es\\\/historia\\\/\",\"url\":\"https:\\\/\\\/pfanstiehl.com\\\/es\\\/historia\\\/\",\"name\":\"Historia - Pfanstiehl\",\"isPartOf\":{\"@id\":\"https:\\\/\\\/pfanstiehl.com\\\/es\\\/#website\"},\"primaryImageOfPage\":{\"@id\":\"https:\\\/\\\/pfanstiehl.com\\\/es\\\/historia\\\/#primaryimage\"},\"image\":{\"@id\":\"https:\\\/\\\/pfanstiehl.com\\\/es\\\/historia\\\/#primaryimage\"},\"thumbnailUrl\":\"https:\\\/\\\/pfanstiehl.com\\\/wp-content\\\/uploads\\\/2024\\\/06\\\/history.png\",\"datePublished\":\"2024-05-21T08:52:34+00:00\",\"dateModified\":\"2024-07-03T05:49:46+00:00\",\"breadcrumb\":{\"@id\":\"https:\\\/\\\/pfanstiehl.com\\\/es\\\/historia\\\/#breadcrumb\"},\"inLanguage\":\"es\",\"potentialAction\":[{\"@type\":\"ReadAction\",\"target\":[\"https:\\\/\\\/pfanstiehl.com\\\/es\\\/historia\\\/\"]}]},{\"@type\":\"ImageObject\",\"inLanguage\":\"es\",\"@id\":\"https:\\\/\\\/pfanstiehl.com\\\/es\\\/historia\\\/#primaryimage\",\"url\":\"https:\\\/\\\/pfanstiehl.com\\\/wp-content\\\/uploads\\\/2024\\\/06\\\/history.png\",\"contentUrl\":\"https:\\\/\\\/pfanstiehl.com\\\/wp-content\\\/uploads\\\/2024\\\/06\\\/history.png\"},{\"@type\":\"BreadcrumbList\",\"@id\":\"https:\\\/\\\/pfanstiehl.com\\\/es\\\/historia\\\/#breadcrumb\",\"itemListElement\":[{\"@type\":\"ListItem\",\"position\":1,\"name\":\"Home\",\"item\":\"https:\\\/\\\/pfanstiehl.com\\\/es\\\/\"},{\"@type\":\"ListItem\",\"position\":2,\"name\":\"Historia\"}]},{\"@type\":\"WebSite\",\"@id\":\"https:\\\/\\\/pfanstiehl.com\\\/es\\\/#website\",\"url\":\"https:\\\/\\\/pfanstiehl.com\\\/es\\\/\",\"name\":\"Pfanstiehl\",\"description\":\"\",\"publisher\":{\"@id\":\"https:\\\/\\\/pfanstiehl.com\\\/es\\\/#organization\"},\"potentialAction\":[{\"@type\":\"SearchAction\",\"target\":{\"@type\":\"EntryPoint\",\"urlTemplate\":\"https:\\\/\\\/pfanstiehl.com\\\/es\\\/?s={search_term_string}\"},\"query-input\":{\"@type\":\"PropertyValueSpecification\",\"valueRequired\":true,\"valueName\":\"search_term_string\"}}],\"inLanguage\":\"es\"},{\"@type\":\"Organization\",\"@id\":\"https:\\\/\\\/pfanstiehl.com\\\/es\\\/#organization\",\"name\":\"Pfanstiehl\",\"url\":\"https:\\\/\\\/pfanstiehl.com\\\/es\\\/\",\"logo\":{\"@type\":\"ImageObject\",\"inLanguage\":\"es\",\"@id\":\"https:\\\/\\\/pfanstiehl.com\\\/es\\\/#\\\/schema\\\/logo\\\/image\\\/\",\"url\":\"https:\\\/\\\/pfanstiehl.com\\\/wp-content\\\/uploads\\\/2024\\\/06\\\/logo.png\",\"contentUrl\":\"https:\\\/\\\/pfanstiehl.com\\\/wp-content\\\/uploads\\\/2024\\\/06\\\/logo.png\",\"width\":600,\"height\":85,\"caption\":\"Pfanstiehl\"},\"image\":{\"@id\":\"https:\\\/\\\/pfanstiehl.com\\\/es\\\/#\\\/schema\\\/logo\\\/image\\\/\"}}]}<\/script>\n<!-- \/ Yoast SEO plugin. -->","yoast_head_json":{"title":"Historia - Pfanstiehl","robots":{"index":"index","follow":"follow","max-snippet":"max-snippet:-1","max-image-preview":"max-image-preview:large","max-video-preview":"max-video-preview:-1"},"canonical":"https:\/\/pfanstiehl.com\/es\/historia\/","og_locale":"es_ES","og_type":"article","og_title":"Historia - Pfanstiehl","og_description":"Una historia de innovaci\u00f3n 2022Pfanstiehl completa una importante expansi\u00f3n de la capacidad de fabricaci\u00f3n para satisfacer la demanda del mercado de excipientes de alta calidad. 2020Como parte integral del Proyecto Warp Speed, Pfanstiehl instituye medidas de control de infecciones para continuar fabricando excipientes de carbohidratos cr\u00edticos necesarios para producir la vacuna COVID. A lo largo [&hellip;]","og_url":"https:\/\/pfanstiehl.com\/es\/historia\/","og_site_name":"Pfanstiehl","article_modified_time":"2024-07-03T05:49:46+00:00","og_image":[{"url":"https:\/\/pfanstiehl.com\/wp-content\/uploads\/2024\/06\/history.png","type":"","width":"","height":""}],"twitter_card":"summary_large_image","twitter_misc":{"Tiempo de lectura":"3 minutos"},"schema":{"@context":"https:\/\/schema.org","@graph":[{"@type":"WebPage","@id":"https:\/\/pfanstiehl.com\/es\/historia\/","url":"https:\/\/pfanstiehl.com\/es\/historia\/","name":"Historia - Pfanstiehl","isPartOf":{"@id":"https:\/\/pfanstiehl.com\/es\/#website"},"primaryImageOfPage":{"@id":"https:\/\/pfanstiehl.com\/es\/historia\/#primaryimage"},"image":{"@id":"https:\/\/pfanstiehl.com\/es\/historia\/#primaryimage"},"thumbnailUrl":"https:\/\/pfanstiehl.com\/wp-content\/uploads\/2024\/06\/history.png","datePublished":"2024-05-21T08:52:34+00:00","dateModified":"2024-07-03T05:49:46+00:00","breadcrumb":{"@id":"https:\/\/pfanstiehl.com\/es\/historia\/#breadcrumb"},"inLanguage":"es","potentialAction":[{"@type":"ReadAction","target":["https:\/\/pfanstiehl.com\/es\/historia\/"]}]},{"@type":"ImageObject","inLanguage":"es","@id":"https:\/\/pfanstiehl.com\/es\/historia\/#primaryimage","url":"https:\/\/pfanstiehl.com\/wp-content\/uploads\/2024\/06\/history.png","contentUrl":"https:\/\/pfanstiehl.com\/wp-content\/uploads\/2024\/06\/history.png"},{"@type":"BreadcrumbList","@id":"https:\/\/pfanstiehl.com\/es\/historia\/#breadcrumb","itemListElement":[{"@type":"ListItem","position":1,"name":"Home","item":"https:\/\/pfanstiehl.com\/es\/"},{"@type":"ListItem","position":2,"name":"Historia"}]},{"@type":"WebSite","@id":"https:\/\/pfanstiehl.com\/es\/#website","url":"https:\/\/pfanstiehl.com\/es\/","name":"Pfanstiehl","description":"","publisher":{"@id":"https:\/\/pfanstiehl.com\/es\/#organization"},"potentialAction":[{"@type":"SearchAction","target":{"@type":"EntryPoint","urlTemplate":"https:\/\/pfanstiehl.com\/es\/?s={search_term_string}"},"query-input":{"@type":"PropertyValueSpecification","valueRequired":true,"valueName":"search_term_string"}}],"inLanguage":"es"},{"@type":"Organization","@id":"https:\/\/pfanstiehl.com\/es\/#organization","name":"Pfanstiehl","url":"https:\/\/pfanstiehl.com\/es\/","logo":{"@type":"ImageObject","inLanguage":"es","@id":"https:\/\/pfanstiehl.com\/es\/#\/schema\/logo\/image\/","url":"https:\/\/pfanstiehl.com\/wp-content\/uploads\/2024\/06\/logo.png","contentUrl":"https:\/\/pfanstiehl.com\/wp-content\/uploads\/2024\/06\/logo.png","width":600,"height":85,"caption":"Pfanstiehl"},"image":{"@id":"https:\/\/pfanstiehl.com\/es\/#\/schema\/logo\/image\/"}}]}},"_links":{"self":[{"href":"https:\/\/pfanstiehl.com\/es\/wp-json\/wp\/v2\/pages\/5097","targetHints":{"allow":["GET"]}}],"collection":[{"href":"https:\/\/pfanstiehl.com\/es\/wp-json\/wp\/v2\/pages"}],"about":[{"href":"https:\/\/pfanstiehl.com\/es\/wp-json\/wp\/v2\/types\/page"}],"author":[{"embeddable":true,"href":"https:\/\/pfanstiehl.com\/es\/wp-json\/wp\/v2\/users\/1"}],"replies":[{"embeddable":true,"href":"https:\/\/pfanstiehl.com\/es\/wp-json\/wp\/v2\/comments?post=5097"}],"version-history":[{"count":5,"href":"https:\/\/pfanstiehl.com\/es\/wp-json\/wp\/v2\/pages\/5097\/revisions"}],"predecessor-version":[{"id":5866,"href":"https:\/\/pfanstiehl.com\/es\/wp-json\/wp\/v2\/pages\/5097\/revisions\/5866"}],"wp:attachment":[{"href":"https:\/\/pfanstiehl.com\/es\/wp-json\/wp\/v2\/media?parent=5097"}],"curies":[{"name":"wp","href":"https:\/\/api.w.org\/{rel}","templated":true}]}}