{"id":5055,"date":"2024-06-12T06:00:09","date_gmt":"2024-06-12T06:00:09","guid":{"rendered":"https:\/\/pfanstiehl.com\/politica-de-devoluciones\/"},"modified":"2024-07-01T11:02:41","modified_gmt":"2024-07-01T11:02:41","slug":"politica-de-devoluciones","status":"publish","type":"page","link":"https:\/\/pfanstiehl.com\/es\/politica-de-devoluciones\/","title":{"rendered":"Pol\u00edtica de devoluciones"},"content":{"rendered":"\t\t<div data-elementor-type=\"wp-page\" data-elementor-id=\"5055\" class=\"elementor elementor-5055 elementor-2926\" data-elementor-post-type=\"page\">\n\t\t\t\t<div class=\"elementor-element elementor-element-ad7cd6b e-flex e-con-boxed e-con e-parent\" data-id=\"ad7cd6b\" data-element_type=\"container\">\n\t\t\t\t\t<div class=\"e-con-inner\">\n\t\t\t\t<div class=\"elementor-element elementor-element-bd5fe22 elementor-widget elementor-widget-text-editor\" data-id=\"bd5fe22\" data-element_type=\"widget\" data-widget_type=\"text-editor.default\">\n\t\t\t\t<div class=\"elementor-widget-container\">\n\t\t\t<style>\/*! elementor - v3.23.0 - 05-08-2024 *\/\n.elementor-widget-text-editor.elementor-drop-cap-view-stacked .elementor-drop-cap{background-color:#69727d;color:#fff}.elementor-widget-text-editor.elementor-drop-cap-view-framed .elementor-drop-cap{color:#69727d;border:3px solid;background-color:transparent}.elementor-widget-text-editor:not(.elementor-drop-cap-view-default) .elementor-drop-cap{margin-top:8px}.elementor-widget-text-editor:not(.elementor-drop-cap-view-default) .elementor-drop-cap-letter{width:1em;height:1em}.elementor-widget-text-editor .elementor-drop-cap{float:left;text-align:center;line-height:1;font-size:50px}.elementor-widget-text-editor .elementor-drop-cap-letter{display:inline-block}<\/style>\t\t\t\t<h4>Devoluciones y escasez<\/h4>\n<p>Queremos que recibas nuestros productos en buenas condiciones. Puede devolver un producto que est\u00e9 da\u00f1ado o defectuoso en el momento de la entrega, o corregir cualquier faltante, si se comunica con el Servicio de atenci\u00f3n al cliente dentro de los 5 d\u00edas posteriores a la recepci\u00f3n del producto. Si no se pone en contacto con nosotros dentro de este per\u00edodo de 5 d\u00edas, consideraremos que el producto ha sido aceptado, pero no perder\u00e1 ning\u00fan derecho de garant\u00eda.<\/p>\n<\/p>\n<h4>Autorizaci\u00f3n para devoluciones<\/h4>\n<p>El Servicio de Atenci\u00f3n al Cliente debe autorizar todas las devoluciones de productos. Si se autoriza la devoluci\u00f3n de su producto, el Servicio de atenci\u00f3n al cliente le proporcionar\u00e1 instrucciones sobre el proceso de devoluci\u00f3n.<\/p>\n<\/p>\n<h4>Elegibilidad para el cr\u00e9dito de productos<\/h4>\n<p>Para ser elegible para el cr\u00e9dito del producto, un producto debe ser autorizado por escrito para su devoluci\u00f3n y debe llegar a nuestras instalaciones en una condici\u00f3n satisfactoria para la reventa. Cualquier devoluci\u00f3n que no se deba a un error nuestro est\u00e1 sujeta a un cargo de reposici\u00f3n de existencias de $ 25 o 25% del precio de venta, lo que sea mayor. No acreditamos los gastos de env\u00edo. No puede devolver un producto para obtener cr\u00e9dito m\u00e1s de 30 d\u00edas despu\u00e9s de recibirlo.<\/p>\n<\/p>\n<h4>Devoluciones de productos personalizados<\/h4>\n<p>Puede devolver un producto personalizado que fabricamos seg\u00fan sus especificaciones solo si el producto no se ajusta a las especificaciones dadas a partir de la fecha de env\u00edo. En ese caso, a nuestra entera discreci\u00f3n, reemplazaremos el producto personalizado o le reembolsaremos el precio de compra como su \u00fanico recurso.<\/p>\n\t\t\t\t\t\t<\/div>\n\t\t\t\t<\/div>\n\t\t\t\t\t<\/div>\n\t\t\t\t<\/div>\n\t\t\t\t<\/div>\n\t\t","protected":false},"excerpt":{"rendered":"<p>Devoluciones y escasez Queremos que recibas nuestros productos en buenas condiciones. Puede devolver un producto que est\u00e9 da\u00f1ado o defectuoso en el momento de la entrega, o corregir cualquier faltante, si se comunica con el Servicio de atenci\u00f3n al cliente dentro de los 5 d\u00edas posteriores a la recepci\u00f3n del producto. Si no se pone [&hellip;]<\/p>\n","protected":false},"author":1,"featured_media":0,"parent":0,"menu_order":0,"comment_status":"closed","ping_status":"closed","template":"elementor_header_footer","meta":{"om_disable_all_campaigns":false,"_monsterinsights_skip_tracking":false,"_monsterinsights_sitenote_active":false,"_monsterinsights_sitenote_note":"","_monsterinsights_sitenote_category":0,"_uf_show_specific_survey":0,"_uf_disable_surveys":false,"footnotes":""},"class_list":["post-5055","page","type-page","status-publish","hentry"],"yoast_head":"<!-- This site is optimized with the Yoast SEO plugin v27.3 - https:\/\/yoast.com\/product\/yoast-seo-wordpress\/ -->\n<title>Pol\u00edtica de devoluciones - Pfanstiehl<\/title>\n<meta name=\"robots\" content=\"index, follow, max-snippet:-1, max-image-preview:large, max-video-preview:-1\" \/>\n<link rel=\"canonical\" href=\"https:\/\/pfanstiehl.com\/es\/politica-de-devoluciones\/\" \/>\n<meta property=\"og:locale\" content=\"es_ES\" \/>\n<meta property=\"og:type\" content=\"article\" \/>\n<meta property=\"og:title\" content=\"Pol\u00edtica de devoluciones - Pfanstiehl\" \/>\n<meta property=\"og:description\" content=\"Devoluciones y escasez Queremos que recibas nuestros productos en buenas condiciones. Puede devolver un producto que est\u00e9 da\u00f1ado o defectuoso en el momento de la entrega, o corregir cualquier faltante, si se comunica con el Servicio de atenci\u00f3n al cliente dentro de los 5 d\u00edas posteriores a la recepci\u00f3n del producto. Si no se pone [&hellip;]\" \/>\n<meta property=\"og:url\" content=\"https:\/\/pfanstiehl.com\/es\/politica-de-devoluciones\/\" \/>\n<meta property=\"og:site_name\" content=\"Pfanstiehl\" \/>\n<meta property=\"article:modified_time\" content=\"2024-07-01T11:02:41+00:00\" \/>\n<meta name=\"twitter:card\" content=\"summary_large_image\" \/>\n<meta name=\"twitter:label1\" content=\"Tiempo de lectura\" \/>\n\t<meta name=\"twitter:data1\" content=\"1 minuto\" \/>\n<script type=\"application\/ld+json\" class=\"yoast-schema-graph\">{\"@context\":\"https:\\\/\\\/schema.org\",\"@graph\":[{\"@type\":\"WebPage\",\"@id\":\"https:\\\/\\\/pfanstiehl.com\\\/es\\\/politica-de-devoluciones\\\/\",\"url\":\"https:\\\/\\\/pfanstiehl.com\\\/es\\\/politica-de-devoluciones\\\/\",\"name\":\"Pol\u00edtica de devoluciones - Pfanstiehl\",\"isPartOf\":{\"@id\":\"https:\\\/\\\/pfanstiehl.com\\\/es\\\/#website\"},\"datePublished\":\"2024-06-12T06:00:09+00:00\",\"dateModified\":\"2024-07-01T11:02:41+00:00\",\"breadcrumb\":{\"@id\":\"https:\\\/\\\/pfanstiehl.com\\\/es\\\/politica-de-devoluciones\\\/#breadcrumb\"},\"inLanguage\":\"es\",\"potentialAction\":[{\"@type\":\"ReadAction\",\"target\":[\"https:\\\/\\\/pfanstiehl.com\\\/es\\\/politica-de-devoluciones\\\/\"]}]},{\"@type\":\"BreadcrumbList\",\"@id\":\"https:\\\/\\\/pfanstiehl.com\\\/es\\\/politica-de-devoluciones\\\/#breadcrumb\",\"itemListElement\":[{\"@type\":\"ListItem\",\"position\":1,\"name\":\"Home\",\"item\":\"https:\\\/\\\/pfanstiehl.com\\\/es\\\/\"},{\"@type\":\"ListItem\",\"position\":2,\"name\":\"Pol\u00edtica de devoluciones\"}]},{\"@type\":\"WebSite\",\"@id\":\"https:\\\/\\\/pfanstiehl.com\\\/es\\\/#website\",\"url\":\"https:\\\/\\\/pfanstiehl.com\\\/es\\\/\",\"name\":\"Pfanstiehl\",\"description\":\"\",\"publisher\":{\"@id\":\"https:\\\/\\\/pfanstiehl.com\\\/es\\\/#organization\"},\"potentialAction\":[{\"@type\":\"SearchAction\",\"target\":{\"@type\":\"EntryPoint\",\"urlTemplate\":\"https:\\\/\\\/pfanstiehl.com\\\/es\\\/?s={search_term_string}\"},\"query-input\":{\"@type\":\"PropertyValueSpecification\",\"valueRequired\":true,\"valueName\":\"search_term_string\"}}],\"inLanguage\":\"es\"},{\"@type\":\"Organization\",\"@id\":\"https:\\\/\\\/pfanstiehl.com\\\/es\\\/#organization\",\"name\":\"Pfanstiehl\",\"url\":\"https:\\\/\\\/pfanstiehl.com\\\/es\\\/\",\"logo\":{\"@type\":\"ImageObject\",\"inLanguage\":\"es\",\"@id\":\"https:\\\/\\\/pfanstiehl.com\\\/es\\\/#\\\/schema\\\/logo\\\/image\\\/\",\"url\":\"https:\\\/\\\/pfanstiehl.com\\\/wp-content\\\/uploads\\\/2024\\\/06\\\/logo.png\",\"contentUrl\":\"https:\\\/\\\/pfanstiehl.com\\\/wp-content\\\/uploads\\\/2024\\\/06\\\/logo.png\",\"width\":600,\"height\":85,\"caption\":\"Pfanstiehl\"},\"image\":{\"@id\":\"https:\\\/\\\/pfanstiehl.com\\\/es\\\/#\\\/schema\\\/logo\\\/image\\\/\"}}]}<\/script>\n<!-- \/ Yoast SEO plugin. -->","yoast_head_json":{"title":"Pol\u00edtica de devoluciones - Pfanstiehl","robots":{"index":"index","follow":"follow","max-snippet":"max-snippet:-1","max-image-preview":"max-image-preview:large","max-video-preview":"max-video-preview:-1"},"canonical":"https:\/\/pfanstiehl.com\/es\/politica-de-devoluciones\/","og_locale":"es_ES","og_type":"article","og_title":"Pol\u00edtica de devoluciones - Pfanstiehl","og_description":"Devoluciones y escasez Queremos que recibas nuestros productos en buenas condiciones. Puede devolver un producto que est\u00e9 da\u00f1ado o defectuoso en el momento de la entrega, o corregir cualquier faltante, si se comunica con el Servicio de atenci\u00f3n al cliente dentro de los 5 d\u00edas posteriores a la recepci\u00f3n del producto. Si no se pone [&hellip;]","og_url":"https:\/\/pfanstiehl.com\/es\/politica-de-devoluciones\/","og_site_name":"Pfanstiehl","article_modified_time":"2024-07-01T11:02:41+00:00","twitter_card":"summary_large_image","twitter_misc":{"Tiempo de lectura":"1 minuto"},"schema":{"@context":"https:\/\/schema.org","@graph":[{"@type":"WebPage","@id":"https:\/\/pfanstiehl.com\/es\/politica-de-devoluciones\/","url":"https:\/\/pfanstiehl.com\/es\/politica-de-devoluciones\/","name":"Pol\u00edtica de devoluciones - Pfanstiehl","isPartOf":{"@id":"https:\/\/pfanstiehl.com\/es\/#website"},"datePublished":"2024-06-12T06:00:09+00:00","dateModified":"2024-07-01T11:02:41+00:00","breadcrumb":{"@id":"https:\/\/pfanstiehl.com\/es\/politica-de-devoluciones\/#breadcrumb"},"inLanguage":"es","potentialAction":[{"@type":"ReadAction","target":["https:\/\/pfanstiehl.com\/es\/politica-de-devoluciones\/"]}]},{"@type":"BreadcrumbList","@id":"https:\/\/pfanstiehl.com\/es\/politica-de-devoluciones\/#breadcrumb","itemListElement":[{"@type":"ListItem","position":1,"name":"Home","item":"https:\/\/pfanstiehl.com\/es\/"},{"@type":"ListItem","position":2,"name":"Pol\u00edtica de devoluciones"}]},{"@type":"WebSite","@id":"https:\/\/pfanstiehl.com\/es\/#website","url":"https:\/\/pfanstiehl.com\/es\/","name":"Pfanstiehl","description":"","publisher":{"@id":"https:\/\/pfanstiehl.com\/es\/#organization"},"potentialAction":[{"@type":"SearchAction","target":{"@type":"EntryPoint","urlTemplate":"https:\/\/pfanstiehl.com\/es\/?s={search_term_string}"},"query-input":{"@type":"PropertyValueSpecification","valueRequired":true,"valueName":"search_term_string"}}],"inLanguage":"es"},{"@type":"Organization","@id":"https:\/\/pfanstiehl.com\/es\/#organization","name":"Pfanstiehl","url":"https:\/\/pfanstiehl.com\/es\/","logo":{"@type":"ImageObject","inLanguage":"es","@id":"https:\/\/pfanstiehl.com\/es\/#\/schema\/logo\/image\/","url":"https:\/\/pfanstiehl.com\/wp-content\/uploads\/2024\/06\/logo.png","contentUrl":"https:\/\/pfanstiehl.com\/wp-content\/uploads\/2024\/06\/logo.png","width":600,"height":85,"caption":"Pfanstiehl"},"image":{"@id":"https:\/\/pfanstiehl.com\/es\/#\/schema\/logo\/image\/"}}]}},"_links":{"self":[{"href":"https:\/\/pfanstiehl.com\/es\/wp-json\/wp\/v2\/pages\/5055","targetHints":{"allow":["GET"]}}],"collection":[{"href":"https:\/\/pfanstiehl.com\/es\/wp-json\/wp\/v2\/pages"}],"about":[{"href":"https:\/\/pfanstiehl.com\/es\/wp-json\/wp\/v2\/types\/page"}],"author":[{"embeddable":true,"href":"https:\/\/pfanstiehl.com\/es\/wp-json\/wp\/v2\/users\/1"}],"replies":[{"embeddable":true,"href":"https:\/\/pfanstiehl.com\/es\/wp-json\/wp\/v2\/comments?post=5055"}],"version-history":[{"count":1,"href":"https:\/\/pfanstiehl.com\/es\/wp-json\/wp\/v2\/pages\/5055\/revisions"}],"predecessor-version":[{"id":5058,"href":"https:\/\/pfanstiehl.com\/es\/wp-json\/wp\/v2\/pages\/5055\/revisions\/5058"}],"wp:attachment":[{"href":"https:\/\/pfanstiehl.com\/es\/wp-json\/wp\/v2\/media?parent=5055"}],"curies":[{"name":"wp","href":"https:\/\/api.w.org\/{rel}","templated":true}]}}