{"id":5767,"date":"2024-05-21T08:38:42","date_gmt":"2024-05-21T08:38:42","guid":{"rendered":"https:\/\/pfanstiehl.com\/wer-wir-sind\/"},"modified":"2024-07-02T06:44:43","modified_gmt":"2024-07-02T06:44:43","slug":"wer-wir-sind","status":"publish","type":"page","link":"https:\/\/pfanstiehl.com\/de\/wer-wir-sind\/","title":{"rendered":"Wer wir sind"},"content":{"rendered":"\t\t<div data-elementor-type=\"wp-page\" data-elementor-id=\"5767\" class=\"elementor elementor-5767 elementor-139\" data-elementor-post-type=\"page\">\n\t\t\t\t<div class=\"elementor-element elementor-element-116ecbc e-flex e-con-boxed e-con e-parent\" data-id=\"116ecbc\" data-element_type=\"container\">\n\t\t\t\t\t<div class=\"e-con-inner\">\n\t\t<div class=\"elementor-element elementor-element-46c128e e-flex e-con-boxed e-con e-child\" data-id=\"46c128e\" data-element_type=\"container\">\n\t\t\t\t\t<div class=\"e-con-inner\">\n\t\t\t\t<div class=\"elementor-element elementor-element-2042534 elementor-widget elementor-widget-heading\" data-id=\"2042534\" data-element_type=\"widget\" data-widget_type=\"heading.default\">\n\t\t\t\t<div class=\"elementor-widget-container\">\n\t\t\t<style>\/*! elementor - v3.23.0 - 05-08-2024 *\/\n.elementor-heading-title{padding:0;margin:0;line-height:1}.elementor-widget-heading .elementor-heading-title[class*=elementor-size-]>a{color:inherit;font-size:inherit;line-height:inherit}.elementor-widget-heading .elementor-heading-title.elementor-size-small{font-size:15px}.elementor-widget-heading .elementor-heading-title.elementor-size-medium{font-size:19px}.elementor-widget-heading .elementor-heading-title.elementor-size-large{font-size:29px}.elementor-widget-heading .elementor-heading-title.elementor-size-xl{font-size:39px}.elementor-widget-heading .elementor-heading-title.elementor-size-xxl{font-size:59px}<\/style><h1 class=\"elementor-heading-title elementor-size-default\">Wir sind Pfanstiehl<\/h1>\t\t<\/div>\n\t\t\t\t<\/div>\n\t\t\t\t<div class=\"elementor-element elementor-element-d69e3cc elementor-widget elementor-widget-text-editor\" data-id=\"d69e3cc\" data-element_type=\"widget\" data-widget_type=\"text-editor.default\">\n\t\t\t\t<div class=\"elementor-widget-container\">\n\t\t\t<style>\/*! elementor - v3.23.0 - 05-08-2024 *\/\n.elementor-widget-text-editor.elementor-drop-cap-view-stacked .elementor-drop-cap{background-color:#69727d;color:#fff}.elementor-widget-text-editor.elementor-drop-cap-view-framed .elementor-drop-cap{color:#69727d;border:3px solid;background-color:transparent}.elementor-widget-text-editor:not(.elementor-drop-cap-view-default) .elementor-drop-cap{margin-top:8px}.elementor-widget-text-editor:not(.elementor-drop-cap-view-default) .elementor-drop-cap-letter{width:1em;height:1em}.elementor-widget-text-editor .elementor-drop-cap{float:left;text-align:center;line-height:1;font-size:50px}.elementor-widget-text-editor .elementor-drop-cap-letter{display:inline-block}<\/style>\t\t\t\t<p>Pfanstiehl ist weltweit als f\u00fchrend in der Herstellung von hochreinen, endotoxinarmen, metallarmen injizierbaren cGMP-Hilfsstoffen und biopharmazeutischen Komponenten f\u00fcr verschiedene Anwendungen in der Bioprozess-, Formulierungs- und Spezialforschung anerkannt. Dar\u00fcber hinaus ist Pfanstiehl als f\u00fchrendes Auftragsentwicklungs- und -herstellungsunternehmen (CDMO) t\u00e4tig, das sich auf die Isolierung, Reinigung, kundenspezifische Synthese und Scale-up-Entwicklung von niedermolekularen pharmazeutischen Wirkstoffen (APIs) von Gramm bis zu mehreren Tonnen kommerzieller Mengen spezialisiert hat. W\u00e4hrend viele Hersteller oder Wiederverk\u00e4ufer von Inhaltsstoffen verschiedene Branchen wie Lebensmittel, Kosmetik, Landwirtschaft und Nahrungserg\u00e4nzungsmittel beliefern und nur eine begrenzte Auswahl an Inhaltsstoffen in &#8222;Pharmaqualit\u00e4t&#8220; anbieten, liegt der ausschlie\u00dfliche Fokus von Pfanstiehl auf Biopharma-Anwendungen, was ein engagiertes Engagement f\u00fcr diesen speziellen Sektor zeigt.<\/p>\n\t\t\t\t\t\t<\/div>\n\t\t\t\t<\/div>\n\t\t\t\t\t<\/div>\n\t\t\t\t<\/div>\n\t\t<div class=\"elementor-element elementor-element-38042dd e-flex e-con-boxed e-con e-child\" data-id=\"38042dd\" data-element_type=\"container\">\n\t\t\t\t\t<div class=\"e-con-inner\">\n\t\t\t\t<div class=\"elementor-element elementor-element-006a2c7 elementor-widget elementor-widget-image\" data-id=\"006a2c7\" data-element_type=\"widget\" data-widget_type=\"image.default\">\n\t\t\t\t<div class=\"elementor-widget-container\">\n\t\t\t<style>\/*! elementor - v3.23.0 - 05-08-2024 *\/\n.elementor-widget-image{text-align:center}.elementor-widget-image a{display:inline-block}.elementor-widget-image a img[src$=\".svg\"]{width:48px}.elementor-widget-image img{vertical-align:middle;display:inline-block}<\/style>\t\t\t\t\t\t\t\t\t\t<img fetchpriority=\"high\" decoding=\"async\" width=\"800\" height=\"420\" src=\"https:\/\/pfanstiehl.com\/wp-content\/uploads\/2024\/06\/who-we-are-1024x537.png\" class=\"attachment-large size-large wp-image-2191\" alt=\"\" srcset=\"https:\/\/pfanstiehl.com\/wp-content\/uploads\/2024\/06\/who-we-are-1024x537.png 1024w, https:\/\/pfanstiehl.com\/wp-content\/uploads\/2024\/06\/who-we-are-300x157.png 300w, https:\/\/pfanstiehl.com\/wp-content\/uploads\/2024\/06\/who-we-are-768x403.png 768w, https:\/\/pfanstiehl.com\/wp-content\/uploads\/2024\/06\/who-we-are-600x315.png 600w, https:\/\/pfanstiehl.com\/wp-content\/uploads\/2024\/06\/who-we-are.png 1140w\" sizes=\"(max-width: 800px) 100vw, 800px\" \/>\t\t\t\t\t\t\t\t\t\t\t\t\t<\/div>\n\t\t\t\t<\/div>\n\t\t\t\t\t<\/div>\n\t\t\t\t<\/div>\n\t\t\t\t\t<\/div>\n\t\t\t\t<\/div>\n\t\t<div class=\"elementor-element elementor-element-14859f3 e-flex e-con-boxed e-con e-parent\" data-id=\"14859f3\" data-element_type=\"container\">\n\t\t\t\t\t<div class=\"e-con-inner\">\n\t\t\t\t<div class=\"elementor-element elementor-element-ca991a7 elementor-widget elementor-widget-text-editor\" data-id=\"ca991a7\" data-element_type=\"widget\" data-widget_type=\"text-editor.default\">\n\t\t\t\t<div class=\"elementor-widget-container\">\n\t\t\t\t\t\t\t<h3>Hergestellt in den Vereinigten Staaten von Amerika<\/h3>\n<p>Alle Produkte von Pfanstiehl werden in den USA im Werk Waukegan, Illinois, hergestellt, das den ICH Q7-Standards entspricht und von der US-amerikanischen FDA gepr\u00fcft und zugelassen ist. Die Anlage liegt g\u00fcnstig 35 Minuten n\u00f6rdlich des Flughafens O&#8217;Hare und der Stadt Chicago.<\/p>\n\t\t\t\t\t\t<\/div>\n\t\t\t\t<\/div>\n\t\t\t\t<div class=\"elementor-element elementor-element-a2de307 elementor-widget elementor-widget-text-editor\" data-id=\"a2de307\" data-element_type=\"widget\" data-widget_type=\"text-editor.default\">\n\t\t\t\t<div class=\"elementor-widget-container\">\n\t\t\t\t\t\t\t<h3>100+ Jahre Innovation<\/h3>\n<p>Pfanstiehl wurde 1919 gegr\u00fcndet und feiert sein 104-j\u00e4hriges Erbe als f\u00fchrendes Unternehmen in der Kohlenhydrat- und Prozesschemie. Zu unserem Kundenkreis geh\u00f6ren die weltweit f\u00fchrenden Biopharma-, Impfstoff- und Pharmaunternehmen. Unsere Produkte spielen eine wesentliche Rolle in marktf\u00fchrenden Medikamenten zur Behandlung lebensbedrohlicher und schw\u00e4chender Krankheiten wie Krebs, rheumatoider Arthritis, sexuell \u00fcbertragbaren Krankheiten und Diabetes sowie in hochmodernen Impfstoffplattformen, einschlie\u00dflich mRNA, viraler vektorbasierter oder herk\u00f6mmlicher proteinbasierter Impfstoffe.<\/p>\n\t\t\t\t\t\t<\/div>\n\t\t\t\t<\/div>\n\t\t\t\t<div class=\"elementor-element elementor-element-14fba23 elementor-widget elementor-widget-text-editor\" data-id=\"14fba23\" data-element_type=\"widget\" data-widget_type=\"text-editor.default\">\n\t\t\t\t<div class=\"elementor-widget-container\">\n\t\t\t\t\t\t\t<h3>Qualit\u00e4t, Reinheit, Sicherheit<\/h3>\n<p>Steigende regulatorische und Qualit\u00e4tsanforderungen beg\u00fcnstigen biopharmazeutische und pharmazeutische Hersteller mit hoher Integrit\u00e4t wie Pfanstiehl, die f\u00fcr ihre hochreinen Produkte, robusten cGMP-Kontrollen und ihren vertrauensw\u00fcrdigen Ruf bei Aufsichtsbeh\u00f6rden wie der FDA bekannt sind. Bei Pfanstiehl wird unsere Arbeit von der Verpflichtung sowohl zur Produktqualit\u00e4t als auch zur Umwelt- und Arbeitssicherheit angetrieben. Wir entwerfen und statten unsere Einrichtungen sorgf\u00e4ltig aus, entwerfen Verfahren und schulen unsere Mitarbeiter, um die US-amerikanischen FDA-, cGMP-, OSHA- und internationalen regulatorischen und multikompendialen Standards nicht nur zu erf\u00fcllen, sondern zu \u00fcbertreffen. Qualit\u00e4t, Reinheit und Sicherheit der Patienten sowie die Gew\u00e4hrleistung der Sicherheit kritischer biopharmazeutischer Hilfsstoffe sind die Grundwerte von Pfanstiehl, denen wir uns zutiefst verpflichtet f\u00fchlen.<\/p>\n\t\t\t\t\t\t<\/div>\n\t\t\t\t<\/div>\n\t\t\t\t\t<\/div>\n\t\t\t\t<\/div>\n\t\t\t\t<\/div>\n\t\t","protected":false},"excerpt":{"rendered":"<p>Wir sind Pfanstiehl Pfanstiehl ist weltweit als f\u00fchrend in der Herstellung von hochreinen, endotoxinarmen, metallarmen injizierbaren cGMP-Hilfsstoffen und biopharmazeutischen Komponenten f\u00fcr verschiedene Anwendungen in der Bioprozess-, Formulierungs- und Spezialforschung anerkannt. Dar\u00fcber hinaus ist Pfanstiehl als f\u00fchrendes Auftragsentwicklungs- und -herstellungsunternehmen (CDMO) t\u00e4tig, das sich auf die Isolierung, Reinigung, kundenspezifische Synthese und Scale-up-Entwicklung von niedermolekularen pharmazeutischen Wirkstoffen [&hellip;]<\/p>\n","protected":false},"author":1,"featured_media":0,"parent":0,"menu_order":0,"comment_status":"closed","ping_status":"closed","template":"elementor_header_footer","meta":{"om_disable_all_campaigns":false,"_monsterinsights_skip_tracking":false,"_monsterinsights_sitenote_active":false,"_monsterinsights_sitenote_note":"","_monsterinsights_sitenote_category":0,"_uf_show_specific_survey":0,"_uf_disable_surveys":false,"footnotes":""},"class_list":["post-5767","page","type-page","status-publish","hentry"],"yoast_head":"<!-- This site is optimized with the Yoast SEO plugin v27.3 - https:\/\/yoast.com\/product\/yoast-seo-wordpress\/ -->\n<title>Wer wir sind - Pfanstiehl<\/title>\n<meta name=\"robots\" content=\"index, follow, max-snippet:-1, max-image-preview:large, max-video-preview:-1\" \/>\n<link rel=\"canonical\" href=\"https:\/\/pfanstiehl.com\/de\/wer-wir-sind\/\" \/>\n<meta property=\"og:locale\" content=\"de_DE\" \/>\n<meta property=\"og:type\" content=\"article\" \/>\n<meta property=\"og:title\" content=\"Wer wir sind - Pfanstiehl\" \/>\n<meta property=\"og:description\" content=\"Wir sind Pfanstiehl Pfanstiehl ist weltweit als f\u00fchrend in der Herstellung von hochreinen, endotoxinarmen, metallarmen injizierbaren cGMP-Hilfsstoffen und biopharmazeutischen Komponenten f\u00fcr verschiedene Anwendungen in der Bioprozess-, Formulierungs- und Spezialforschung anerkannt. Dar\u00fcber hinaus ist Pfanstiehl als f\u00fchrendes Auftragsentwicklungs- und -herstellungsunternehmen (CDMO) t\u00e4tig, das sich auf die Isolierung, Reinigung, kundenspezifische Synthese und Scale-up-Entwicklung von niedermolekularen pharmazeutischen Wirkstoffen [&hellip;]\" \/>\n<meta property=\"og:url\" content=\"https:\/\/pfanstiehl.com\/de\/wer-wir-sind\/\" \/>\n<meta property=\"og:site_name\" content=\"Pfanstiehl\" \/>\n<meta property=\"article:modified_time\" content=\"2024-07-02T06:44:43+00:00\" \/>\n<meta property=\"og:image\" content=\"https:\/\/pfanstiehl.com\/wp-content\/uploads\/2024\/06\/who-we-are-1024x537.png\" \/>\n<meta name=\"twitter:card\" content=\"summary_large_image\" \/>\n<meta name=\"twitter:label1\" content=\"Gesch\u00e4tzte Lesezeit\" \/>\n\t<meta name=\"twitter:data1\" content=\"2\u00a0Minuten\" \/>\n<script type=\"application\/ld+json\" class=\"yoast-schema-graph\">{\"@context\":\"https:\\\/\\\/schema.org\",\"@graph\":[{\"@type\":\"WebPage\",\"@id\":\"https:\\\/\\\/pfanstiehl.com\\\/de\\\/wer-wir-sind\\\/\",\"url\":\"https:\\\/\\\/pfanstiehl.com\\\/de\\\/wer-wir-sind\\\/\",\"name\":\"Wer wir sind - Pfanstiehl\",\"isPartOf\":{\"@id\":\"https:\\\/\\\/pfanstiehl.com\\\/de\\\/#website\"},\"primaryImageOfPage\":{\"@id\":\"https:\\\/\\\/pfanstiehl.com\\\/de\\\/wer-wir-sind\\\/#primaryimage\"},\"image\":{\"@id\":\"https:\\\/\\\/pfanstiehl.com\\\/de\\\/wer-wir-sind\\\/#primaryimage\"},\"thumbnailUrl\":\"https:\\\/\\\/pfanstiehl.com\\\/wp-content\\\/uploads\\\/2024\\\/06\\\/who-we-are-1024x537.png\",\"datePublished\":\"2024-05-21T08:38:42+00:00\",\"dateModified\":\"2024-07-02T06:44:43+00:00\",\"breadcrumb\":{\"@id\":\"https:\\\/\\\/pfanstiehl.com\\\/de\\\/wer-wir-sind\\\/#breadcrumb\"},\"inLanguage\":\"de\",\"potentialAction\":[{\"@type\":\"ReadAction\",\"target\":[\"https:\\\/\\\/pfanstiehl.com\\\/de\\\/wer-wir-sind\\\/\"]}]},{\"@type\":\"ImageObject\",\"inLanguage\":\"de\",\"@id\":\"https:\\\/\\\/pfanstiehl.com\\\/de\\\/wer-wir-sind\\\/#primaryimage\",\"url\":\"https:\\\/\\\/pfanstiehl.com\\\/wp-content\\\/uploads\\\/2024\\\/06\\\/who-we-are-1024x537.png\",\"contentUrl\":\"https:\\\/\\\/pfanstiehl.com\\\/wp-content\\\/uploads\\\/2024\\\/06\\\/who-we-are-1024x537.png\"},{\"@type\":\"BreadcrumbList\",\"@id\":\"https:\\\/\\\/pfanstiehl.com\\\/de\\\/wer-wir-sind\\\/#breadcrumb\",\"itemListElement\":[{\"@type\":\"ListItem\",\"position\":1,\"name\":\"Home\",\"item\":\"https:\\\/\\\/pfanstiehl.com\\\/de\\\/\"},{\"@type\":\"ListItem\",\"position\":2,\"name\":\"Wer wir sind\"}]},{\"@type\":\"WebSite\",\"@id\":\"https:\\\/\\\/pfanstiehl.com\\\/de\\\/#website\",\"url\":\"https:\\\/\\\/pfanstiehl.com\\\/de\\\/\",\"name\":\"Pfanstiehl\",\"description\":\"\",\"publisher\":{\"@id\":\"https:\\\/\\\/pfanstiehl.com\\\/de\\\/#organization\"},\"potentialAction\":[{\"@type\":\"SearchAction\",\"target\":{\"@type\":\"EntryPoint\",\"urlTemplate\":\"https:\\\/\\\/pfanstiehl.com\\\/de\\\/?s={search_term_string}\"},\"query-input\":{\"@type\":\"PropertyValueSpecification\",\"valueRequired\":true,\"valueName\":\"search_term_string\"}}],\"inLanguage\":\"de\"},{\"@type\":\"Organization\",\"@id\":\"https:\\\/\\\/pfanstiehl.com\\\/de\\\/#organization\",\"name\":\"Pfanstiehl\",\"url\":\"https:\\\/\\\/pfanstiehl.com\\\/de\\\/\",\"logo\":{\"@type\":\"ImageObject\",\"inLanguage\":\"de\",\"@id\":\"https:\\\/\\\/pfanstiehl.com\\\/de\\\/#\\\/schema\\\/logo\\\/image\\\/\",\"url\":\"https:\\\/\\\/pfanstiehl.com\\\/wp-content\\\/uploads\\\/2024\\\/06\\\/logo.png\",\"contentUrl\":\"https:\\\/\\\/pfanstiehl.com\\\/wp-content\\\/uploads\\\/2024\\\/06\\\/logo.png\",\"width\":600,\"height\":85,\"caption\":\"Pfanstiehl\"},\"image\":{\"@id\":\"https:\\\/\\\/pfanstiehl.com\\\/de\\\/#\\\/schema\\\/logo\\\/image\\\/\"}}]}<\/script>\n<!-- \/ Yoast SEO plugin. -->","yoast_head_json":{"title":"Wer wir sind - Pfanstiehl","robots":{"index":"index","follow":"follow","max-snippet":"max-snippet:-1","max-image-preview":"max-image-preview:large","max-video-preview":"max-video-preview:-1"},"canonical":"https:\/\/pfanstiehl.com\/de\/wer-wir-sind\/","og_locale":"de_DE","og_type":"article","og_title":"Wer wir sind - Pfanstiehl","og_description":"Wir sind Pfanstiehl Pfanstiehl ist weltweit als f\u00fchrend in der Herstellung von hochreinen, endotoxinarmen, metallarmen injizierbaren cGMP-Hilfsstoffen und biopharmazeutischen Komponenten f\u00fcr verschiedene Anwendungen in der Bioprozess-, Formulierungs- und Spezialforschung anerkannt. Dar\u00fcber hinaus ist Pfanstiehl als f\u00fchrendes Auftragsentwicklungs- und -herstellungsunternehmen (CDMO) t\u00e4tig, das sich auf die Isolierung, Reinigung, kundenspezifische Synthese und Scale-up-Entwicklung von niedermolekularen pharmazeutischen Wirkstoffen [&hellip;]","og_url":"https:\/\/pfanstiehl.com\/de\/wer-wir-sind\/","og_site_name":"Pfanstiehl","article_modified_time":"2024-07-02T06:44:43+00:00","og_image":[{"url":"https:\/\/pfanstiehl.com\/wp-content\/uploads\/2024\/06\/who-we-are-1024x537.png","type":"","width":"","height":""}],"twitter_card":"summary_large_image","twitter_misc":{"Gesch\u00e4tzte Lesezeit":"2\u00a0Minuten"},"schema":{"@context":"https:\/\/schema.org","@graph":[{"@type":"WebPage","@id":"https:\/\/pfanstiehl.com\/de\/wer-wir-sind\/","url":"https:\/\/pfanstiehl.com\/de\/wer-wir-sind\/","name":"Wer wir sind - Pfanstiehl","isPartOf":{"@id":"https:\/\/pfanstiehl.com\/de\/#website"},"primaryImageOfPage":{"@id":"https:\/\/pfanstiehl.com\/de\/wer-wir-sind\/#primaryimage"},"image":{"@id":"https:\/\/pfanstiehl.com\/de\/wer-wir-sind\/#primaryimage"},"thumbnailUrl":"https:\/\/pfanstiehl.com\/wp-content\/uploads\/2024\/06\/who-we-are-1024x537.png","datePublished":"2024-05-21T08:38:42+00:00","dateModified":"2024-07-02T06:44:43+00:00","breadcrumb":{"@id":"https:\/\/pfanstiehl.com\/de\/wer-wir-sind\/#breadcrumb"},"inLanguage":"de","potentialAction":[{"@type":"ReadAction","target":["https:\/\/pfanstiehl.com\/de\/wer-wir-sind\/"]}]},{"@type":"ImageObject","inLanguage":"de","@id":"https:\/\/pfanstiehl.com\/de\/wer-wir-sind\/#primaryimage","url":"https:\/\/pfanstiehl.com\/wp-content\/uploads\/2024\/06\/who-we-are-1024x537.png","contentUrl":"https:\/\/pfanstiehl.com\/wp-content\/uploads\/2024\/06\/who-we-are-1024x537.png"},{"@type":"BreadcrumbList","@id":"https:\/\/pfanstiehl.com\/de\/wer-wir-sind\/#breadcrumb","itemListElement":[{"@type":"ListItem","position":1,"name":"Home","item":"https:\/\/pfanstiehl.com\/de\/"},{"@type":"ListItem","position":2,"name":"Wer wir sind"}]},{"@type":"WebSite","@id":"https:\/\/pfanstiehl.com\/de\/#website","url":"https:\/\/pfanstiehl.com\/de\/","name":"Pfanstiehl","description":"","publisher":{"@id":"https:\/\/pfanstiehl.com\/de\/#organization"},"potentialAction":[{"@type":"SearchAction","target":{"@type":"EntryPoint","urlTemplate":"https:\/\/pfanstiehl.com\/de\/?s={search_term_string}"},"query-input":{"@type":"PropertyValueSpecification","valueRequired":true,"valueName":"search_term_string"}}],"inLanguage":"de"},{"@type":"Organization","@id":"https:\/\/pfanstiehl.com\/de\/#organization","name":"Pfanstiehl","url":"https:\/\/pfanstiehl.com\/de\/","logo":{"@type":"ImageObject","inLanguage":"de","@id":"https:\/\/pfanstiehl.com\/de\/#\/schema\/logo\/image\/","url":"https:\/\/pfanstiehl.com\/wp-content\/uploads\/2024\/06\/logo.png","contentUrl":"https:\/\/pfanstiehl.com\/wp-content\/uploads\/2024\/06\/logo.png","width":600,"height":85,"caption":"Pfanstiehl"},"image":{"@id":"https:\/\/pfanstiehl.com\/de\/#\/schema\/logo\/image\/"}}]}},"_links":{"self":[{"href":"https:\/\/pfanstiehl.com\/de\/wp-json\/wp\/v2\/pages\/5767","targetHints":{"allow":["GET"]}}],"collection":[{"href":"https:\/\/pfanstiehl.com\/de\/wp-json\/wp\/v2\/pages"}],"about":[{"href":"https:\/\/pfanstiehl.com\/de\/wp-json\/wp\/v2\/types\/page"}],"author":[{"embeddable":true,"href":"https:\/\/pfanstiehl.com\/de\/wp-json\/wp\/v2\/users\/1"}],"replies":[{"embeddable":true,"href":"https:\/\/pfanstiehl.com\/de\/wp-json\/wp\/v2\/comments?post=5767"}],"version-history":[{"count":2,"href":"https:\/\/pfanstiehl.com\/de\/wp-json\/wp\/v2\/pages\/5767\/revisions"}],"predecessor-version":[{"id":5774,"href":"https:\/\/pfanstiehl.com\/de\/wp-json\/wp\/v2\/pages\/5767\/revisions\/5774"}],"wp:attachment":[{"href":"https:\/\/pfanstiehl.com\/de\/wp-json\/wp\/v2\/media?parent=5767"}],"curies":[{"name":"wp","href":"https:\/\/api.w.org\/{rel}","templated":true}]}}