{"id":5132,"date":"2024-05-21T09:04:35","date_gmt":"2024-05-21T09:04:35","guid":{"rendered":"https:\/\/pfanstiehl.com\/qualitaetssysteme\/"},"modified":"2024-07-08T05:10:33","modified_gmt":"2024-07-08T05:10:33","slug":"qualitaetssysteme","status":"publish","type":"page","link":"https:\/\/pfanstiehl.com\/de\/qualitaetssysteme\/","title":{"rendered":"Qualit\u00e4tssysteme"},"content":{"rendered":"\t\t<div data-elementor-type=\"wp-page\" data-elementor-id=\"5132\" class=\"elementor elementor-5132 elementor-200\" data-elementor-post-type=\"page\">\n\t\t\t\t<div class=\"elementor-element elementor-element-3577961 e-flex e-con-boxed e-con e-parent\" data-id=\"3577961\" data-element_type=\"container\">\n\t\t\t\t\t<div class=\"e-con-inner\">\n\t\t<div class=\"elementor-element elementor-element-cfa3449 e-flex e-con-boxed e-con e-child\" data-id=\"cfa3449\" data-element_type=\"container\">\n\t\t\t\t\t<div class=\"e-con-inner\">\n\t\t\t\t<div class=\"elementor-element elementor-element-8d8a12e elementor-widget elementor-widget-heading\" data-id=\"8d8a12e\" data-element_type=\"widget\" data-widget_type=\"heading.default\">\n\t\t\t\t<div class=\"elementor-widget-container\">\n\t\t\t<style>\/*! elementor - v3.23.0 - 05-08-2024 *\/\n.elementor-heading-title{padding:0;margin:0;line-height:1}.elementor-widget-heading .elementor-heading-title[class*=elementor-size-]>a{color:inherit;font-size:inherit;line-height:inherit}.elementor-widget-heading .elementor-heading-title.elementor-size-small{font-size:15px}.elementor-widget-heading .elementor-heading-title.elementor-size-medium{font-size:19px}.elementor-widget-heading .elementor-heading-title.elementor-size-large{font-size:29px}.elementor-widget-heading .elementor-heading-title.elementor-size-xl{font-size:39px}.elementor-widget-heading .elementor-heading-title.elementor-size-xxl{font-size:59px}<\/style><h1 class=\"elementor-heading-title elementor-size-default\">Pfanstiehl Qualit\u00e4t<\/h1>\t\t<\/div>\n\t\t\t\t<\/div>\n\t\t\t\t<div class=\"elementor-element elementor-element-638d784 elementor-widget elementor-widget-text-editor\" data-id=\"638d784\" data-element_type=\"widget\" data-widget_type=\"text-editor.default\">\n\t\t\t\t<div class=\"elementor-widget-container\">\n\t\t\t<style>\/*! elementor - v3.23.0 - 05-08-2024 *\/\n.elementor-widget-text-editor.elementor-drop-cap-view-stacked .elementor-drop-cap{background-color:#69727d;color:#fff}.elementor-widget-text-editor.elementor-drop-cap-view-framed .elementor-drop-cap{color:#69727d;border:3px solid;background-color:transparent}.elementor-widget-text-editor:not(.elementor-drop-cap-view-default) .elementor-drop-cap{margin-top:8px}.elementor-widget-text-editor:not(.elementor-drop-cap-view-default) .elementor-drop-cap-letter{width:1em;height:1em}.elementor-widget-text-editor .elementor-drop-cap{float:left;text-align:center;line-height:1;font-size:50px}.elementor-widget-text-editor .elementor-drop-cap-letter{display:inline-block}<\/style>\t\t\t\t<p>Pfanstiehl ist weltweit als f\u00fchrend in der Herstellung von hochreinen, endotoxinarmen, metallarmen injizierbaren cGMP-Hilfsstoffen und biopharmazeutischen Komponenten f\u00fcr verschiedene Anwendungen in der Bioprozess-, Formulierungs- und Spezialforschung anerkannt.<\/p>\n<\/p>\n<p>Alle Produkte von Pfanstiehl werden in den USA in seinem Werk in Waukegan, Illinois, hergestellt, das den ICH Q7-Standards entspricht und von der US-amerikanischen FDA gepr\u00fcft und zugelassen ist. Die Anlage liegt g\u00fcnstig 35 Minuten n\u00f6rdlich des Flughafens O&#8217;Hare und der Stadt Chicago.<\/p>\n\t\t\t\t\t\t<\/div>\n\t\t\t\t<\/div>\n\t\t\t\t\t<\/div>\n\t\t\t\t<\/div>\n\t\t<div class=\"elementor-element elementor-element-7f922d2 e-flex e-con-boxed e-con e-child\" data-id=\"7f922d2\" data-element_type=\"container\">\n\t\t\t\t\t<div class=\"e-con-inner\">\n\t\t\t\t<div class=\"elementor-element elementor-element-ba84bd4 elementor-widget elementor-widget-image\" data-id=\"ba84bd4\" data-element_type=\"widget\" data-widget_type=\"image.default\">\n\t\t\t\t<div class=\"elementor-widget-container\">\n\t\t\t<style>\/*! elementor - v3.23.0 - 05-08-2024 *\/\n.elementor-widget-image{text-align:center}.elementor-widget-image a{display:inline-block}.elementor-widget-image a img[src$=\".svg\"]{width:48px}.elementor-widget-image img{vertical-align:middle;display:inline-block}<\/style>\t\t\t\t\t\t\t\t\t\t<img fetchpriority=\"high\" decoding=\"async\" width=\"800\" height=\"491\" src=\"https:\/\/pfanstiehl.com\/wp-content\/uploads\/2024\/06\/quality-systems-1024x629.png\" class=\"attachment-large size-large wp-image-2190\" alt=\"\" srcset=\"https:\/\/pfanstiehl.com\/wp-content\/uploads\/2024\/06\/quality-systems-1024x629.png 1024w, https:\/\/pfanstiehl.com\/wp-content\/uploads\/2024\/06\/quality-systems-300x184.png 300w, https:\/\/pfanstiehl.com\/wp-content\/uploads\/2024\/06\/quality-systems-768x472.png 768w, https:\/\/pfanstiehl.com\/wp-content\/uploads\/2024\/06\/quality-systems-600x368.png 600w, https:\/\/pfanstiehl.com\/wp-content\/uploads\/2024\/06\/quality-systems.png 1140w\" sizes=\"(max-width: 800px) 100vw, 800px\" \/>\t\t\t\t\t\t\t\t\t\t\t\t\t<\/div>\n\t\t\t\t<\/div>\n\t\t\t\t\t<\/div>\n\t\t\t\t<\/div>\n\t\t\t\t\t<\/div>\n\t\t\t\t<\/div>\n\t\t<div class=\"elementor-element elementor-element-976e8c7 e-flex e-con-boxed e-con e-parent\" data-id=\"976e8c7\" data-element_type=\"container\">\n\t\t\t\t\t<div class=\"e-con-inner\">\n\t\t\t\t<div class=\"elementor-element elementor-element-b425caa padding-li-26 elementor-widget elementor-widget-text-editor\" data-id=\"b425caa\" data-element_type=\"widget\" data-widget_type=\"text-editor.default\">\n\t\t\t\t<div class=\"elementor-widget-container\">\n\t\t\t\t\t\t\t<h3>Qualit\u00e4tssysteme:<\/h3>\n<ul>\n<li>Pfanstiehl, Inc. ist bei der US-amerikanischen Food and Drug Administration (FDA) unter der Registrierungsnummer 1410747 registriert. Pfanstiehl wird regelm\u00e4\u00dfig von der US-amerikanischen FDA und anderen Aufsichtsbeh\u00f6rden inspiziert und genie\u00dft weiterhin einen guten Ruf.<\/li>\n<li>Das Qualit\u00e4tssystem von Pfanstiehl basiert auf dem International Council for Harmonisation (ICH) Q7. Pfanstiehl wendet dieses Qualit\u00e4tssystem sowohl auf die Herstellung von pharmazeutischen Wirkstoffen (API) als auch auf biopharmazeutische Hilfsstoffe an.<\/li>\n<li>Alle Produkte von Pfanstiehl gelten als unter Good Manufacturing Practice (cGMP) hergestellt.<\/li>\n<\/ul>\n\t\t\t\t\t\t<\/div>\n\t\t\t\t<\/div>\n\t\t\t\t<div class=\"elementor-element elementor-element-36092f7 elementor-widget-divider--view-line elementor-widget elementor-widget-divider\" data-id=\"36092f7\" data-element_type=\"widget\" data-widget_type=\"divider.default\">\n\t\t\t\t<div class=\"elementor-widget-container\">\n\t\t\t<style>\/*! elementor - v3.23.0 - 05-08-2024 *\/\n.elementor-widget-divider{--divider-border-style:none;--divider-border-width:1px;--divider-color:#0c0d0e;--divider-icon-size:20px;--divider-element-spacing:10px;--divider-pattern-height:24px;--divider-pattern-size:20px;--divider-pattern-url:none;--divider-pattern-repeat:repeat-x}.elementor-widget-divider .elementor-divider{display:flex}.elementor-widget-divider .elementor-divider__text{font-size:15px;line-height:1;max-width:95%}.elementor-widget-divider .elementor-divider__element{margin:0 var(--divider-element-spacing);flex-shrink:0}.elementor-widget-divider .elementor-icon{font-size:var(--divider-icon-size)}.elementor-widget-divider .elementor-divider-separator{display:flex;margin:0;direction:ltr}.elementor-widget-divider--view-line_icon .elementor-divider-separator,.elementor-widget-divider--view-line_text .elementor-divider-separator{align-items:center}.elementor-widget-divider--view-line_icon .elementor-divider-separator:after,.elementor-widget-divider--view-line_icon .elementor-divider-separator:before,.elementor-widget-divider--view-line_text .elementor-divider-separator:after,.elementor-widget-divider--view-line_text .elementor-divider-separator:before{display:block;content:\"\";border-block-end:0;flex-grow:1;border-block-start:var(--divider-border-width) var(--divider-border-style) var(--divider-color)}.elementor-widget-divider--element-align-left .elementor-divider .elementor-divider-separator>.elementor-divider__svg:first-of-type{flex-grow:0;flex-shrink:100}.elementor-widget-divider--element-align-left .elementor-divider-separator:before{content:none}.elementor-widget-divider--element-align-left .elementor-divider__element{margin-left:0}.elementor-widget-divider--element-align-right .elementor-divider .elementor-divider-separator>.elementor-divider__svg:last-of-type{flex-grow:0;flex-shrink:100}.elementor-widget-divider--element-align-right .elementor-divider-separator:after{content:none}.elementor-widget-divider--element-align-right .elementor-divider__element{margin-right:0}.elementor-widget-divider--element-align-start .elementor-divider .elementor-divider-separator>.elementor-divider__svg:first-of-type{flex-grow:0;flex-shrink:100}.elementor-widget-divider--element-align-start .elementor-divider-separator:before{content:none}.elementor-widget-divider--element-align-start .elementor-divider__element{margin-inline-start:0}.elementor-widget-divider--element-align-end .elementor-divider .elementor-divider-separator>.elementor-divider__svg:last-of-type{flex-grow:0;flex-shrink:100}.elementor-widget-divider--element-align-end .elementor-divider-separator:after{content:none}.elementor-widget-divider--element-align-end .elementor-divider__element{margin-inline-end:0}.elementor-widget-divider:not(.elementor-widget-divider--view-line_text):not(.elementor-widget-divider--view-line_icon) .elementor-divider-separator{border-block-start:var(--divider-border-width) var(--divider-border-style) var(--divider-color)}.elementor-widget-divider--separator-type-pattern{--divider-border-style:none}.elementor-widget-divider--separator-type-pattern.elementor-widget-divider--view-line .elementor-divider-separator,.elementor-widget-divider--separator-type-pattern:not(.elementor-widget-divider--view-line) .elementor-divider-separator:after,.elementor-widget-divider--separator-type-pattern:not(.elementor-widget-divider--view-line) .elementor-divider-separator:before,.elementor-widget-divider--separator-type-pattern:not([class*=elementor-widget-divider--view]) .elementor-divider-separator{width:100%;min-height:var(--divider-pattern-height);-webkit-mask-size:var(--divider-pattern-size) 100%;mask-size:var(--divider-pattern-size) 100%;-webkit-mask-repeat:var(--divider-pattern-repeat);mask-repeat:var(--divider-pattern-repeat);background-color:var(--divider-color);-webkit-mask-image:var(--divider-pattern-url);mask-image:var(--divider-pattern-url)}.elementor-widget-divider--no-spacing{--divider-pattern-size:auto}.elementor-widget-divider--bg-round{--divider-pattern-repeat:round}.rtl .elementor-widget-divider .elementor-divider__text{direction:rtl}.e-con-inner>.elementor-widget-divider,.e-con>.elementor-widget-divider{width:var(--container-widget-width,100%);--flex-grow:var(--container-widget-flex-grow)}<\/style>\t\t<div class=\"elementor-divider\">\n\t\t\t<span class=\"elementor-divider-separator\">\n\t\t\t\t\t\t<\/span>\n\t\t<\/div>\n\t\t\t\t<\/div>\n\t\t\t\t<\/div>\n\t\t\t\t\t<\/div>\n\t\t\t\t<\/div>\n\t\t<div class=\"elementor-element elementor-element-3543bca e-flex e-con-boxed e-con e-parent\" data-id=\"3543bca\" data-element_type=\"container\">\n\t\t\t\t\t<div class=\"e-con-inner\">\n\t\t\t\t<div class=\"elementor-element elementor-element-1d4bbf2 padding-li-0 elementor-widget elementor-widget-text-editor\" data-id=\"1d4bbf2\" data-element_type=\"widget\" data-widget_type=\"text-editor.default\">\n\t\t\t\t<div class=\"elementor-widget-container\">\n\t\t\t\t\t\t\t<h3>Kunden-Audits:<\/h3>\n<ul>\n<li>Pfanstiehl wird j\u00e4hrlich von ca. 40 \u2013 50 Kunden auditiert<\/li>\n<li>Kundeninteraktion ist ein wichtiger Treiber unserer Qualit\u00e4tsverbesserungsprogramme<\/li>\n<li>Um ein Vor-Ort-Audit der Pfanstiehl-Anlagen zu vereinbaren, wenden Sie sich bitte an Ihren Vertreter f\u00fcr Gesch\u00e4ftsentwicklung oder besuchen Sie<\/li>\n<\/ul>\n\t\t\t\t\t\t<\/div>\n\t\t\t\t<\/div>\n\t\t\t\t<div class=\"elementor-element elementor-element-60a2f35 elementor-widget-divider--view-line elementor-widget elementor-widget-divider\" data-id=\"60a2f35\" data-element_type=\"widget\" data-widget_type=\"divider.default\">\n\t\t\t\t<div class=\"elementor-widget-container\">\n\t\t\t\t\t<div class=\"elementor-divider\">\n\t\t\t<span class=\"elementor-divider-separator\">\n\t\t\t\t\t\t<\/span>\n\t\t<\/div>\n\t\t\t\t<\/div>\n\t\t\t\t<\/div>\n\t\t\t\t\t<\/div>\n\t\t\t\t<\/div>\n\t\t<div class=\"elementor-element elementor-element-437bc32 e-flex e-con-boxed e-con e-parent\" data-id=\"437bc32\" data-element_type=\"container\">\n\t\t\t\t\t<div class=\"e-con-inner\">\n\t\t\t\t<div class=\"elementor-element elementor-element-72fdb22 padding-li-0 elementor-widget elementor-widget-text-editor\" data-id=\"72fdb22\" data-element_type=\"widget\" data-widget_type=\"text-editor.default\">\n\t\t\t\t<div class=\"elementor-widget-container\">\n\t\t\t\t\t\t\t<h3>Qualit\u00e4tskontrolle:<\/h3>\n<ul>\n<li>Pfanstiehl betreibt in unserem Werk ein nahezu Full-Service-Qualit\u00e4tskontrolllabor, das mit hochqualifizierten Chemikern besetzt ist.<\/li>\n<li>Ungef\u00e4hr 95 % der Tests des Analysezertifikats (CoA) werden vor Ort durchgef\u00fchrt.<\/li>\n<li>Pfanstiehl evaluiert weiterhin unsere Produkte und erweitert seine analytischen F\u00e4higkeiten, einschlie\u00dflich der Erweiterung vieler unserer Produkte um bioanalytische Panels<\/li>\n<\/ul>\n\t\t\t\t\t\t<\/div>\n\t\t\t\t<\/div>\n\t\t\t\t<div class=\"elementor-element elementor-element-16a5ec1 elementor-widget-divider--view-line elementor-widget elementor-widget-divider\" data-id=\"16a5ec1\" data-element_type=\"widget\" data-widget_type=\"divider.default\">\n\t\t\t\t<div class=\"elementor-widget-container\">\n\t\t\t\t\t<div class=\"elementor-divider\">\n\t\t\t<span class=\"elementor-divider-separator\">\n\t\t\t\t\t\t<\/span>\n\t\t<\/div>\n\t\t\t\t<\/div>\n\t\t\t\t<\/div>\n\t\t\t\t\t<\/div>\n\t\t\t\t<\/div>\n\t\t<div class=\"elementor-element elementor-element-b90724e e-flex e-con-boxed e-con e-parent\" data-id=\"b90724e\" data-element_type=\"container\">\n\t\t\t\t\t<div class=\"e-con-inner\">\n\t\t\t\t<div class=\"elementor-element elementor-element-42dc2e5 padding-li-0 elementor-widget elementor-widget-text-editor\" data-id=\"42dc2e5\" data-element_type=\"widget\" data-widget_type=\"text-editor.default\">\n\t\t\t\t<div class=\"elementor-widget-container\">\n\t\t\t\t\t\t\t<h3>Regulatorische Kontrolle und Unterst\u00fctzung:<\/h3>\n<ul>\n<li>DMF-Entwicklung und Pflege<\/li>\n<li>Management von Audits und Zertifizierungen<\/li>\n<\/ul>\n\t\t\t\t\t\t<\/div>\n\t\t\t\t<\/div>\n\t\t\t\t<div class=\"elementor-element elementor-element-960406d elementor-widget-divider--view-line elementor-widget elementor-widget-divider\" data-id=\"960406d\" data-element_type=\"widget\" data-widget_type=\"divider.default\">\n\t\t\t\t<div class=\"elementor-widget-container\">\n\t\t\t\t\t<div class=\"elementor-divider\">\n\t\t\t<span class=\"elementor-divider-separator\">\n\t\t\t\t\t\t<\/span>\n\t\t<\/div>\n\t\t\t\t<\/div>\n\t\t\t\t<\/div>\n\t\t\t\t\t<\/div>\n\t\t\t\t<\/div>\n\t\t<div class=\"elementor-element elementor-element-3128531 e-flex e-con-boxed e-con e-parent\" data-id=\"3128531\" data-element_type=\"container\">\n\t\t\t\t\t<div class=\"e-con-inner\">\n\t\t\t\t<div class=\"elementor-element elementor-element-e12e463 padding-li-0 elementor-widget elementor-widget-text-editor\" data-id=\"e12e463\" data-element_type=\"widget\" data-widget_type=\"text-editor.default\">\n\t\t\t\t<div class=\"elementor-widget-container\">\n\t\t\t\t\t\t\t<h3>Qualit\u00e4tssicherung<\/h3>\n<ul>\n<li>\u00c4nderungskontrollprozess<\/li>\n<li>Dokumentenkontrollprozess<\/li>\n<li>Globales Qualit\u00e4tsverfolgungssystem f\u00fcr das Management von Abweichungs- und Korrekturma\u00dfnahmen, vorbeugende Ma\u00dfnahmen (CAPA), Laboruntersuchungen, Beschwerden, \u00c4nderungskontrolle und Lieferantenmanagement.<\/li>\n<\/ul>\n\t\t\t\t\t\t<\/div>\n\t\t\t\t<\/div>\n\t\t\t\t\t<\/div>\n\t\t\t\t<\/div>\n\t\t\t\t<\/div>\n\t\t","protected":false},"excerpt":{"rendered":"<p>Pfanstiehl Qualit\u00e4t Pfanstiehl ist weltweit als f\u00fchrend in der Herstellung von hochreinen, endotoxinarmen, metallarmen injizierbaren cGMP-Hilfsstoffen und biopharmazeutischen Komponenten f\u00fcr verschiedene Anwendungen in der Bioprozess-, Formulierungs- und Spezialforschung anerkannt. Alle Produkte von Pfanstiehl werden in den USA in seinem Werk in Waukegan, Illinois, hergestellt, das den ICH Q7-Standards entspricht und von der US-amerikanischen FDA gepr\u00fcft [&hellip;]<\/p>\n","protected":false},"author":1,"featured_media":0,"parent":0,"menu_order":0,"comment_status":"closed","ping_status":"closed","template":"elementor_header_footer","meta":{"om_disable_all_campaigns":false,"_monsterinsights_skip_tracking":false,"_monsterinsights_sitenote_active":false,"_monsterinsights_sitenote_note":"","_monsterinsights_sitenote_category":0,"_uf_show_specific_survey":0,"_uf_disable_surveys":false,"footnotes":""},"class_list":["post-5132","page","type-page","status-publish","hentry"],"yoast_head":"<!-- This site is optimized with the Yoast SEO plugin v23.2 - https:\/\/yoast.com\/wordpress\/plugins\/seo\/ -->\n<title>Qualit\u00e4tssysteme - Pfanstiehl<\/title>\n<meta name=\"robots\" content=\"index, follow, max-snippet:-1, max-image-preview:large, max-video-preview:-1\" \/>\n<link rel=\"canonical\" href=\"https:\/\/pfanstiehl.com\/de\/qualitaetssysteme\/\" \/>\n<meta property=\"og:locale\" content=\"de_DE\" \/>\n<meta property=\"og:type\" content=\"article\" \/>\n<meta property=\"og:title\" content=\"Qualit\u00e4tssysteme - Pfanstiehl\" \/>\n<meta property=\"og:description\" content=\"Pfanstiehl Qualit\u00e4t Pfanstiehl ist weltweit als f\u00fchrend in der Herstellung von hochreinen, endotoxinarmen, metallarmen injizierbaren cGMP-Hilfsstoffen und biopharmazeutischen Komponenten f\u00fcr verschiedene Anwendungen in der Bioprozess-, Formulierungs- und Spezialforschung anerkannt. Alle Produkte von Pfanstiehl werden in den USA in seinem Werk in Waukegan, Illinois, hergestellt, das den ICH Q7-Standards entspricht und von der US-amerikanischen FDA gepr\u00fcft [&hellip;]\" \/>\n<meta property=\"og:url\" content=\"https:\/\/pfanstiehl.com\/de\/qualitaetssysteme\/\" \/>\n<meta property=\"og:site_name\" content=\"Pfanstiehl\" \/>\n<meta property=\"article:modified_time\" content=\"2024-07-08T05:10:33+00:00\" \/>\n<meta property=\"og:image\" content=\"https:\/\/pfanstiehl.com\/wp-content\/uploads\/2024\/06\/quality-systems-1024x629.png\" \/>\n<meta name=\"twitter:card\" content=\"summary_large_image\" \/>\n<meta name=\"twitter:label1\" content=\"Gesch\u00e4tzte Lesezeit\" \/>\n\t<meta name=\"twitter:data1\" content=\"2\u00a0Minuten\" \/>\n<script type=\"application\/ld+json\" class=\"yoast-schema-graph\">{\"@context\":\"https:\/\/schema.org\",\"@graph\":[{\"@type\":\"WebPage\",\"@id\":\"https:\/\/pfanstiehl.com\/de\/qualitaetssysteme\/\",\"url\":\"https:\/\/pfanstiehl.com\/de\/qualitaetssysteme\/\",\"name\":\"Qualit\u00e4tssysteme - Pfanstiehl\",\"isPartOf\":{\"@id\":\"https:\/\/pfanstiehl.com\/de\/#website\"},\"primaryImageOfPage\":{\"@id\":\"https:\/\/pfanstiehl.com\/de\/qualitaetssysteme\/#primaryimage\"},\"image\":{\"@id\":\"https:\/\/pfanstiehl.com\/de\/qualitaetssysteme\/#primaryimage\"},\"thumbnailUrl\":\"https:\/\/pfanstiehl.com\/wp-content\/uploads\/2024\/06\/quality-systems-1024x629.png\",\"datePublished\":\"2024-05-21T09:04:35+00:00\",\"dateModified\":\"2024-07-08T05:10:33+00:00\",\"breadcrumb\":{\"@id\":\"https:\/\/pfanstiehl.com\/de\/qualitaetssysteme\/#breadcrumb\"},\"inLanguage\":\"de\",\"potentialAction\":[{\"@type\":\"ReadAction\",\"target\":[\"https:\/\/pfanstiehl.com\/de\/qualitaetssysteme\/\"]}]},{\"@type\":\"ImageObject\",\"inLanguage\":\"de\",\"@id\":\"https:\/\/pfanstiehl.com\/de\/qualitaetssysteme\/#primaryimage\",\"url\":\"https:\/\/pfanstiehl.com\/wp-content\/uploads\/2024\/06\/quality-systems-1024x629.png\",\"contentUrl\":\"https:\/\/pfanstiehl.com\/wp-content\/uploads\/2024\/06\/quality-systems-1024x629.png\"},{\"@type\":\"BreadcrumbList\",\"@id\":\"https:\/\/pfanstiehl.com\/de\/qualitaetssysteme\/#breadcrumb\",\"itemListElement\":[{\"@type\":\"ListItem\",\"position\":1,\"name\":\"Home\",\"item\":\"https:\/\/pfanstiehl.com\/de\/\"},{\"@type\":\"ListItem\",\"position\":2,\"name\":\"Qualit\u00e4tssysteme\"}]},{\"@type\":\"WebSite\",\"@id\":\"https:\/\/pfanstiehl.com\/de\/#website\",\"url\":\"https:\/\/pfanstiehl.com\/de\/\",\"name\":\"Pfanstiehl\",\"description\":\"\",\"publisher\":{\"@id\":\"https:\/\/pfanstiehl.com\/de\/#organization\"},\"potentialAction\":[{\"@type\":\"SearchAction\",\"target\":{\"@type\":\"EntryPoint\",\"urlTemplate\":\"https:\/\/pfanstiehl.com\/de\/?s={search_term_string}\"},\"query-input\":\"required name=search_term_string\"}],\"inLanguage\":\"de\"},{\"@type\":\"Organization\",\"@id\":\"https:\/\/pfanstiehl.com\/de\/#organization\",\"name\":\"Pfanstiehl\",\"url\":\"https:\/\/pfanstiehl.com\/de\/\",\"logo\":{\"@type\":\"ImageObject\",\"inLanguage\":\"de\",\"@id\":\"https:\/\/pfanstiehl.com\/de\/#\/schema\/logo\/image\/\",\"url\":\"https:\/\/pfanstiehl.com\/wp-content\/uploads\/2024\/06\/logo.png\",\"contentUrl\":\"https:\/\/pfanstiehl.com\/wp-content\/uploads\/2024\/06\/logo.png\",\"width\":600,\"height\":85,\"caption\":\"Pfanstiehl\"},\"image\":{\"@id\":\"https:\/\/pfanstiehl.com\/de\/#\/schema\/logo\/image\/\"}}]}<\/script>\n<!-- \/ Yoast SEO plugin. -->","yoast_head_json":{"title":"Qualit\u00e4tssysteme - Pfanstiehl","robots":{"index":"index","follow":"follow","max-snippet":"max-snippet:-1","max-image-preview":"max-image-preview:large","max-video-preview":"max-video-preview:-1"},"canonical":"https:\/\/pfanstiehl.com\/de\/qualitaetssysteme\/","og_locale":"de_DE","og_type":"article","og_title":"Qualit\u00e4tssysteme - Pfanstiehl","og_description":"Pfanstiehl Qualit\u00e4t Pfanstiehl ist weltweit als f\u00fchrend in der Herstellung von hochreinen, endotoxinarmen, metallarmen injizierbaren cGMP-Hilfsstoffen und biopharmazeutischen Komponenten f\u00fcr verschiedene Anwendungen in der Bioprozess-, Formulierungs- und Spezialforschung anerkannt. Alle Produkte von Pfanstiehl werden in den USA in seinem Werk in Waukegan, Illinois, hergestellt, das den ICH Q7-Standards entspricht und von der US-amerikanischen FDA gepr\u00fcft [&hellip;]","og_url":"https:\/\/pfanstiehl.com\/de\/qualitaetssysteme\/","og_site_name":"Pfanstiehl","article_modified_time":"2024-07-08T05:10:33+00:00","og_image":[{"url":"https:\/\/pfanstiehl.com\/wp-content\/uploads\/2024\/06\/quality-systems-1024x629.png"}],"twitter_card":"summary_large_image","twitter_misc":{"Gesch\u00e4tzte Lesezeit":"2\u00a0Minuten"},"schema":{"@context":"https:\/\/schema.org","@graph":[{"@type":"WebPage","@id":"https:\/\/pfanstiehl.com\/de\/qualitaetssysteme\/","url":"https:\/\/pfanstiehl.com\/de\/qualitaetssysteme\/","name":"Qualit\u00e4tssysteme - Pfanstiehl","isPartOf":{"@id":"https:\/\/pfanstiehl.com\/de\/#website"},"primaryImageOfPage":{"@id":"https:\/\/pfanstiehl.com\/de\/qualitaetssysteme\/#primaryimage"},"image":{"@id":"https:\/\/pfanstiehl.com\/de\/qualitaetssysteme\/#primaryimage"},"thumbnailUrl":"https:\/\/pfanstiehl.com\/wp-content\/uploads\/2024\/06\/quality-systems-1024x629.png","datePublished":"2024-05-21T09:04:35+00:00","dateModified":"2024-07-08T05:10:33+00:00","breadcrumb":{"@id":"https:\/\/pfanstiehl.com\/de\/qualitaetssysteme\/#breadcrumb"},"inLanguage":"de","potentialAction":[{"@type":"ReadAction","target":["https:\/\/pfanstiehl.com\/de\/qualitaetssysteme\/"]}]},{"@type":"ImageObject","inLanguage":"de","@id":"https:\/\/pfanstiehl.com\/de\/qualitaetssysteme\/#primaryimage","url":"https:\/\/pfanstiehl.com\/wp-content\/uploads\/2024\/06\/quality-systems-1024x629.png","contentUrl":"https:\/\/pfanstiehl.com\/wp-content\/uploads\/2024\/06\/quality-systems-1024x629.png"},{"@type":"BreadcrumbList","@id":"https:\/\/pfanstiehl.com\/de\/qualitaetssysteme\/#breadcrumb","itemListElement":[{"@type":"ListItem","position":1,"name":"Home","item":"https:\/\/pfanstiehl.com\/de\/"},{"@type":"ListItem","position":2,"name":"Qualit\u00e4tssysteme"}]},{"@type":"WebSite","@id":"https:\/\/pfanstiehl.com\/de\/#website","url":"https:\/\/pfanstiehl.com\/de\/","name":"Pfanstiehl","description":"","publisher":{"@id":"https:\/\/pfanstiehl.com\/de\/#organization"},"potentialAction":[{"@type":"SearchAction","target":{"@type":"EntryPoint","urlTemplate":"https:\/\/pfanstiehl.com\/de\/?s={search_term_string}"},"query-input":"required name=search_term_string"}],"inLanguage":"de"},{"@type":"Organization","@id":"https:\/\/pfanstiehl.com\/de\/#organization","name":"Pfanstiehl","url":"https:\/\/pfanstiehl.com\/de\/","logo":{"@type":"ImageObject","inLanguage":"de","@id":"https:\/\/pfanstiehl.com\/de\/#\/schema\/logo\/image\/","url":"https:\/\/pfanstiehl.com\/wp-content\/uploads\/2024\/06\/logo.png","contentUrl":"https:\/\/pfanstiehl.com\/wp-content\/uploads\/2024\/06\/logo.png","width":600,"height":85,"caption":"Pfanstiehl"},"image":{"@id":"https:\/\/pfanstiehl.com\/de\/#\/schema\/logo\/image\/"}}]}},"_links":{"self":[{"href":"https:\/\/pfanstiehl.com\/de\/wp-json\/wp\/v2\/pages\/5132","targetHints":{"allow":["GET"]}}],"collection":[{"href":"https:\/\/pfanstiehl.com\/de\/wp-json\/wp\/v2\/pages"}],"about":[{"href":"https:\/\/pfanstiehl.com\/de\/wp-json\/wp\/v2\/types\/page"}],"author":[{"embeddable":true,"href":"https:\/\/pfanstiehl.com\/de\/wp-json\/wp\/v2\/users\/1"}],"replies":[{"embeddable":true,"href":"https:\/\/pfanstiehl.com\/de\/wp-json\/wp\/v2\/comments?post=5132"}],"version-history":[{"count":15,"href":"https:\/\/pfanstiehl.com\/de\/wp-json\/wp\/v2\/pages\/5132\/revisions"}],"predecessor-version":[{"id":7329,"href":"https:\/\/pfanstiehl.com\/de\/wp-json\/wp\/v2\/pages\/5132\/revisions\/7329"}],"wp:attachment":[{"href":"https:\/\/pfanstiehl.com\/de\/wp-json\/wp\/v2\/media?parent=5132"}],"curies":[{"name":"wp","href":"https:\/\/api.w.org\/{rel}","templated":true}]}}