{"id":5056,"date":"2024-06-12T06:00:09","date_gmt":"2024-06-12T06:00:09","guid":{"rendered":"https:\/\/pfanstiehl.com\/rueckgaberecht\/"},"modified":"2024-07-01T11:02:40","modified_gmt":"2024-07-01T11:02:40","slug":"rueckgaberecht","status":"publish","type":"page","link":"https:\/\/pfanstiehl.com\/de\/rueckgaberecht\/","title":{"rendered":"R\u00fcckgaberecht"},"content":{"rendered":"\t\t<div data-elementor-type=\"wp-page\" data-elementor-id=\"5056\" class=\"elementor elementor-5056 elementor-2926\" data-elementor-post-type=\"page\">\n\t\t\t\t<div class=\"elementor-element elementor-element-ad7cd6b e-flex e-con-boxed e-con e-parent\" data-id=\"ad7cd6b\" data-element_type=\"container\">\n\t\t\t\t\t<div class=\"e-con-inner\">\n\t\t\t\t<div class=\"elementor-element elementor-element-bd5fe22 elementor-widget elementor-widget-text-editor\" data-id=\"bd5fe22\" data-element_type=\"widget\" data-widget_type=\"text-editor.default\">\n\t\t\t\t<div class=\"elementor-widget-container\">\n\t\t\t<style>\/*! elementor - v3.23.0 - 05-08-2024 *\/\n.elementor-widget-text-editor.elementor-drop-cap-view-stacked .elementor-drop-cap{background-color:#69727d;color:#fff}.elementor-widget-text-editor.elementor-drop-cap-view-framed .elementor-drop-cap{color:#69727d;border:3px solid;background-color:transparent}.elementor-widget-text-editor:not(.elementor-drop-cap-view-default) .elementor-drop-cap{margin-top:8px}.elementor-widget-text-editor:not(.elementor-drop-cap-view-default) .elementor-drop-cap-letter{width:1em;height:1em}.elementor-widget-text-editor .elementor-drop-cap{float:left;text-align:center;line-height:1;font-size:50px}.elementor-widget-text-editor .elementor-drop-cap-letter{display:inline-block}<\/style>\t\t\t\t<h4>R\u00fccksendungen und Engp\u00e4sse<\/h4>\n<p>Wir m\u00f6chten, dass Sie unsere Produkte in gutem Zustand erhalten. Sie k\u00f6nnen ein Produkt, das bei der Lieferung besch\u00e4digt oder defekt ist, zur\u00fccksenden oder M\u00e4ngel beheben, wenn Sie sich innerhalb von 5 Tagen nach Erhalt des Produkts an den Kundendienst wenden. Wenn Sie uns nicht innerhalb dieser 5-Tage-Frist kontaktieren, betrachten wir das Produkt als akzeptiert, Sie verlieren jedoch keine Gew\u00e4hrleistungsrechte.<\/p>\n<\/p>\n<h4>Genehmigung f\u00fcr R\u00fccksendungen<\/h4>\n<p>Der Kundendienst muss alle Produktr\u00fccksendungen genehmigen. Wenn Ihre Produktr\u00fcckgabe autorisiert ist, wird Ihnen der Kundendienst Anweisungen zum R\u00fcckgabeprozess geben.<\/p>\n<\/p>\n<h4>Berechtigung f\u00fcr Produktgutschriften<\/h4>\n<p>Um f\u00fcr eine Produktgutschrift in Frage zu kommen, muss ein Produkt schriftlich zur R\u00fcckgabe genehmigt werden und in einem f\u00fcr den Weiterverkauf zufriedenstellenden Zustand in unseren Einrichtungen eintreffen. F\u00fcr jede R\u00fccksendung, die nicht auf unseren Fehler zur\u00fcckzuf\u00fchren ist, wird eine Wiedereinlagerungsgeb\u00fchr von 25 USD oder 25 % des Verkaufspreises erhoben \u2013 je nachdem, welcher Betrag h\u00f6her ist. Wir schreiben keine Versandkosten gut. Sie k\u00f6nnen ein Produkt nicht mehr als 30 Tage nach Erhalt gegen Gutschrift zur\u00fcckgeben.<\/p>\n<\/p>\n<h4>R\u00fcckgabe von kundenspezifischen Produkten<\/h4>\n<p>Sie k\u00f6nnen ein kundenspezifisches Produkt, das wir nach Ihren Spezifikationen herstellen, nur zur\u00fccksenden, wenn das Produkt zum Zeitpunkt des Versands nicht den angegebenen Spezifikationen entspricht. In diesem Fall werden wir nach eigenem Ermessen entweder das kundenspezifische Produkt ersetzen oder Ihnen den Kaufpreis als alleinige Abhilfe erstatten.<\/p>\n\t\t\t\t\t\t<\/div>\n\t\t\t\t<\/div>\n\t\t\t\t\t<\/div>\n\t\t\t\t<\/div>\n\t\t\t\t<\/div>\n\t\t","protected":false},"excerpt":{"rendered":"<p>R\u00fccksendungen und Engp\u00e4sse Wir m\u00f6chten, dass Sie unsere Produkte in gutem Zustand erhalten. Sie k\u00f6nnen ein Produkt, das bei der Lieferung besch\u00e4digt oder defekt ist, zur\u00fccksenden oder M\u00e4ngel beheben, wenn Sie sich innerhalb von 5 Tagen nach Erhalt des Produkts an den Kundendienst wenden. Wenn Sie uns nicht innerhalb dieser 5-Tage-Frist kontaktieren, betrachten wir das [&hellip;]<\/p>\n","protected":false},"author":1,"featured_media":0,"parent":0,"menu_order":0,"comment_status":"closed","ping_status":"closed","template":"elementor_header_footer","meta":{"om_disable_all_campaigns":false,"_monsterinsights_skip_tracking":false,"_monsterinsights_sitenote_active":false,"_monsterinsights_sitenote_note":"","_monsterinsights_sitenote_category":0,"_uf_show_specific_survey":0,"_uf_disable_surveys":false,"footnotes":""},"class_list":["post-5056","page","type-page","status-publish","hentry"],"yoast_head":"<!-- This site is optimized with the Yoast SEO plugin v27.3 - https:\/\/yoast.com\/product\/yoast-seo-wordpress\/ -->\n<title>R\u00fcckgaberecht - Pfanstiehl<\/title>\n<meta name=\"robots\" content=\"index, follow, max-snippet:-1, max-image-preview:large, max-video-preview:-1\" \/>\n<link rel=\"canonical\" href=\"https:\/\/pfanstiehl.com\/de\/rueckgaberecht\/\" \/>\n<meta property=\"og:locale\" content=\"de_DE\" \/>\n<meta property=\"og:type\" content=\"article\" \/>\n<meta property=\"og:title\" content=\"R\u00fcckgaberecht - Pfanstiehl\" \/>\n<meta property=\"og:description\" content=\"R\u00fccksendungen und Engp\u00e4sse Wir m\u00f6chten, dass Sie unsere Produkte in gutem Zustand erhalten. Sie k\u00f6nnen ein Produkt, das bei der Lieferung besch\u00e4digt oder defekt ist, zur\u00fccksenden oder M\u00e4ngel beheben, wenn Sie sich innerhalb von 5 Tagen nach Erhalt des Produkts an den Kundendienst wenden. Wenn Sie uns nicht innerhalb dieser 5-Tage-Frist kontaktieren, betrachten wir das [&hellip;]\" \/>\n<meta property=\"og:url\" content=\"https:\/\/pfanstiehl.com\/de\/rueckgaberecht\/\" \/>\n<meta property=\"og:site_name\" content=\"Pfanstiehl\" \/>\n<meta property=\"article:modified_time\" content=\"2024-07-01T11:02:40+00:00\" \/>\n<meta name=\"twitter:card\" content=\"summary_large_image\" \/>\n<meta name=\"twitter:label1\" content=\"Gesch\u00e4tzte Lesezeit\" \/>\n\t<meta name=\"twitter:data1\" content=\"1\u00a0Minute\" \/>\n<script type=\"application\/ld+json\" class=\"yoast-schema-graph\">{\"@context\":\"https:\\\/\\\/schema.org\",\"@graph\":[{\"@type\":\"WebPage\",\"@id\":\"https:\\\/\\\/pfanstiehl.com\\\/de\\\/rueckgaberecht\\\/\",\"url\":\"https:\\\/\\\/pfanstiehl.com\\\/de\\\/rueckgaberecht\\\/\",\"name\":\"R\u00fcckgaberecht - Pfanstiehl\",\"isPartOf\":{\"@id\":\"https:\\\/\\\/pfanstiehl.com\\\/de\\\/#website\"},\"datePublished\":\"2024-06-12T06:00:09+00:00\",\"dateModified\":\"2024-07-01T11:02:40+00:00\",\"breadcrumb\":{\"@id\":\"https:\\\/\\\/pfanstiehl.com\\\/de\\\/rueckgaberecht\\\/#breadcrumb\"},\"inLanguage\":\"de\",\"potentialAction\":[{\"@type\":\"ReadAction\",\"target\":[\"https:\\\/\\\/pfanstiehl.com\\\/de\\\/rueckgaberecht\\\/\"]}]},{\"@type\":\"BreadcrumbList\",\"@id\":\"https:\\\/\\\/pfanstiehl.com\\\/de\\\/rueckgaberecht\\\/#breadcrumb\",\"itemListElement\":[{\"@type\":\"ListItem\",\"position\":1,\"name\":\"Home\",\"item\":\"https:\\\/\\\/pfanstiehl.com\\\/de\\\/\"},{\"@type\":\"ListItem\",\"position\":2,\"name\":\"R\u00fcckgaberecht\"}]},{\"@type\":\"WebSite\",\"@id\":\"https:\\\/\\\/pfanstiehl.com\\\/de\\\/#website\",\"url\":\"https:\\\/\\\/pfanstiehl.com\\\/de\\\/\",\"name\":\"Pfanstiehl\",\"description\":\"\",\"publisher\":{\"@id\":\"https:\\\/\\\/pfanstiehl.com\\\/de\\\/#organization\"},\"potentialAction\":[{\"@type\":\"SearchAction\",\"target\":{\"@type\":\"EntryPoint\",\"urlTemplate\":\"https:\\\/\\\/pfanstiehl.com\\\/de\\\/?s={search_term_string}\"},\"query-input\":{\"@type\":\"PropertyValueSpecification\",\"valueRequired\":true,\"valueName\":\"search_term_string\"}}],\"inLanguage\":\"de\"},{\"@type\":\"Organization\",\"@id\":\"https:\\\/\\\/pfanstiehl.com\\\/de\\\/#organization\",\"name\":\"Pfanstiehl\",\"url\":\"https:\\\/\\\/pfanstiehl.com\\\/de\\\/\",\"logo\":{\"@type\":\"ImageObject\",\"inLanguage\":\"de\",\"@id\":\"https:\\\/\\\/pfanstiehl.com\\\/de\\\/#\\\/schema\\\/logo\\\/image\\\/\",\"url\":\"https:\\\/\\\/pfanstiehl.com\\\/wp-content\\\/uploads\\\/2024\\\/06\\\/logo.png\",\"contentUrl\":\"https:\\\/\\\/pfanstiehl.com\\\/wp-content\\\/uploads\\\/2024\\\/06\\\/logo.png\",\"width\":600,\"height\":85,\"caption\":\"Pfanstiehl\"},\"image\":{\"@id\":\"https:\\\/\\\/pfanstiehl.com\\\/de\\\/#\\\/schema\\\/logo\\\/image\\\/\"}}]}<\/script>\n<!-- \/ Yoast SEO plugin. -->","yoast_head_json":{"title":"R\u00fcckgaberecht - Pfanstiehl","robots":{"index":"index","follow":"follow","max-snippet":"max-snippet:-1","max-image-preview":"max-image-preview:large","max-video-preview":"max-video-preview:-1"},"canonical":"https:\/\/pfanstiehl.com\/de\/rueckgaberecht\/","og_locale":"de_DE","og_type":"article","og_title":"R\u00fcckgaberecht - Pfanstiehl","og_description":"R\u00fccksendungen und Engp\u00e4sse Wir m\u00f6chten, dass Sie unsere Produkte in gutem Zustand erhalten. Sie k\u00f6nnen ein Produkt, das bei der Lieferung besch\u00e4digt oder defekt ist, zur\u00fccksenden oder M\u00e4ngel beheben, wenn Sie sich innerhalb von 5 Tagen nach Erhalt des Produkts an den Kundendienst wenden. Wenn Sie uns nicht innerhalb dieser 5-Tage-Frist kontaktieren, betrachten wir das [&hellip;]","og_url":"https:\/\/pfanstiehl.com\/de\/rueckgaberecht\/","og_site_name":"Pfanstiehl","article_modified_time":"2024-07-01T11:02:40+00:00","twitter_card":"summary_large_image","twitter_misc":{"Gesch\u00e4tzte Lesezeit":"1\u00a0Minute"},"schema":{"@context":"https:\/\/schema.org","@graph":[{"@type":"WebPage","@id":"https:\/\/pfanstiehl.com\/de\/rueckgaberecht\/","url":"https:\/\/pfanstiehl.com\/de\/rueckgaberecht\/","name":"R\u00fcckgaberecht - Pfanstiehl","isPartOf":{"@id":"https:\/\/pfanstiehl.com\/de\/#website"},"datePublished":"2024-06-12T06:00:09+00:00","dateModified":"2024-07-01T11:02:40+00:00","breadcrumb":{"@id":"https:\/\/pfanstiehl.com\/de\/rueckgaberecht\/#breadcrumb"},"inLanguage":"de","potentialAction":[{"@type":"ReadAction","target":["https:\/\/pfanstiehl.com\/de\/rueckgaberecht\/"]}]},{"@type":"BreadcrumbList","@id":"https:\/\/pfanstiehl.com\/de\/rueckgaberecht\/#breadcrumb","itemListElement":[{"@type":"ListItem","position":1,"name":"Home","item":"https:\/\/pfanstiehl.com\/de\/"},{"@type":"ListItem","position":2,"name":"R\u00fcckgaberecht"}]},{"@type":"WebSite","@id":"https:\/\/pfanstiehl.com\/de\/#website","url":"https:\/\/pfanstiehl.com\/de\/","name":"Pfanstiehl","description":"","publisher":{"@id":"https:\/\/pfanstiehl.com\/de\/#organization"},"potentialAction":[{"@type":"SearchAction","target":{"@type":"EntryPoint","urlTemplate":"https:\/\/pfanstiehl.com\/de\/?s={search_term_string}"},"query-input":{"@type":"PropertyValueSpecification","valueRequired":true,"valueName":"search_term_string"}}],"inLanguage":"de"},{"@type":"Organization","@id":"https:\/\/pfanstiehl.com\/de\/#organization","name":"Pfanstiehl","url":"https:\/\/pfanstiehl.com\/de\/","logo":{"@type":"ImageObject","inLanguage":"de","@id":"https:\/\/pfanstiehl.com\/de\/#\/schema\/logo\/image\/","url":"https:\/\/pfanstiehl.com\/wp-content\/uploads\/2024\/06\/logo.png","contentUrl":"https:\/\/pfanstiehl.com\/wp-content\/uploads\/2024\/06\/logo.png","width":600,"height":85,"caption":"Pfanstiehl"},"image":{"@id":"https:\/\/pfanstiehl.com\/de\/#\/schema\/logo\/image\/"}}]}},"_links":{"self":[{"href":"https:\/\/pfanstiehl.com\/de\/wp-json\/wp\/v2\/pages\/5056","targetHints":{"allow":["GET"]}}],"collection":[{"href":"https:\/\/pfanstiehl.com\/de\/wp-json\/wp\/v2\/pages"}],"about":[{"href":"https:\/\/pfanstiehl.com\/de\/wp-json\/wp\/v2\/types\/page"}],"author":[{"embeddable":true,"href":"https:\/\/pfanstiehl.com\/de\/wp-json\/wp\/v2\/users\/1"}],"replies":[{"embeddable":true,"href":"https:\/\/pfanstiehl.com\/de\/wp-json\/wp\/v2\/comments?post=5056"}],"version-history":[{"count":1,"href":"https:\/\/pfanstiehl.com\/de\/wp-json\/wp\/v2\/pages\/5056\/revisions"}],"predecessor-version":[{"id":5057,"href":"https:\/\/pfanstiehl.com\/de\/wp-json\/wp\/v2\/pages\/5056\/revisions\/5057"}],"wp:attachment":[{"href":"https:\/\/pfanstiehl.com\/de\/wp-json\/wp\/v2\/media?parent=5056"}],"curies":[{"name":"wp","href":"https:\/\/api.w.org\/{rel}","templated":true}]}}