{"id":1217,"date":"2024-05-21T08:52:34","date_gmt":"2024-05-21T08:52:34","guid":{"rendered":"https:\/\/pfanstiehl.com\/geschichte\/"},"modified":"2024-07-01T11:05:48","modified_gmt":"2024-07-01T11:05:48","slug":"geschichte","status":"publish","type":"page","link":"https:\/\/pfanstiehl.com\/de\/geschichte\/","title":{"rendered":"Geschichte"},"content":{"rendered":"\t\t<div data-elementor-type=\"wp-page\" data-elementor-id=\"1217\" class=\"elementor elementor-1217 elementor-179\" data-elementor-post-type=\"page\">\n\t\t\t\t<div class=\"elementor-element elementor-element-987f35b e-flex e-con-boxed e-con e-parent\" data-id=\"987f35b\" data-element_type=\"container\">\n\t\t\t\t\t<div class=\"e-con-inner\">\n\t\t<div class=\"elementor-element elementor-element-51e1d95 e-flex e-con-boxed e-con e-child\" data-id=\"51e1d95\" data-element_type=\"container\">\n\t\t\t\t\t<div class=\"e-con-inner\">\n\t\t\t\t<div class=\"elementor-element elementor-element-175241b elementor-widget elementor-widget-heading\" data-id=\"175241b\" data-element_type=\"widget\" data-widget_type=\"heading.default\">\n\t\t\t\t<div class=\"elementor-widget-container\">\n\t\t\t<style>\/*! elementor - v3.23.0 - 05-08-2024 *\/\n.elementor-heading-title{padding:0;margin:0;line-height:1}.elementor-widget-heading .elementor-heading-title[class*=elementor-size-]>a{color:inherit;font-size:inherit;line-height:inherit}.elementor-widget-heading .elementor-heading-title.elementor-size-small{font-size:15px}.elementor-widget-heading .elementor-heading-title.elementor-size-medium{font-size:19px}.elementor-widget-heading .elementor-heading-title.elementor-size-large{font-size:29px}.elementor-widget-heading .elementor-heading-title.elementor-size-xl{font-size:39px}.elementor-widget-heading .elementor-heading-title.elementor-size-xxl{font-size:59px}<\/style><h1 class=\"elementor-heading-title elementor-size-default\">Eine Geschichte der Innovation<\/h1>\t\t<\/div>\n\t\t\t\t<\/div>\n\t\t\t\t<div class=\"elementor-element elementor-element-fc4349b elementor-widget elementor-widget-text-editor\" data-id=\"fc4349b\" data-element_type=\"widget\" data-widget_type=\"text-editor.default\">\n\t\t\t\t<div class=\"elementor-widget-container\">\n\t\t\t<style>\/*! elementor - v3.23.0 - 05-08-2024 *\/\n.elementor-widget-text-editor.elementor-drop-cap-view-stacked .elementor-drop-cap{background-color:#69727d;color:#fff}.elementor-widget-text-editor.elementor-drop-cap-view-framed .elementor-drop-cap{color:#69727d;border:3px solid;background-color:transparent}.elementor-widget-text-editor:not(.elementor-drop-cap-view-default) .elementor-drop-cap{margin-top:8px}.elementor-widget-text-editor:not(.elementor-drop-cap-view-default) .elementor-drop-cap-letter{width:1em;height:1em}.elementor-widget-text-editor .elementor-drop-cap{float:left;text-align:center;line-height:1;font-size:50px}.elementor-widget-text-editor .elementor-drop-cap-letter{display:inline-block}<\/style>\t\t\t\t<p><strong>2022<\/strong><br \/>Pfanstiehl schlie\u00dft eine bedeutende Erweiterung der Produktionskapazit\u00e4ten ab, um die Marktnachfrage nach hochwertigen Hilfsstoffen zu decken.<\/p>\n<\/p>\n<p><strong>2020<\/strong><br \/>Als integraler Bestandteil des Projekts Warp Speed ergreift Pfanstiehl Ma\u00dfnahmen zur Infektionskontrolle, um die Herstellung wichtiger Kohlenhydrat-Hilfsstoffe fortzusetzen, die f\u00fcr die Produktion des COVID-Impfstoffs ben\u00f6tigt werden. W\u00e4hrend der gesamten Pandemie arbeiteten die Mitarbeiter von Pfanstiehl unerm\u00fcdlich und ohne Unterbrechung, um die beispiellose Nachfrage nach Impfstoffkomponenten zu erf\u00fcllen.<\/p>\n\t\t\t\t\t\t<\/div>\n\t\t\t\t<\/div>\n\t\t\t\t\t<\/div>\n\t\t\t\t<\/div>\n\t\t<div class=\"elementor-element elementor-element-c80a74e e-flex e-con-boxed e-con e-child\" data-id=\"c80a74e\" data-element_type=\"container\">\n\t\t\t\t\t<div class=\"e-con-inner\">\n\t\t\t\t<div class=\"elementor-element elementor-element-6ef0661 elementor-widget elementor-widget-image\" data-id=\"6ef0661\" data-element_type=\"widget\" data-widget_type=\"image.default\">\n\t\t\t\t<div class=\"elementor-widget-container\">\n\t\t\t<style>\/*! elementor - v3.23.0 - 05-08-2024 *\/\n.elementor-widget-image{text-align:center}.elementor-widget-image a{display:inline-block}.elementor-widget-image a img[src$=\".svg\"]{width:48px}.elementor-widget-image img{vertical-align:middle;display:inline-block}<\/style>\t\t\t\t\t\t\t\t\t\t<img fetchpriority=\"high\" decoding=\"async\" width=\"800\" height=\"569\" src=\"https:\/\/pfanstiehl.com\/wp-content\/uploads\/2024\/06\/history.png\" class=\"attachment-large size-large wp-image-2189\" alt=\"\" srcset=\"https:\/\/pfanstiehl.com\/wp-content\/uploads\/2024\/06\/history.png 985w, https:\/\/pfanstiehl.com\/wp-content\/uploads\/2024\/06\/history-300x213.png 300w, https:\/\/pfanstiehl.com\/wp-content\/uploads\/2024\/06\/history-768x546.png 768w, https:\/\/pfanstiehl.com\/wp-content\/uploads\/2024\/06\/history-600x426.png 600w\" sizes=\"(max-width: 800px) 100vw, 800px\" \/>\t\t\t\t\t\t\t\t\t\t\t\t\t<\/div>\n\t\t\t\t<\/div>\n\t\t\t\t\t<\/div>\n\t\t\t\t<\/div>\n\t\t\t\t\t<\/div>\n\t\t\t\t<\/div>\n\t\t<div class=\"elementor-element elementor-element-54dc1f8 e-flex e-con-boxed e-con e-child\" data-id=\"54dc1f8\" data-element_type=\"container\">\n\t\t\t\t\t<div class=\"e-con-inner\">\n\t\t\t\t<div class=\"elementor-element elementor-element-4fa9182 elementor-widget elementor-widget-text-editor\" data-id=\"4fa9182\" data-element_type=\"widget\" data-widget_type=\"text-editor.default\">\n\t\t\t\t<div class=\"elementor-widget-container\">\n\t\t\t\t\t\t\t<p><strong>2015<\/strong><br \/>Pfanstiehl expandiert mit der Er\u00f6ffnung von B\u00fcros in der Schweiz und in Singapur.<\/p>\n<\/p>\n<p><strong>2006<\/strong><br \/>Bau eines neuen und erweiterten Labors f\u00fcr analytische Tests sowie eines Labors f\u00fcr Methodenentwicklung und -validierung Neue Kilo-Labor- und Pilotanlagen zur Unterst\u00fctzung von kundenspezifischen Synthese- und HPS-Herstellungsdienstleistungen (Phase I)<\/p>\n<\/p>\n<p><strong>2003<\/strong><br \/>Der Synthese-Isolator wird der Produktionsanlage f\u00fcr hochwirksame Substanzen (HPS) hinzugef\u00fcgt, um zus\u00e4tzliche Entwicklungsprogramme f\u00fcr Onkologie-Arzneimittelkandidaten in fr\u00fchen Phasen zu erm\u00f6glichen.<\/p>\n<\/p>\n<p><strong>2001<\/strong><br \/>Herstellungsanlage und -praktiken f\u00fcr hochwirksame Substanzen (HPS), zertifiziert von SafeBridge Consultants, Inc.<\/p>\n<\/p>\n<p><strong>2000<\/strong><br \/>Pfanstiehl wird eine hundertprozentige Tochtergesellschaft der Ferro Corporation, einem gro\u00dfen internationalen Hersteller von Hochleistungsmaterialien f\u00fcr die Industrie, einschlie\u00dflich Beschichtungen, Feinchemikalien und Polymeradditiven. Die \u00dcbernahme durch Ferro beschleunigt den Ausbau der technischen und finanziellen Infrastruktur.<\/p>\n<\/p>\n<p><strong>1999<\/strong><br \/>Bau einer neuen Mehrzweckanlage zur Herstellung von hochwirksamen Substanzen (HPS) im kommerziellen Ma\u00dfstab. Die Anlage wurde f\u00fcr die Produktisolierung und die zentrale Prozesssteuerung optimiert und erweitert die M\u00f6glichkeiten von Pfanstiehl zur Verarbeitung toxischer und zytotoxischer Wirkstoffe und Zwischenprodukte.<\/p>\n<\/p>\n<p><strong>1977<\/strong><br \/>Pfanstiehl arbeitet mit Abbott Laboratories zusammen, um ein Verfahren zur Herstellung von Eigelb-Phospholipid (Eilecithin) zur Verwendung in einer parenteralen Ern\u00e4hrungsformulierung zu entwickeln.<\/p>\n<\/p>\n<p><strong>1973<\/strong><br \/>Pfanstiehl erstellt sein erstes Type II Drug Master File bei der U.S. Food and Drug Administration f\u00fcr einen Pharmakunden<\/p>\n<\/p>\n<p><strong>1962<\/strong><br \/>Pfanstiehl beginnt mit der Herstellung von Natriumlactatl\u00f6sungen und Glucosaminhydrochlorid und steigt damit in die Produktion von pharmazeutischen Verbindungen und Zwischenprodukten ein.<\/p>\n<\/p>\n<p><strong>1959<\/strong><br \/>Pfanstiel erweitert seine Kapazit\u00e4ten und M\u00f6glichkeiten durch den Umzug an seinen jetzigen Standort in Waukegan, IL, erheblich. Das urspr\u00fcngliche Geb\u00e4ude in der Glen Rock Avenue beherbergt weiterhin die Feinchemieproduktion von Pfanstiehl.<\/p>\n<\/p>\n<p><strong>1954<\/strong><br \/>Babson verkauft die Feinchemieabteilung an Arthur Holstein und den Kohlenhydratchemiker Dr. Waldersee Hendrey, die ihr Unternehmen in Pfanstiehl Laboratories, Inc. umbenennen. Pfanstiehl beginnt mit der Produktion von Feinchemikalien in gr\u00f6\u00dferen Mengen und liefert Biochemikalien in gro\u00dfen Mengen an Katalogh\u00e4ndler. Der Produktschwerpunkt verlagert sich auf Kohlenhydrate und verwandte organische Chemikalien.<\/p>\n<\/p>\n<p><strong>1947<\/strong><br \/>Arthur G. Holstein, Chemiker und Inhaber von f\u00fcnf Patenten f\u00fcr biochemische Verfahren, wechselt zu Pfanstiehl und leitet den Bereich Feinchemie.<\/p>\n<\/p>\n<p><strong>1942<\/strong><br \/>Pfanstiehl Chemical wird eine Tochtergesellschaft von Babson und betreibt drei separate Gesch\u00e4ftsbereiche: Feinchemikalien, metallurgische Produkte und Hygieneprodukte f\u00fcr die Milchwirtschaft.<\/p>\n<\/p>\n<p><strong>1930<\/strong><br \/>Babson Brothers, Inc., ein in Chicago ans\u00e4ssiger Hersteller und Vertreiber von Molkereibedarf, schlie\u00dft sich Pfanstiehl an und unterst\u00fctzt das Unternehmen im Bereich Finanzen und Management. Die Special Chemicals Company wird in Pfanstiehl Chemical Corporation umbenannt und nach Waukegan, Illinois, verlagert.<\/p>\n<\/p>\n<p><strong>1919<\/strong><br \/>Mit Hilfe von Startkapital der US-Regierung wird die Special Chemicals Corporation von Carl Pfanstiehl im Stall hinter seinem Haus gegr\u00fcndet. Er beginnt, hochreine Kohlenhydrate, Aminos\u00e4uren und Enzyme an analytische Labors und Krankenh\u00e4user zu liefern.<\/p>\n\t\t\t\t\t\t<\/div>\n\t\t\t\t<\/div>\n\t\t\t\t\t<\/div>\n\t\t\t\t<\/div>\n\t\t\t\t<\/div>\n\t\t","protected":false},"excerpt":{"rendered":"<p>Eine Geschichte der Innovation 2022Pfanstiehl schlie\u00dft eine bedeutende Erweiterung der Produktionskapazit\u00e4ten ab, um die Marktnachfrage nach hochwertigen Hilfsstoffen zu decken. 2020Als integraler Bestandteil des Projekts Warp Speed ergreift Pfanstiehl Ma\u00dfnahmen zur Infektionskontrolle, um die Herstellung wichtiger Kohlenhydrat-Hilfsstoffe fortzusetzen, die f\u00fcr die Produktion des COVID-Impfstoffs ben\u00f6tigt werden. W\u00e4hrend der gesamten Pandemie arbeiteten die Mitarbeiter von Pfanstiehl [&hellip;]<\/p>\n","protected":false},"author":1,"featured_media":0,"parent":0,"menu_order":0,"comment_status":"closed","ping_status":"closed","template":"elementor_header_footer","meta":{"om_disable_all_campaigns":false,"_monsterinsights_skip_tracking":false,"_monsterinsights_sitenote_active":false,"_monsterinsights_sitenote_note":"","_monsterinsights_sitenote_category":0,"_uf_show_specific_survey":0,"_uf_disable_surveys":false,"footnotes":""},"class_list":["post-1217","page","type-page","status-publish","hentry"],"yoast_head":"<!-- This site is optimized with the Yoast SEO plugin v27.3 - https:\/\/yoast.com\/product\/yoast-seo-wordpress\/ -->\n<title>Geschichte - Pfanstiehl<\/title>\n<meta name=\"robots\" content=\"index, follow, max-snippet:-1, max-image-preview:large, max-video-preview:-1\" \/>\n<link rel=\"canonical\" href=\"https:\/\/pfanstiehl.com\/de\/geschichte\/\" \/>\n<meta property=\"og:locale\" content=\"de_DE\" \/>\n<meta property=\"og:type\" content=\"article\" \/>\n<meta property=\"og:title\" content=\"Geschichte - Pfanstiehl\" \/>\n<meta property=\"og:description\" content=\"Eine Geschichte der Innovation 2022Pfanstiehl schlie\u00dft eine bedeutende Erweiterung der Produktionskapazit\u00e4ten ab, um die Marktnachfrage nach hochwertigen Hilfsstoffen zu decken. 2020Als integraler Bestandteil des Projekts Warp Speed ergreift Pfanstiehl Ma\u00dfnahmen zur Infektionskontrolle, um die Herstellung wichtiger Kohlenhydrat-Hilfsstoffe fortzusetzen, die f\u00fcr die Produktion des COVID-Impfstoffs ben\u00f6tigt werden. W\u00e4hrend der gesamten Pandemie arbeiteten die Mitarbeiter von Pfanstiehl [&hellip;]\" \/>\n<meta property=\"og:url\" content=\"https:\/\/pfanstiehl.com\/de\/geschichte\/\" \/>\n<meta property=\"og:site_name\" content=\"Pfanstiehl\" \/>\n<meta property=\"article:modified_time\" content=\"2024-07-01T11:05:48+00:00\" \/>\n<meta property=\"og:image\" content=\"https:\/\/pfanstiehl.com\/wp-content\/uploads\/2024\/06\/history.png\" \/>\n<meta name=\"twitter:card\" content=\"summary_large_image\" \/>\n<meta name=\"twitter:label1\" content=\"Gesch\u00e4tzte Lesezeit\" \/>\n\t<meta name=\"twitter:data1\" content=\"3\u00a0Minuten\" \/>\n<script type=\"application\/ld+json\" class=\"yoast-schema-graph\">{\"@context\":\"https:\\\/\\\/schema.org\",\"@graph\":[{\"@type\":\"WebPage\",\"@id\":\"https:\\\/\\\/pfanstiehl.com\\\/de\\\/geschichte\\\/\",\"url\":\"https:\\\/\\\/pfanstiehl.com\\\/de\\\/geschichte\\\/\",\"name\":\"Geschichte - Pfanstiehl\",\"isPartOf\":{\"@id\":\"https:\\\/\\\/pfanstiehl.com\\\/de\\\/#website\"},\"primaryImageOfPage\":{\"@id\":\"https:\\\/\\\/pfanstiehl.com\\\/de\\\/geschichte\\\/#primaryimage\"},\"image\":{\"@id\":\"https:\\\/\\\/pfanstiehl.com\\\/de\\\/geschichte\\\/#primaryimage\"},\"thumbnailUrl\":\"https:\\\/\\\/pfanstiehl.com\\\/wp-content\\\/uploads\\\/2024\\\/06\\\/history.png\",\"datePublished\":\"2024-05-21T08:52:34+00:00\",\"dateModified\":\"2024-07-01T11:05:48+00:00\",\"breadcrumb\":{\"@id\":\"https:\\\/\\\/pfanstiehl.com\\\/de\\\/geschichte\\\/#breadcrumb\"},\"inLanguage\":\"de\",\"potentialAction\":[{\"@type\":\"ReadAction\",\"target\":[\"https:\\\/\\\/pfanstiehl.com\\\/de\\\/geschichte\\\/\"]}]},{\"@type\":\"ImageObject\",\"inLanguage\":\"de\",\"@id\":\"https:\\\/\\\/pfanstiehl.com\\\/de\\\/geschichte\\\/#primaryimage\",\"url\":\"https:\\\/\\\/pfanstiehl.com\\\/wp-content\\\/uploads\\\/2024\\\/06\\\/history.png\",\"contentUrl\":\"https:\\\/\\\/pfanstiehl.com\\\/wp-content\\\/uploads\\\/2024\\\/06\\\/history.png\"},{\"@type\":\"BreadcrumbList\",\"@id\":\"https:\\\/\\\/pfanstiehl.com\\\/de\\\/geschichte\\\/#breadcrumb\",\"itemListElement\":[{\"@type\":\"ListItem\",\"position\":1,\"name\":\"Home\",\"item\":\"https:\\\/\\\/pfanstiehl.com\\\/de\\\/\"},{\"@type\":\"ListItem\",\"position\":2,\"name\":\"Geschichte\"}]},{\"@type\":\"WebSite\",\"@id\":\"https:\\\/\\\/pfanstiehl.com\\\/de\\\/#website\",\"url\":\"https:\\\/\\\/pfanstiehl.com\\\/de\\\/\",\"name\":\"Pfanstiehl\",\"description\":\"\",\"publisher\":{\"@id\":\"https:\\\/\\\/pfanstiehl.com\\\/de\\\/#organization\"},\"potentialAction\":[{\"@type\":\"SearchAction\",\"target\":{\"@type\":\"EntryPoint\",\"urlTemplate\":\"https:\\\/\\\/pfanstiehl.com\\\/de\\\/?s={search_term_string}\"},\"query-input\":{\"@type\":\"PropertyValueSpecification\",\"valueRequired\":true,\"valueName\":\"search_term_string\"}}],\"inLanguage\":\"de\"},{\"@type\":\"Organization\",\"@id\":\"https:\\\/\\\/pfanstiehl.com\\\/de\\\/#organization\",\"name\":\"Pfanstiehl\",\"url\":\"https:\\\/\\\/pfanstiehl.com\\\/de\\\/\",\"logo\":{\"@type\":\"ImageObject\",\"inLanguage\":\"de\",\"@id\":\"https:\\\/\\\/pfanstiehl.com\\\/de\\\/#\\\/schema\\\/logo\\\/image\\\/\",\"url\":\"https:\\\/\\\/pfanstiehl.com\\\/wp-content\\\/uploads\\\/2024\\\/06\\\/logo.png\",\"contentUrl\":\"https:\\\/\\\/pfanstiehl.com\\\/wp-content\\\/uploads\\\/2024\\\/06\\\/logo.png\",\"width\":600,\"height\":85,\"caption\":\"Pfanstiehl\"},\"image\":{\"@id\":\"https:\\\/\\\/pfanstiehl.com\\\/de\\\/#\\\/schema\\\/logo\\\/image\\\/\"}}]}<\/script>\n<!-- \/ Yoast SEO plugin. -->","yoast_head_json":{"title":"Geschichte - Pfanstiehl","robots":{"index":"index","follow":"follow","max-snippet":"max-snippet:-1","max-image-preview":"max-image-preview:large","max-video-preview":"max-video-preview:-1"},"canonical":"https:\/\/pfanstiehl.com\/de\/geschichte\/","og_locale":"de_DE","og_type":"article","og_title":"Geschichte - Pfanstiehl","og_description":"Eine Geschichte der Innovation 2022Pfanstiehl schlie\u00dft eine bedeutende Erweiterung der Produktionskapazit\u00e4ten ab, um die Marktnachfrage nach hochwertigen Hilfsstoffen zu decken. 2020Als integraler Bestandteil des Projekts Warp Speed ergreift Pfanstiehl Ma\u00dfnahmen zur Infektionskontrolle, um die Herstellung wichtiger Kohlenhydrat-Hilfsstoffe fortzusetzen, die f\u00fcr die Produktion des COVID-Impfstoffs ben\u00f6tigt werden. W\u00e4hrend der gesamten Pandemie arbeiteten die Mitarbeiter von Pfanstiehl [&hellip;]","og_url":"https:\/\/pfanstiehl.com\/de\/geschichte\/","og_site_name":"Pfanstiehl","article_modified_time":"2024-07-01T11:05:48+00:00","og_image":[{"url":"https:\/\/pfanstiehl.com\/wp-content\/uploads\/2024\/06\/history.png","type":"","width":"","height":""}],"twitter_card":"summary_large_image","twitter_misc":{"Gesch\u00e4tzte Lesezeit":"3\u00a0Minuten"},"schema":{"@context":"https:\/\/schema.org","@graph":[{"@type":"WebPage","@id":"https:\/\/pfanstiehl.com\/de\/geschichte\/","url":"https:\/\/pfanstiehl.com\/de\/geschichte\/","name":"Geschichte - Pfanstiehl","isPartOf":{"@id":"https:\/\/pfanstiehl.com\/de\/#website"},"primaryImageOfPage":{"@id":"https:\/\/pfanstiehl.com\/de\/geschichte\/#primaryimage"},"image":{"@id":"https:\/\/pfanstiehl.com\/de\/geschichte\/#primaryimage"},"thumbnailUrl":"https:\/\/pfanstiehl.com\/wp-content\/uploads\/2024\/06\/history.png","datePublished":"2024-05-21T08:52:34+00:00","dateModified":"2024-07-01T11:05:48+00:00","breadcrumb":{"@id":"https:\/\/pfanstiehl.com\/de\/geschichte\/#breadcrumb"},"inLanguage":"de","potentialAction":[{"@type":"ReadAction","target":["https:\/\/pfanstiehl.com\/de\/geschichte\/"]}]},{"@type":"ImageObject","inLanguage":"de","@id":"https:\/\/pfanstiehl.com\/de\/geschichte\/#primaryimage","url":"https:\/\/pfanstiehl.com\/wp-content\/uploads\/2024\/06\/history.png","contentUrl":"https:\/\/pfanstiehl.com\/wp-content\/uploads\/2024\/06\/history.png"},{"@type":"BreadcrumbList","@id":"https:\/\/pfanstiehl.com\/de\/geschichte\/#breadcrumb","itemListElement":[{"@type":"ListItem","position":1,"name":"Home","item":"https:\/\/pfanstiehl.com\/de\/"},{"@type":"ListItem","position":2,"name":"Geschichte"}]},{"@type":"WebSite","@id":"https:\/\/pfanstiehl.com\/de\/#website","url":"https:\/\/pfanstiehl.com\/de\/","name":"Pfanstiehl","description":"","publisher":{"@id":"https:\/\/pfanstiehl.com\/de\/#organization"},"potentialAction":[{"@type":"SearchAction","target":{"@type":"EntryPoint","urlTemplate":"https:\/\/pfanstiehl.com\/de\/?s={search_term_string}"},"query-input":{"@type":"PropertyValueSpecification","valueRequired":true,"valueName":"search_term_string"}}],"inLanguage":"de"},{"@type":"Organization","@id":"https:\/\/pfanstiehl.com\/de\/#organization","name":"Pfanstiehl","url":"https:\/\/pfanstiehl.com\/de\/","logo":{"@type":"ImageObject","inLanguage":"de","@id":"https:\/\/pfanstiehl.com\/de\/#\/schema\/logo\/image\/","url":"https:\/\/pfanstiehl.com\/wp-content\/uploads\/2024\/06\/logo.png","contentUrl":"https:\/\/pfanstiehl.com\/wp-content\/uploads\/2024\/06\/logo.png","width":600,"height":85,"caption":"Pfanstiehl"},"image":{"@id":"https:\/\/pfanstiehl.com\/de\/#\/schema\/logo\/image\/"}}]}},"_links":{"self":[{"href":"https:\/\/pfanstiehl.com\/de\/wp-json\/wp\/v2\/pages\/1217","targetHints":{"allow":["GET"]}}],"collection":[{"href":"https:\/\/pfanstiehl.com\/de\/wp-json\/wp\/v2\/pages"}],"about":[{"href":"https:\/\/pfanstiehl.com\/de\/wp-json\/wp\/v2\/types\/page"}],"author":[{"embeddable":true,"href":"https:\/\/pfanstiehl.com\/de\/wp-json\/wp\/v2\/users\/1"}],"replies":[{"embeddable":true,"href":"https:\/\/pfanstiehl.com\/de\/wp-json\/wp\/v2\/comments?post=1217"}],"version-history":[{"count":5,"href":"https:\/\/pfanstiehl.com\/de\/wp-json\/wp\/v2\/pages\/1217\/revisions"}],"predecessor-version":[{"id":5103,"href":"https:\/\/pfanstiehl.com\/de\/wp-json\/wp\/v2\/pages\/1217\/revisions\/5103"}],"wp:attachment":[{"href":"https:\/\/pfanstiehl.com\/de\/wp-json\/wp\/v2\/media?parent=1217"}],"curies":[{"name":"wp","href":"https:\/\/api.w.org\/{rel}","templated":true}]}}